{"id":3,"date":"2025-10-05T08:29:41","date_gmt":"2025-10-05T08:29:41","guid":{"rendered":"https:\/\/dyspoo.store\/?page_id=3"},"modified":"2025-10-20T17:20:03","modified_gmt":"2025-10-20T17:20:03","slug":"privacy-policy","status":"publish","type":"page","link":"https:\/\/dyspoo.store\/?page_id=3","title":{"rendered":"Politique de Confidentialit\u00e9 et Remboursements"},"content":{"rendered":"\t\t<div data-elementor-type=\"wp-page\" data-elementor-id=\"3\" class=\"elementor elementor-3\">\n\t\t\t\t<div class=\"wd-negative-gap elementor-element elementor-element-24dddacc e-flex e-con-boxed e-con e-parent\" data-id=\"24dddacc\" data-element_type=\"container\" data-e-type=\"container\">\n\t\t\t\t\t<div class=\"e-con-inner\">\n\t\t\t\t<div class=\"elementor-element elementor-element-b9bf574 color-scheme-inherit text-left elementor-widget elementor-widget-text-editor\" data-id=\"b9bf574\" data-element_type=\"widget\" data-e-type=\"widget\" data-widget_type=\"text-editor.default\">\n\t\t\t\t\t\t\t\t\t\n<h2 class=\"wp-block-heading\"><\/h2>\n\n\n\n<p><\/p>\n\t\t\t\t\t\t\t\t<\/div>\n\t\t\t\t\t<\/div>\n\t\t\t\t<\/div>\n\t\t<div class=\"wd-negative-gap elementor-element elementor-element-432ea16 e-flex e-con-boxed e-con e-parent\" data-id=\"432ea16\" data-element_type=\"container\" data-e-type=\"container\">\n\t\t\t\t\t<div class=\"e-con-inner\">\n\t\t<div class=\"elementor-element elementor-element-3b5796b e-con-full e-flex e-con e-child\" data-id=\"3b5796b\" data-element_type=\"container\" data-e-type=\"container\">\n\t\t\t\t<\/div>\n\t\t<div class=\"elementor-element elementor-element-e873a32 e-con-full e-flex e-con e-child\" data-id=\"e873a32\" data-element_type=\"container\" data-e-type=\"container\">\n\t\t\t\t<div class=\"elementor-element elementor-element-abbe462 elementor-widget elementor-widget-wd_text_block\" data-id=\"abbe462\" data-element_type=\"widget\" data-e-type=\"widget\" data-widget_type=\"wd_text_block.default\">\n\t\t\t\t<div class=\"elementor-widget-container\">\n\t\t\t\t\t\t\t<div class=\"wd-text-block reset-last-child text-left\">\n\t\t\t\n\t\t\t<p data-start=\"350\" data-end=\"391\"><em data-start=\"350\" data-end=\"389\">(Derni\u00e8re mise \u00e0 jour : octobre 2025)<\/em><\/p>\n<p data-start=\"393\" data-end=\"610\">Chez <strong data-start=\"398\" data-end=\"408\">DYSPOO<\/strong>, ta <strong data-start=\"413\" data-end=\"426\">confiance<\/strong> est notre priorit\u00e9 absolue \ud83d\udc99<br data-start=\"456\" data-end=\"459\" \/>Nous faisons tout pour prot\u00e9ger tes donn\u00e9es personnelles, respecter ta vie priv\u00e9e et te garantir une exp\u00e9rience d\u2019achat simple, s\u00fbre et transparente.<\/p>\n<hr data-start=\"612\" data-end=\"615\" \/>\n<h2 data-start=\"617\" data-end=\"661\">\ud83d\udccb <strong data-start=\"623\" data-end=\"661\">1. Les donn\u00e9es que nous collectons<\/strong><\/h2>\n<p data-start=\"663\" data-end=\"750\">Afin de te servir au mieux, nous collectons uniquement les informations n\u00e9cessaires :<\/p>\n<ul data-start=\"751\" data-end=\"958\">\n<li data-start=\"751\" data-end=\"775\">\n<p data-start=\"753\" data-end=\"775\">\ud83d\udc64 <strong data-start=\"756\" data-end=\"773\">Nom et pr\u00e9nom<\/strong><\/p>\n<\/li>\n<li data-start=\"776\" data-end=\"802\">\n<p data-start=\"778\" data-end=\"802\">\ud83d\udcf1 <strong data-start=\"781\" data-end=\"800\">Num\u00e9ro WhatsApp<\/strong><\/p>\n<\/li>\n<li data-start=\"803\" data-end=\"841\">\n<p data-start=\"805\" data-end=\"841\">\ud83d\udce7 <strong data-start=\"808\" data-end=\"826\">Adresse e-mail<\/strong> (si fournie)<\/p>\n<\/li>\n<li data-start=\"842\" data-end=\"873\">\n<p data-start=\"844\" data-end=\"873\">\ud83d\udce6 <strong data-start=\"847\" data-end=\"871\">Adresse de livraison<\/strong><\/p>\n<\/li>\n<li data-start=\"874\" data-end=\"958\">\n<p data-start=\"876\" data-end=\"958\">\ud83c\udf10 <strong data-start=\"879\" data-end=\"904\">Donn\u00e9es de navigation<\/strong> (pages visit\u00e9es, dur\u00e9e de visite, interactions, etc.)<\/p>\n<\/li>\n<\/ul>\n<p data-start=\"960\" data-end=\"1087\">Ces informations sont collect\u00e9es via nos formulaires s\u00e9curis\u00e9s et ne sont <strong data-start=\"1034\" data-end=\"1070\">jamais utilis\u00e9es \u00e0 d\u2019autres fins<\/strong> sans ton accord.<\/p>\n<hr data-start=\"1089\" data-end=\"1092\" \/>\n<h2 data-start=\"1094\" data-end=\"1143\">\ud83c\udfaf <strong data-start=\"1100\" data-end=\"1143\">2. Pourquoi nous collectons ces donn\u00e9es<\/strong><\/h2>\n<p data-start=\"1145\" data-end=\"1170\">Tes donn\u00e9es servent \u00e0 :<\/p>\n<ul data-start=\"1171\" data-end=\"1450\">\n<li data-start=\"1171\" data-end=\"1208\">\n<p data-start=\"1173\" data-end=\"1208\">\ud83d\udecd\ufe0f Traiter et suivre ta commande<\/p>\n<\/li>\n<li data-start=\"1209\" data-end=\"1260\">\n<p data-start=\"1211\" data-end=\"1260\">\ud83d\udcac Communiquer avec toi (WhatsApp, SMS, appels)<\/p>\n<\/li>\n<li data-start=\"1261\" data-end=\"1308\">\n<p data-start=\"1263\" data-end=\"1308\">\ud83d\ude9a Suivre ta livraison jusqu\u2019\u00e0 ton domicile<\/p>\n<\/li>\n<li data-start=\"1309\" data-end=\"1381\">\n<p data-start=\"1311\" data-end=\"1381\">\ud83d\udc8c T\u2019envoyer des offres sp\u00e9ciales et promotions (si tu l\u2019as accept\u00e9)<\/p>\n<\/li>\n<li data-start=\"1382\" data-end=\"1450\">\n<p data-start=\"1384\" data-end=\"1450\">\ud83d\udcca Am\u00e9liorer ton exp\u00e9rience gr\u00e2ce \u00e0 des statistiques et analyses<\/p>\n<\/li>\n<\/ul>\n<p data-start=\"1452\" data-end=\"1534\">\ud83d\udc49 <strong data-start=\"1455\" data-end=\"1496\">Nous ne revendons jamais tes donn\u00e9es.<\/strong><br data-start=\"1496\" data-end=\"1499\" \/>Elles ne sont partag\u00e9es qu\u2019avec :<\/p>\n<ul data-start=\"1535\" data-end=\"1716\">\n<li data-start=\"1535\" data-end=\"1571\">\n<p data-start=\"1537\" data-end=\"1571\">Nos <strong data-start=\"1541\" data-end=\"1569\">partenaires de livraison<\/strong><\/p>\n<\/li>\n<li data-start=\"1572\" data-end=\"1716\">\n<p data-start=\"1574\" data-end=\"1716\">Nos <strong data-start=\"1578\" data-end=\"1605\">prestataires techniques<\/strong> (h\u00e9bergement, maintenance, outils marketing)<br data-start=\"1650\" data-end=\"1653\" \/>et toujours <strong data-start=\"1665\" data-end=\"1716\">de mani\u00e8re s\u00e9curis\u00e9e et limit\u00e9e \u00e0 nos services.<\/strong><\/p>\n<\/li>\n<\/ul>\n<hr data-start=\"1718\" data-end=\"1721\" \/>\n<h2 data-start=\"1723\" data-end=\"1762\">\u2696\ufe0f <strong data-start=\"1729\" data-end=\"1762\">3. Tes droits sur tes donn\u00e9es<\/strong><\/h2>\n<p data-start=\"1764\" data-end=\"1877\">Tu restes <strong data-start=\"1774\" data-end=\"1817\">ma\u00eetre de tes informations personnelles<\/strong> \ud83d\udcaa<br data-start=\"1820\" data-end=\"1823\" \/>\u00c0 tout moment, tu peux exercer les droits suivants :<\/p>\n<ul data-start=\"1878\" data-end=\"2237\">\n<li data-start=\"1878\" data-end=\"1944\">\n<p data-start=\"1880\" data-end=\"1944\">\ud83d\udd0d <strong data-start=\"1883\" data-end=\"1892\">Acc\u00e8s<\/strong> : conna\u00eetre les donn\u00e9es que nous d\u00e9tenons sur toi<\/p>\n<\/li>\n<li data-start=\"1945\" data-end=\"2014\">\n<p data-start=\"1947\" data-end=\"2014\">\u270f\ufe0f <strong data-start=\"1950\" data-end=\"1967\">Rectification<\/strong> : corriger ou mettre \u00e0 jour tes informations<\/p>\n<\/li>\n<li data-start=\"2015\" data-end=\"2079\">\n<p data-start=\"2017\" data-end=\"2079\">\ud83d\uddd1\ufe0f <strong data-start=\"2021\" data-end=\"2036\">Suppression<\/strong> : demander la suppression de tes donn\u00e9es<\/p>\n<\/li>\n<li data-start=\"2080\" data-end=\"2161\">\n<p data-start=\"2082\" data-end=\"2161\">\ud83d\udeab <strong data-start=\"2085\" data-end=\"2099\">Opposition<\/strong> : refuser certains traitements (par ex. les messages promo)<\/p>\n<\/li>\n<li data-start=\"2162\" data-end=\"2237\">\n<p data-start=\"2164\" data-end=\"2237\">\ud83d\udd04 <strong data-start=\"2167\" data-end=\"2182\">Portabilit\u00e9<\/strong> : r\u00e9cup\u00e9rer tes donn\u00e9es pour les transf\u00e9rer ailleurs<\/p>\n<\/li>\n<\/ul>\n<p data-start=\"2239\" data-end=\"2378\">\ud83d\udcde Pour exercer ces droits, contacte-nous simplement sur <strong data-start=\"2296\" data-end=\"2308\">WhatsApp<\/strong> ou par <strong data-start=\"2316\" data-end=\"2326\">e-mail<\/strong> \u00e0 l\u2019adresse officielle figurant sur le site DYSPOO.<\/p>\n<hr data-start=\"2380\" data-end=\"2383\" \/>\n<h2 data-start=\"2385\" data-end=\"2435\">\ud83d\udcb0 <strong data-start=\"2391\" data-end=\"2435\">4. Politique de remboursement et retours<\/strong><\/h2>\n<p data-start=\"2437\" data-end=\"2534\">Ta satisfaction, c\u2019est notre moteur \u2764\ufe0f<br data-start=\"2475\" data-end=\"2478\" \/>Mais pour garantir l\u2019\u00e9quit\u00e9 et la qualit\u00e9 du service :<\/p>\n<p data-start=\"2536\" data-end=\"2609\">\u2705 Le client <strong data-start=\"2548\" data-end=\"2596\">peut refuser le produit lors de la livraison<\/strong> s\u2019il est :<\/p>\n<ul data-start=\"2610\" data-end=\"2671\">\n<li data-start=\"2610\" data-end=\"2624\">\n<p data-start=\"2612\" data-end=\"2624\">endommag\u00e9,<\/p>\n<\/li>\n<li data-start=\"2625\" data-end=\"2636\">\n<p data-start=\"2627\" data-end=\"2636\">ouvert,<\/p>\n<\/li>\n<li data-start=\"2637\" data-end=\"2671\">\n<p data-start=\"2639\" data-end=\"2671\">ou non conforme \u00e0 la commande.<\/p>\n<\/li>\n<\/ul>\n<p data-start=\"2673\" data-end=\"2773\">\u274c <strong data-start=\"2675\" data-end=\"2708\">Aucun retour ni remboursement<\/strong> ne sera accept\u00e9 <strong data-start=\"2725\" data-end=\"2773\">apr\u00e8s acceptation du produit \u00e0 la livraison.<\/strong><\/p>\n<p data-start=\"2775\" data-end=\"2941\">En cas de d\u00e9saccord ou de litige, <strong data-start=\"2809\" data-end=\"2833\">une solution amiable<\/strong> \ud83e\udd1d sera toujours recherch\u00e9e <strong data-start=\"2862\" data-end=\"2877\">en priorit\u00e9<\/strong>, pour r\u00e9soudre la situation rapidement et dans la bonne humeur.<\/p>\n<hr data-start=\"2943\" data-end=\"2946\" \/>\n<h2 data-start=\"2948\" data-end=\"2998\">\ud83d\udee1\ufe0f <strong data-start=\"2955\" data-end=\"2998\">5. S\u00e9curit\u00e9 et conservation des donn\u00e9es<\/strong><\/h2>\n<p data-start=\"3000\" data-end=\"3174\">Nous mettons tout en \u0153uvre pour prot\u00e9ger tes donn\u00e9es \ud83d\udd10<br data-start=\"3055\" data-end=\"3058\" \/>Stockage s\u00e9curis\u00e9, acc\u00e8s limit\u00e9, syst\u00e8mes de protection\u2026 tout est mis en place pour garantir leur confidentialit\u00e9.<\/p>\n<p data-start=\"3176\" data-end=\"3286\">Les donn\u00e9es sont conserv\u00e9es <strong data-start=\"3204\" data-end=\"3227\">le temps n\u00e9cessaire<\/strong> \u00e0 leur utilisation, puis <strong data-start=\"3253\" data-end=\"3285\">supprim\u00e9es en toute s\u00e9curit\u00e9<\/strong>.<\/p>\n<hr data-start=\"3288\" data-end=\"3291\" \/>\n<h2 data-start=\"3293\" data-end=\"3338\">\ud83e\uddfe <strong data-start=\"3299\" data-end=\"3338\">6. Modifications de cette politique<\/strong><\/h2>\n<p data-start=\"3340\" data-end=\"3574\">Cette politique peut \u00e9voluer \u00e0 tout moment pour suivre les lois ou nos nouvelles pratiques.<br data-start=\"3431\" data-end=\"3434\" \/>La <strong data-start=\"3437\" data-end=\"3457\">derni\u00e8re version<\/strong> est toujours disponible sur notre site \ud83c\udf0d.<br data-start=\"3500\" data-end=\"3503\" \/>Nous te recommandons de la consulter r\u00e9guli\u00e8rement pour rester inform\u00e9.<\/p>\n<hr data-start=\"3576\" data-end=\"3579\" \/>\n<h2 data-start=\"3581\" data-end=\"3605\">\ud83d\udcde <strong data-start=\"3587\" data-end=\"3605\">Contact DYSPOO<\/strong><\/h2>\n<p data-start=\"3607\" data-end=\"3687\">Tu as une question, une demande ou un souci ?<br data-start=\"3652\" data-end=\"3655\" \/>Nous sommes l\u00e0 pour t\u2019aider \ud83d\udc47<\/p>\n<p data-start=\"3689\" data-end=\"3770\">\ud83d\udcf1 <strong data-start=\"3692\" data-end=\"3731\">WhatsApp : [+229 01 94 42 91 54]<\/strong><br data-start=\"3731\" data-end=\"3734\" \/>\ud83d\udce7 <strong data-start=\"3737\" data-end=\"3770\">E-mail : contact@dyspoo.store<\/strong><\/p>\n<hr data-start=\"3772\" data-end=\"3775\" \/>\n<p data-start=\"3777\" data-end=\"3904\">\u2728 <strong data-start=\"3779\" data-end=\"3855\">Chez DYSPOO, ta tranquillit\u00e9 et ta confiance sont entre de bonnes mains.<\/strong><br data-start=\"3855\" data-end=\"3858\" \/>Merci de faire partie de notre communaut\u00e9 \ud83d\udc99<\/p>\n\n\t\t\t\t\t<\/div>\n\t\t\t\t\t\t<\/div>\n\t\t\t\t<\/div>\n\t\t\t\t<\/div>\n\t\t<div class=\"elementor-element elementor-element-2b287bf e-con-full e-flex e-con e-child\" data-id=\"2b287bf\" data-element_type=\"container\" data-e-type=\"container\">\n\t\t\t\t<\/div>\n\t\t\t\t\t<\/div>\n\t\t\t\t<\/div>\n\t\t\t\t<\/div>\n\t\t","protected":false},"excerpt":{"rendered":"","protected":false},"author":1,"featured_media":0,"parent":0,"menu_order":0,"comment_status":"closed","ping_status":"closed","template":"","meta":{"footnotes":""},"class_list":["post-3","page","type-page","status-publish","hentry"],"yoast_head":"<!-- This site is optimized with the Yoast SEO plugin v27.3 - https:\/\/yoast.com\/product\/yoast-seo-wordpress\/ -->\n<title>Politique de Confidentialit\u00e9 et Remboursements - DYSPOO<\/title>\n<meta name=\"robots\" content=\"index, follow, max-snippet:-1, max-image-preview:large, max-video-preview:-1\" \/>\n<link rel=\"canonical\" href=\"https:\/\/dyspoo.store\/?page_id=3\" \/>\n<meta property=\"og:locale\" content=\"fr_FR\" \/>\n<meta property=\"og:type\" content=\"article\" \/>\n<meta property=\"og:title\" content=\"Politique de Confidentialit\u00e9 et Remboursements - DYSPOO\" \/>\n<meta property=\"og:url\" content=\"https:\/\/dyspoo.store\/?page_id=3\" \/>\n<meta property=\"og:site_name\" content=\"DYSPOO\" \/>\n<meta property=\"article:modified_time\" content=\"2025-10-20T17:20:03+00:00\" \/>\n<meta name=\"twitter:card\" content=\"summary_large_image\" \/>\n<meta name=\"twitter:label1\" content=\"Dur\u00e9e de lecture estim\u00e9e\" \/>\n\t<meta name=\"twitter:data1\" content=\"3 minutes\" \/>\n<script type=\"application\/ld+json\" class=\"yoast-schema-graph\">{\"@context\":\"https:\\\/\\\/schema.org\",\"@graph\":[{\"@type\":\"WebPage\",\"@id\":\"https:\\\/\\\/dyspoo.store\\\/?page_id=3\",\"url\":\"https:\\\/\\\/dyspoo.store\\\/?page_id=3\",\"name\":\"Politique de Confidentialit\u00e9 et Remboursements - DYSPOO\",\"isPartOf\":{\"@id\":\"https:\\\/\\\/dyspoo.store\\\/#website\"},\"datePublished\":\"2025-10-05T08:29:41+00:00\",\"dateModified\":\"2025-10-20T17:20:03+00:00\",\"breadcrumb\":{\"@id\":\"https:\\\/\\\/dyspoo.store\\\/?page_id=3#breadcrumb\"},\"inLanguage\":\"fr-FR\",\"potentialAction\":[{\"@type\":\"ReadAction\",\"target\":[\"https:\\\/\\\/dyspoo.store\\\/?page_id=3\"]}]},{\"@type\":\"BreadcrumbList\",\"@id\":\"https:\\\/\\\/dyspoo.store\\\/?page_id=3#breadcrumb\",\"itemListElement\":[{\"@type\":\"ListItem\",\"position\":1,\"name\":\"Accueil\",\"item\":\"https:\\\/\\\/dyspoo.store\\\/\"},{\"@type\":\"ListItem\",\"position\":2,\"name\":\"Politique de Confidentialit\u00e9 et Remboursements\"}]},{\"@type\":\"WebSite\",\"@id\":\"https:\\\/\\\/dyspoo.store\\\/#website\",\"url\":\"https:\\\/\\\/dyspoo.store\\\/\",\"name\":\"DYSPOO\",\"description\":\"DYSPOO\",\"potentialAction\":[{\"@type\":\"SearchAction\",\"target\":{\"@type\":\"EntryPoint\",\"urlTemplate\":\"https:\\\/\\\/dyspoo.store\\\/?s={search_term_string}\"},\"query-input\":{\"@type\":\"PropertyValueSpecification\",\"valueRequired\":true,\"valueName\":\"search_term_string\"}}],\"inLanguage\":\"fr-FR\"}]}<\/script>\n<!-- \/ Yoast SEO plugin. -->","yoast_head_json":{"title":"Politique de Confidentialit\u00e9 et Remboursements - DYSPOO","robots":{"index":"index","follow":"follow","max-snippet":"max-snippet:-1","max-image-preview":"max-image-preview:large","max-video-preview":"max-video-preview:-1"},"canonical":"https:\/\/dyspoo.store\/?page_id=3","og_locale":"fr_FR","og_type":"article","og_title":"Politique de Confidentialit\u00e9 et Remboursements - DYSPOO","og_url":"https:\/\/dyspoo.store\/?page_id=3","og_site_name":"DYSPOO","article_modified_time":"2025-10-20T17:20:03+00:00","twitter_card":"summary_large_image","twitter_misc":{"Dur\u00e9e de lecture estim\u00e9e":"3 minutes"},"schema":{"@context":"https:\/\/schema.org","@graph":[{"@type":"WebPage","@id":"https:\/\/dyspoo.store\/?page_id=3","url":"https:\/\/dyspoo.store\/?page_id=3","name":"Politique de Confidentialit\u00e9 et Remboursements - DYSPOO","isPartOf":{"@id":"https:\/\/dyspoo.store\/#website"},"datePublished":"2025-10-05T08:29:41+00:00","dateModified":"2025-10-20T17:20:03+00:00","breadcrumb":{"@id":"https:\/\/dyspoo.store\/?page_id=3#breadcrumb"},"inLanguage":"fr-FR","potentialAction":[{"@type":"ReadAction","target":["https:\/\/dyspoo.store\/?page_id=3"]}]},{"@type":"BreadcrumbList","@id":"https:\/\/dyspoo.store\/?page_id=3#breadcrumb","itemListElement":[{"@type":"ListItem","position":1,"name":"Accueil","item":"https:\/\/dyspoo.store\/"},{"@type":"ListItem","position":2,"name":"Politique de Confidentialit\u00e9 et Remboursements"}]},{"@type":"WebSite","@id":"https:\/\/dyspoo.store\/#website","url":"https:\/\/dyspoo.store\/","name":"DYSPOO","description":"DYSPOO","potentialAction":[{"@type":"SearchAction","target":{"@type":"EntryPoint","urlTemplate":"https:\/\/dyspoo.store\/?s={search_term_string}"},"query-input":{"@type":"PropertyValueSpecification","valueRequired":true,"valueName":"search_term_string"}}],"inLanguage":"fr-FR"}]}},"jetpack_sharing_enabled":true,"_links":{"self":[{"href":"https:\/\/dyspoo.store\/index.php?rest_route=\/wp\/v2\/pages\/3","targetHints":{"allow":["GET"]}}],"collection":[{"href":"https:\/\/dyspoo.store\/index.php?rest_route=\/wp\/v2\/pages"}],"about":[{"href":"https:\/\/dyspoo.store\/index.php?rest_route=\/wp\/v2\/types\/page"}],"author":[{"embeddable":true,"href":"https:\/\/dyspoo.store\/index.php?rest_route=\/wp\/v2\/users\/1"}],"replies":[{"embeddable":true,"href":"https:\/\/dyspoo.store\/index.php?rest_route=%2Fwp%2Fv2%2Fcomments&post=3"}],"version-history":[{"count":7,"href":"https:\/\/dyspoo.store\/index.php?rest_route=\/wp\/v2\/pages\/3\/revisions"}],"predecessor-version":[{"id":29302,"href":"https:\/\/dyspoo.store\/index.php?rest_route=\/wp\/v2\/pages\/3\/revisions\/29302"}],"wp:attachment":[{"href":"https:\/\/dyspoo.store\/index.php?rest_route=%2Fwp%2Fv2%2Fmedia&parent=3"}],"curies":[{"name":"wp","href":"https:\/\/api.w.org\/{rel}","templated":true}]}}