{"id":4400,"date":"2021-10-12T15:51:09","date_gmt":"2021-10-12T15:51:09","guid":{"rendered":"http:\/\/dummy.xtemos.com\/woodmart2\/elementor\/?page_id=4400"},"modified":"2025-11-21T07:39:36","modified_gmt":"2025-11-21T07:39:36","slug":"about-us-3","status":"publish","type":"page","link":"https:\/\/dyspoo.store\/?page_id=4400","title":{"rendered":"About us"},"content":{"rendered":"\t\t<div data-elementor-type=\"wp-page\" data-elementor-id=\"4400\" class=\"elementor elementor-4400\">\n\t\t\t\t<div class=\"wd-negative-gap elementor-element elementor-element-3e7882a e-flex e-con-boxed e-con e-parent\" data-id=\"3e7882a\" data-element_type=\"container\" data-e-type=\"container\">\n\t\t\t\t\t<div class=\"e-con-inner\">\n\t\t<div class=\"elementor-element elementor-element-3af2e46 e-con-full e-flex e-con e-child\" data-id=\"3af2e46\" data-element_type=\"container\" data-e-type=\"container\">\n\t\t\t\t<\/div>\n\t\t<div class=\"elementor-element elementor-element-e199a3c e-con-full e-flex e-con e-child\" data-id=\"e199a3c\" data-element_type=\"container\" data-e-type=\"container\">\n\t\t\t\t<div class=\"elementor-element elementor-element-0272ee9 elementor-widget elementor-widget-heading\" data-id=\"0272ee9\" data-element_type=\"widget\" data-e-type=\"widget\" data-widget_type=\"heading.default\">\n\t\t\t\t\t<h2 class=\"elementor-heading-title elementor-size-default\">\u00c0 PROPOS DE DYSPOO<\/h2>\t\t\t\t<\/div>\n\t\t\t\t<div class=\"elementor-element elementor-element-9aede04 elementor-widget elementor-widget-wd_text_block\" data-id=\"9aede04\" data-element_type=\"widget\" data-e-type=\"widget\" data-widget_type=\"wd_text_block.default\">\n\t\t\t\t<div class=\"elementor-widget-container\">\n\t\t\t\t\t\t\t<div class=\"wd-text-block reset-last-child text-center\">\n\t\t\t\n\t\t\t<p dir=\"ltr\">L'achat en ligne doit \u00eatre un moment agr\u00e9able, sans stress et efficace. Nous avons donc tout repens\u00e9 pour vous offrir une exp\u00e9rience qui respecte votre temps et votre s\u00e9r\u00e9nit\u00e9.<\/p><p>\u00a0<\/p><p dir=\"ltr\">\ud83d\udd12\u00a0<\/p><p dir=\"ltr\">Votre s\u00e9curit\u00e9 est notre fondement. De la navigation au paiement, chaque interaction sur notre site est s\u00e9curis\u00e9e pour prot\u00e9ger vos informations et garantir votre tranquillit\u00e9 d'esprit.<\/p><p>\u00a0<\/p><p dir=\"ltr\">\u26a1\u00a0<\/p><p dir=\"ltr\">Votre impatience, nous la comprenons ! D\u00e8s r\u00e9ception de votre commande, l'\u00e9quipe s'active pour que votre colis soit exp\u00e9di\u00e9 sous 24h. Besoin de le recevoir encore plus vite ? Optez pour notre livraison express.<\/p><p>\u00a0<\/p><p dir=\"ltr\">\ud83c\udfaf\u00a0<\/p><p dir=\"ltr\">Pas de parcours compliqu\u00e9. Notre site est con\u00e7u pour que vous trouviez et commandiez en quelques clics l'article parfait pour r\u00e9pondre \u00e0 votre besoin.<\/p>\n\t\t\t\t\t<\/div>\n\t\t\t\t\t\t<\/div>\n\t\t\t\t<\/div>\n\t\t\t\t<\/div>\n\t\t<div class=\"elementor-element elementor-element-50e8471 e-con-full e-flex e-con e-child\" data-id=\"50e8471\" data-element_type=\"container\" data-e-type=\"container\">\n\t\t\t\t<\/div>\n\t\t\t\t\t<\/div>\n\t\t\t\t<\/div>\n\t\t\t\t<\/div>\n\t\t","protected":false},"excerpt":{"rendered":"<p>DEVELOPED BY XTEMOS STUDIO @ 2021. We work through every aspect at the planning WE DO IT FOR YOU WITH<\/p>\n","protected":false},"author":1,"featured_media":0,"parent":0,"menu_order":0,"comment_status":"closed","ping_status":"closed","template":"","meta":{"footnotes":""},"class_list":["post-4400","page","type-page","status-publish","hentry"],"yoast_head":"<!-- This site is optimized with the Yoast SEO plugin v27.3 - https:\/\/yoast.com\/product\/yoast-seo-wordpress\/ -->\n<title>About us - DYSPOO<\/title>\n<meta name=\"robots\" content=\"index, follow, max-snippet:-1, max-image-preview:large, max-video-preview:-1\" \/>\n<link rel=\"canonical\" href=\"https:\/\/dyspoo.store\/?page_id=4400\" \/>\n<meta property=\"og:locale\" content=\"fr_FR\" \/>\n<meta property=\"og:type\" content=\"article\" \/>\n<meta property=\"og:title\" content=\"About us - DYSPOO\" \/>\n<meta property=\"og:description\" content=\"DEVELOPED BY XTEMOS STUDIO @ 2021. We work through every aspect at the planning WE DO IT FOR YOU WITH\" \/>\n<meta property=\"og:url\" content=\"https:\/\/dyspoo.store\/?page_id=4400\" \/>\n<meta property=\"og:site_name\" content=\"DYSPOO\" \/>\n<meta property=\"article:modified_time\" content=\"2025-11-21T07:39:36+00:00\" \/>\n<meta name=\"twitter:card\" content=\"summary_large_image\" \/>\n<meta name=\"twitter:label1\" content=\"Dur\u00e9e de lecture estim\u00e9e\" \/>\n\t<meta name=\"twitter:data1\" content=\"1 minute\" \/>\n<script type=\"application\/ld+json\" class=\"yoast-schema-graph\">{\"@context\":\"https:\\\/\\\/schema.org\",\"@graph\":[{\"@type\":\"WebPage\",\"@id\":\"https:\\\/\\\/dyspoo.store\\\/?page_id=4400\",\"url\":\"https:\\\/\\\/dyspoo.store\\\/?page_id=4400\",\"name\":\"About us - DYSPOO\",\"isPartOf\":{\"@id\":\"https:\\\/\\\/dyspoo.store\\\/#website\"},\"datePublished\":\"2021-10-12T15:51:09+00:00\",\"dateModified\":\"2025-11-21T07:39:36+00:00\",\"breadcrumb\":{\"@id\":\"https:\\\/\\\/dyspoo.store\\\/?page_id=4400#breadcrumb\"},\"inLanguage\":\"fr-FR\",\"potentialAction\":[{\"@type\":\"ReadAction\",\"target\":[\"https:\\\/\\\/dyspoo.store\\\/?page_id=4400\"]}]},{\"@type\":\"BreadcrumbList\",\"@id\":\"https:\\\/\\\/dyspoo.store\\\/?page_id=4400#breadcrumb\",\"itemListElement\":[{\"@type\":\"ListItem\",\"position\":1,\"name\":\"Accueil\",\"item\":\"https:\\\/\\\/dyspoo.store\\\/\"},{\"@type\":\"ListItem\",\"position\":2,\"name\":\"About us\"}]},{\"@type\":\"WebSite\",\"@id\":\"https:\\\/\\\/dyspoo.store\\\/#website\",\"url\":\"https:\\\/\\\/dyspoo.store\\\/\",\"name\":\"DYSPOO\",\"description\":\"DYSPOO\",\"potentialAction\":[{\"@type\":\"SearchAction\",\"target\":{\"@type\":\"EntryPoint\",\"urlTemplate\":\"https:\\\/\\\/dyspoo.store\\\/?s={search_term_string}\"},\"query-input\":{\"@type\":\"PropertyValueSpecification\",\"valueRequired\":true,\"valueName\":\"search_term_string\"}}],\"inLanguage\":\"fr-FR\"}]}<\/script>\n<!-- \/ Yoast SEO plugin. -->","yoast_head_json":{"title":"About us - DYSPOO","robots":{"index":"index","follow":"follow","max-snippet":"max-snippet:-1","max-image-preview":"max-image-preview:large","max-video-preview":"max-video-preview:-1"},"canonical":"https:\/\/dyspoo.store\/?page_id=4400","og_locale":"fr_FR","og_type":"article","og_title":"About us - DYSPOO","og_description":"DEVELOPED BY XTEMOS STUDIO @ 2021. We work through every aspect at the planning WE DO IT FOR YOU WITH","og_url":"https:\/\/dyspoo.store\/?page_id=4400","og_site_name":"DYSPOO","article_modified_time":"2025-11-21T07:39:36+00:00","twitter_card":"summary_large_image","twitter_misc":{"Dur\u00e9e de lecture estim\u00e9e":"1 minute"},"schema":{"@context":"https:\/\/schema.org","@graph":[{"@type":"WebPage","@id":"https:\/\/dyspoo.store\/?page_id=4400","url":"https:\/\/dyspoo.store\/?page_id=4400","name":"About us - DYSPOO","isPartOf":{"@id":"https:\/\/dyspoo.store\/#website"},"datePublished":"2021-10-12T15:51:09+00:00","dateModified":"2025-11-21T07:39:36+00:00","breadcrumb":{"@id":"https:\/\/dyspoo.store\/?page_id=4400#breadcrumb"},"inLanguage":"fr-FR","potentialAction":[{"@type":"ReadAction","target":["https:\/\/dyspoo.store\/?page_id=4400"]}]},{"@type":"BreadcrumbList","@id":"https:\/\/dyspoo.store\/?page_id=4400#breadcrumb","itemListElement":[{"@type":"ListItem","position":1,"name":"Accueil","item":"https:\/\/dyspoo.store\/"},{"@type":"ListItem","position":2,"name":"About us"}]},{"@type":"WebSite","@id":"https:\/\/dyspoo.store\/#website","url":"https:\/\/dyspoo.store\/","name":"DYSPOO","description":"DYSPOO","potentialAction":[{"@type":"SearchAction","target":{"@type":"EntryPoint","urlTemplate":"https:\/\/dyspoo.store\/?s={search_term_string}"},"query-input":{"@type":"PropertyValueSpecification","valueRequired":true,"valueName":"search_term_string"}}],"inLanguage":"fr-FR"}]}},"jetpack_sharing_enabled":true,"_links":{"self":[{"href":"https:\/\/dyspoo.store\/index.php?rest_route=\/wp\/v2\/pages\/4400","targetHints":{"allow":["GET"]}}],"collection":[{"href":"https:\/\/dyspoo.store\/index.php?rest_route=\/wp\/v2\/pages"}],"about":[{"href":"https:\/\/dyspoo.store\/index.php?rest_route=\/wp\/v2\/types\/page"}],"author":[{"embeddable":true,"href":"https:\/\/dyspoo.store\/index.php?rest_route=\/wp\/v2\/users\/1"}],"replies":[{"embeddable":true,"href":"https:\/\/dyspoo.store\/index.php?rest_route=%2Fwp%2Fv2%2Fcomments&post=4400"}],"version-history":[{"count":5,"href":"https:\/\/dyspoo.store\/index.php?rest_route=\/wp\/v2\/pages\/4400\/revisions"}],"predecessor-version":[{"id":29453,"href":"https:\/\/dyspoo.store\/index.php?rest_route=\/wp\/v2\/pages\/4400\/revisions\/29453"}],"wp:attachment":[{"href":"https:\/\/dyspoo.store\/index.php?rest_route=%2Fwp%2Fv2%2Fmedia&parent=4400"}],"curies":[{"name":"wp","href":"https:\/\/api.w.org\/{rel}","templated":true}]}}