{"id":29322,"date":"2025-10-21T16:18:53","date_gmt":"2025-10-21T16:18:53","guid":{"rendered":"https:\/\/dyspoo.store\/?post_type=product&#038;p=29322"},"modified":"2026-03-10T00:40:13","modified_gmt":"2026-03-10T00:40:13","slug":"miroir-dangle-mort-2-pcs-type-ventouse-aucune-colle-requise","status":"publish","type":"product","link":"https:\/\/dyspoo.store\/?product=miroir-dangle-mort-2-pcs-type-ventouse-aucune-colle-requise","title":{"rendered":"Miroir D&rsquo;Angle Mort 2 Pcs, type ventouse + Crystal Coating"},"content":{"rendered":"\t\t<div data-elementor-type=\"wp-post\" data-elementor-id=\"29322\" class=\"elementor elementor-29322\">\n\t\t\t\t<div class=\"wd-negative-gap elementor-element elementor-element-7ba917d e-flex e-con-boxed e-con e-parent\" data-id=\"7ba917d\" data-element_type=\"container\" data-e-type=\"container\">\n\t\t\t\t\t<div class=\"e-con-inner\">\n\t\t<div class=\"elementor-element elementor-element-836b10c e-con-full e-flex e-con e-child\" data-id=\"836b10c\" data-element_type=\"container\" data-e-type=\"container\">\n\t\t\t\t<div class=\"elementor-element elementor-element-92c0d6d elementor-widget elementor-widget-wd_text_block\" data-id=\"92c0d6d\" data-element_type=\"widget\" data-e-type=\"widget\" data-widget_type=\"wd_text_block.default\">\n\t\t\t\t<div class=\"elementor-widget-container\">\n\t\t\t\t\t\t\t<div class=\"wd-text-block reset-last-child text-left\">\n\t\t\t\n\t\t\t<h4><strong>\u00c0 propos de cet article<\/strong><\/h4><p><img loading=\"lazy\" decoding=\"async\" class=\"aligncenter wp-image-29373 size-large\" src=\"https:\/\/dyspoo.store\/wp-content\/uploads\/2025\/11\/Picsart_24-10-19_18-48-16-343-800x800.jpg\" alt=\"\" width=\"800\" height=\"800\" srcset=\"https:\/\/dyspoo.store\/wp-content\/uploads\/2025\/11\/Picsart_24-10-19_18-48-16-343-800x800.jpg 800w, https:\/\/dyspoo.store\/wp-content\/uploads\/2025\/11\/Picsart_24-10-19_18-48-16-343-300x300.jpg 300w, https:\/\/dyspoo.store\/wp-content\/uploads\/2025\/11\/Picsart_24-10-19_18-48-16-343-150x150.jpg 150w, https:\/\/dyspoo.store\/wp-content\/uploads\/2025\/11\/Picsart_24-10-19_18-48-16-343-768x768.jpg 768w, https:\/\/dyspoo.store\/wp-content\/uploads\/2025\/11\/Picsart_24-10-19_18-48-16-343-430x430.jpg 430w, https:\/\/dyspoo.store\/wp-content\/uploads\/2025\/11\/Picsart_24-10-19_18-48-16-343-700x700.jpg 700w, https:\/\/dyspoo.store\/wp-content\/uploads\/2025\/11\/Picsart_24-10-19_18-48-16-343.jpg 1440w\" sizes=\"auto, (max-width: 800px) 100vw, 800px\" \/><\/p><p><img loading=\"lazy\" decoding=\"async\" class=\"wp-image-29374 size-large aligncenter\" src=\"https:\/\/dyspoo.store\/wp-content\/uploads\/2025\/11\/mirrouiuh-800x800.png\" alt=\"\" width=\"800\" height=\"800\" srcset=\"https:\/\/dyspoo.store\/wp-content\/uploads\/2025\/11\/mirrouiuh-800x800.png 800w, https:\/\/dyspoo.store\/wp-content\/uploads\/2025\/11\/mirrouiuh-300x300.png 300w, https:\/\/dyspoo.store\/wp-content\/uploads\/2025\/11\/mirrouiuh-150x150.png 150w, https:\/\/dyspoo.store\/wp-content\/uploads\/2025\/11\/mirrouiuh-768x768.png 768w, https:\/\/dyspoo.store\/wp-content\/uploads\/2025\/11\/mirrouiuh-430x430.png 430w, https:\/\/dyspoo.store\/wp-content\/uploads\/2025\/11\/mirrouiuh-700x700.png 700w, https:\/\/dyspoo.store\/wp-content\/uploads\/2025\/11\/mirrouiuh.png 1500w\" sizes=\"auto, (max-width: 800px) 100vw, 800px\" \/><\/p><p>L'objectif grand angle convexe peut \u00eatre install\u00e9 et test\u00e9 en quelques secondes - il est tr\u00e8s facile \u00e0 installer et ne prend que quelques secondes \u00e0 tester. Adh\u00e9sif puissant : imperm\u00e9able, facile \u00e0 installer, solide, le r\u00e9troviseur ne se d\u00e9tache pas facilement.<\/p>\n\t\t\t\t\t<\/div>\n\t\t\t\t\t\t<\/div>\n\t\t\t\t<\/div>\n\t\t\t\t<\/div>\n\t\t<div class=\"elementor-element elementor-element-e91f64e e-con-full e-flex e-con e-child\" data-id=\"e91f64e\" data-element_type=\"container\" data-e-type=\"container\">\n\t\t\t\t<div class=\"elementor-element elementor-element-10196b0 elementor-widget elementor-widget-wd_text_block\" data-id=\"10196b0\" data-element_type=\"widget\" data-e-type=\"widget\" data-widget_type=\"wd_text_block.default\">\n\t\t\t\t<div class=\"elementor-widget-container\">\n\t\t\t\t\t\t\t<div class=\"wd-text-block reset-last-child text-left\">\n\t\t\t\n\t\t\t<h4><strong>Visibilit\u00e9 totale<\/strong><\/h4><p><img loading=\"lazy\" decoding=\"async\" class=\"aligncenter wp-image-29330 size-large\" src=\"https:\/\/dyspoo.store\/wp-content\/uploads\/2025\/10\/Les-angles-morts-490x800.jpg\" alt=\"\" width=\"490\" height=\"800\" srcset=\"https:\/\/dyspoo.store\/wp-content\/uploads\/2025\/10\/Les-angles-morts-490x800.jpg 490w, https:\/\/dyspoo.store\/wp-content\/uploads\/2025\/10\/Les-angles-morts-184x300.jpg 184w, https:\/\/dyspoo.store\/wp-content\/uploads\/2025\/10\/Les-angles-morts-768x1253.jpg 768w, https:\/\/dyspoo.store\/wp-content\/uploads\/2025\/10\/Les-angles-morts-430x702.jpg 430w, https:\/\/dyspoo.store\/wp-content\/uploads\/2025\/10\/Les-angles-morts-700x1142.jpg 700w, https:\/\/dyspoo.store\/wp-content\/uploads\/2025\/10\/Les-angles-morts-150x245.jpg 150w, https:\/\/dyspoo.store\/wp-content\/uploads\/2025\/10\/Les-angles-morts.jpg 790w\" sizes=\"auto, (max-width: 490px) 100vw, 490px\" \/><\/p><p>Con\u00e7u pour la taille et la courbure pour obtenir le meilleur rapport d'image maximale tout en couvrant la plus petite zone du r\u00e9troviseur de la voiture, am\u00e9liorant votre exp\u00e9rience de conduite.<\/p>\n\t\t\t\t\t<\/div>\n\t\t\t\t\t\t<\/div>\n\t\t\t\t<\/div>\n\t\t\t\t<div class=\"elementor-element elementor-element-ea943e2 elementor-widget elementor-widget-wd_text_block\" data-id=\"ea943e2\" data-element_type=\"widget\" data-e-type=\"widget\" data-widget_type=\"wd_text_block.default\">\n\t\t\t\t<div class=\"elementor-widget-container\">\n\t\t\t\t\t\t\t<div class=\"wd-text-block reset-last-child text-left\">\n\t\t\t\n\t\t\t\n\t\t\t\t\t<\/div>\n\t\t\t\t\t\t<\/div>\n\t\t\t\t<\/div>\n\t\t\t\t<\/div>\n\t\t<div class=\"elementor-element elementor-element-3a86271 e-con-full e-flex e-con e-child\" data-id=\"3a86271\" data-element_type=\"container\" data-e-type=\"container\">\n\t\t\t\t<div class=\"elementor-element elementor-element-1cb5edc elementor-widget elementor-widget-wd_text_block\" data-id=\"1cb5edc\" data-element_type=\"widget\" data-e-type=\"widget\" data-widget_type=\"wd_text_block.default\">\n\t\t\t\t<div class=\"elementor-widget-container\">\n\t\t\t\t\t\t\t<div class=\"wd-text-block reset-last-child text-left\">\n\t\t\t\n\t\t\t<h4><strong>Tr\u00e8s facile \u00e0 utiliser<\/strong><\/h4><p><img loading=\"lazy\" decoding=\"async\" class=\"wp-image-29336 size-large\" src=\"https:\/\/dyspoo.store\/wp-content\/uploads\/2025\/10\/Picsart_24-10-19_20-30-11-407-800x800.jpg\" alt=\"\" width=\"800\" height=\"800\" srcset=\"https:\/\/dyspoo.store\/wp-content\/uploads\/2025\/10\/Picsart_24-10-19_20-30-11-407-800x800.jpg 800w, https:\/\/dyspoo.store\/wp-content\/uploads\/2025\/10\/Picsart_24-10-19_20-30-11-407-300x300.jpg 300w, https:\/\/dyspoo.store\/wp-content\/uploads\/2025\/10\/Picsart_24-10-19_20-30-11-407-150x150.jpg 150w, https:\/\/dyspoo.store\/wp-content\/uploads\/2025\/10\/Picsart_24-10-19_20-30-11-407-768x768.jpg 768w, https:\/\/dyspoo.store\/wp-content\/uploads\/2025\/10\/Picsart_24-10-19_20-30-11-407-430x430.jpg 430w, https:\/\/dyspoo.store\/wp-content\/uploads\/2025\/10\/Picsart_24-10-19_20-30-11-407-700x700.jpg 700w, https:\/\/dyspoo.store\/wp-content\/uploads\/2025\/10\/Picsart_24-10-19_20-30-11-407.jpg 1500w\" sizes=\"auto, (max-width: 800px) 100vw, 800px\" \/><\/p><h4>\u00a0<\/h4><p><img loading=\"lazy\" decoding=\"async\" class=\"wp-image-29375 size-large aligncenter\" src=\"https:\/\/dyspoo.store\/wp-content\/uploads\/2025\/11\/Mirrrk-800x800.png\" alt=\"\" width=\"800\" height=\"800\" srcset=\"https:\/\/dyspoo.store\/wp-content\/uploads\/2025\/11\/Mirrrk-800x800.png 800w, https:\/\/dyspoo.store\/wp-content\/uploads\/2025\/11\/Mirrrk-300x300.png 300w, https:\/\/dyspoo.store\/wp-content\/uploads\/2025\/11\/Mirrrk-150x150.png 150w, https:\/\/dyspoo.store\/wp-content\/uploads\/2025\/11\/Mirrrk-768x768.png 768w, https:\/\/dyspoo.store\/wp-content\/uploads\/2025\/11\/Mirrrk-430x430.png 430w, https:\/\/dyspoo.store\/wp-content\/uploads\/2025\/11\/Mirrrk-700x700.png 700w, https:\/\/dyspoo.store\/wp-content\/uploads\/2025\/11\/Mirrrk.png 1500w\" sizes=\"auto, (max-width: 800px) 100vw, 800px\" \/><\/p><p>Il est tr\u00e8s facile \u00e0 installer et \u00e0 retirer sans endommager le r\u00e9troviseur.<\/p><p>Veuillez nettoyer votre r\u00e9troviseur d'origine et fixer le r\u00e9troviseur d'angle mort sur le r\u00e9troviseur lat\u00e9ral.<\/p>\n\t\t\t\t\t<\/div>\n\t\t\t\t\t\t<\/div>\n\t\t\t\t<\/div>\n\t\t\t\t<\/div>\n\t\t\t\t\t<\/div>\n\t\t\t\t<\/div>\n\t\t\t\t<\/div>\n\t\t","protected":false},"excerpt":{"rendered":"<p>Nos r\u00e9troviseurs d&rsquo;angle mort sont fabriqu\u00e9s en verre cristal haute d\u00e9finition pour offrir une vue claire et d\u00e9taill\u00e9e. Imperm\u00e9able, antirouille et antibu\u00e9e, assurant une visibilit\u00e9 optimale dans toutes les conditions m\u00e9t\u00e9orologiques<\/p>\n","protected":false},"featured_media":29368,"comment_status":"open","ping_status":"closed","template":"","meta":[],"product_brand":[126],"product_cat":[74],"product_tag":[],"class_list":{"0":"post-29322","1":"product","2":"type-product","3":"status-publish","4":"has-post-thumbnail","6":"product_brand-dyspoo","7":"product_cat-accessoires","9":"first","10":"instock","11":"sale","12":"shipping-taxable","13":"purchasable","14":"product-type-simple"},"yoast_head":"<!-- This site is optimized with the Yoast SEO plugin v27.5 - https:\/\/yoast.com\/product\/yoast-seo-wordpress\/ -->\n<title>Miroir D&#039;Angle Mort 2 Pcs, type ventouse + Crystal Coating - DYSPOO<\/title>\n<meta name=\"robots\" content=\"index, follow, max-snippet:-1, max-image-preview:large, max-video-preview:-1\" \/>\n<link rel=\"canonical\" href=\"https:\/\/dyspoo.store\/?product=miroir-dangle-mort-2-pcs-type-ventouse-aucune-colle-requise\" \/>\n<meta property=\"og:locale\" content=\"fr_FR\" \/>\n<meta property=\"og:type\" content=\"article\" \/>\n<meta property=\"og:title\" content=\"Miroir D&#039;Angle Mort 2 Pcs, type ventouse + Crystal Coating - DYSPOO\" \/>\n<meta property=\"og:description\" content=\"Nos r\u00e9troviseurs d&#039;angle mort sont fabriqu\u00e9s en verre cristal haute d\u00e9finition pour offrir une vue claire et d\u00e9taill\u00e9e. Imperm\u00e9able, antirouille et antibu\u00e9e, assurant une visibilit\u00e9 optimale dans toutes les conditions m\u00e9t\u00e9orologiques\" \/>\n<meta property=\"og:url\" content=\"https:\/\/dyspoo.store\/?product=miroir-dangle-mort-2-pcs-type-ventouse-aucune-colle-requise\" \/>\n<meta property=\"og:site_name\" content=\"DYSPOO\" \/>\n<meta property=\"article:modified_time\" content=\"2026-03-10T00:40:13+00:00\" \/>\n<meta property=\"og:image\" content=\"https:\/\/dyspoo.store\/wp-content\/uploads\/2025\/10\/Brosse-3-en-1-offerte-lk.png\" \/>\n\t<meta property=\"og:image:width\" content=\"1500\" \/>\n\t<meta property=\"og:image:height\" content=\"1500\" \/>\n\t<meta property=\"og:image:type\" content=\"image\/png\" \/>\n<meta name=\"twitter:card\" content=\"summary_large_image\" \/>\n<meta name=\"twitter:label1\" content=\"Dur\u00e9e de lecture estim\u00e9e\" \/>\n\t<meta name=\"twitter:data1\" content=\"2 minutes\" \/>\n<script type=\"application\/ld+json\" class=\"yoast-schema-graph\">{\"@context\":\"https:\\\/\\\/schema.org\",\"@graph\":[{\"@type\":\"WebPage\",\"@id\":\"https:\\\/\\\/dyspoo.store\\\/?product=miroir-dangle-mort-2-pcs-type-ventouse-aucune-colle-requise\",\"url\":\"https:\\\/\\\/dyspoo.store\\\/?product=miroir-dangle-mort-2-pcs-type-ventouse-aucune-colle-requise\",\"name\":\"Miroir D'Angle Mort 2 Pcs, type ventouse + Crystal Coating - DYSPOO\",\"isPartOf\":{\"@id\":\"https:\\\/\\\/dyspoo.store\\\/#website\"},\"primaryImageOfPage\":{\"@id\":\"https:\\\/\\\/dyspoo.store\\\/?product=miroir-dangle-mort-2-pcs-type-ventouse-aucune-colle-requise#primaryimage\"},\"image\":{\"@id\":\"https:\\\/\\\/dyspoo.store\\\/?product=miroir-dangle-mort-2-pcs-type-ventouse-aucune-colle-requise#primaryimage\"},\"thumbnailUrl\":\"https:\\\/\\\/dyspoo.store\\\/wp-content\\\/uploads\\\/2025\\\/10\\\/Brosse-3-en-1-offerte-lk.png\",\"datePublished\":\"2025-10-21T16:18:53+00:00\",\"dateModified\":\"2026-03-10T00:40:13+00:00\",\"breadcrumb\":{\"@id\":\"https:\\\/\\\/dyspoo.store\\\/?product=miroir-dangle-mort-2-pcs-type-ventouse-aucune-colle-requise#breadcrumb\"},\"inLanguage\":\"fr-FR\",\"potentialAction\":[{\"@type\":\"ReadAction\",\"target\":[\"https:\\\/\\\/dyspoo.store\\\/?product=miroir-dangle-mort-2-pcs-type-ventouse-aucune-colle-requise\"]}]},{\"@type\":\"ImageObject\",\"inLanguage\":\"fr-FR\",\"@id\":\"https:\\\/\\\/dyspoo.store\\\/?product=miroir-dangle-mort-2-pcs-type-ventouse-aucune-colle-requise#primaryimage\",\"url\":\"https:\\\/\\\/dyspoo.store\\\/wp-content\\\/uploads\\\/2025\\\/10\\\/Brosse-3-en-1-offerte-lk.png\",\"contentUrl\":\"https:\\\/\\\/dyspoo.store\\\/wp-content\\\/uploads\\\/2025\\\/10\\\/Brosse-3-en-1-offerte-lk.png\",\"width\":1500,\"height\":1500},{\"@type\":\"BreadcrumbList\",\"@id\":\"https:\\\/\\\/dyspoo.store\\\/?product=miroir-dangle-mort-2-pcs-type-ventouse-aucune-colle-requise#breadcrumb\",\"itemListElement\":[{\"@type\":\"ListItem\",\"position\":1,\"name\":\"Accueil\",\"item\":\"https:\\\/\\\/dyspoo.store\\\/\"},{\"@type\":\"ListItem\",\"position\":2,\"name\":\"Boutique\",\"item\":\"https:\\\/\\\/dyspoo.store\\\/?page_id=47\"},{\"@type\":\"ListItem\",\"position\":3,\"name\":\"Miroir D&rsquo;Angle Mort 2 Pcs, type ventouse + Crystal Coating\"}]},{\"@type\":\"WebSite\",\"@id\":\"https:\\\/\\\/dyspoo.store\\\/#website\",\"url\":\"https:\\\/\\\/dyspoo.store\\\/\",\"name\":\"DYSPOO\",\"description\":\"DYSPOO\",\"potentialAction\":[{\"@type\":\"SearchAction\",\"target\":{\"@type\":\"EntryPoint\",\"urlTemplate\":\"https:\\\/\\\/dyspoo.store\\\/?s={search_term_string}\"},\"query-input\":{\"@type\":\"PropertyValueSpecification\",\"valueRequired\":true,\"valueName\":\"search_term_string\"}}],\"inLanguage\":\"fr-FR\"}]}<\/script>\n<!-- \/ Yoast SEO plugin. -->","yoast_head_json":{"title":"Miroir D'Angle Mort 2 Pcs, type ventouse + Crystal Coating - DYSPOO","robots":{"index":"index","follow":"follow","max-snippet":"max-snippet:-1","max-image-preview":"max-image-preview:large","max-video-preview":"max-video-preview:-1"},"canonical":"https:\/\/dyspoo.store\/?product=miroir-dangle-mort-2-pcs-type-ventouse-aucune-colle-requise","og_locale":"fr_FR","og_type":"article","og_title":"Miroir D'Angle Mort 2 Pcs, type ventouse + Crystal Coating - DYSPOO","og_description":"Nos r\u00e9troviseurs d'angle mort sont fabriqu\u00e9s en verre cristal haute d\u00e9finition pour offrir une vue claire et d\u00e9taill\u00e9e. Imperm\u00e9able, antirouille et antibu\u00e9e, assurant une visibilit\u00e9 optimale dans toutes les conditions m\u00e9t\u00e9orologiques","og_url":"https:\/\/dyspoo.store\/?product=miroir-dangle-mort-2-pcs-type-ventouse-aucune-colle-requise","og_site_name":"DYSPOO","article_modified_time":"2026-03-10T00:40:13+00:00","og_image":[{"width":1500,"height":1500,"url":"https:\/\/dyspoo.store\/wp-content\/uploads\/2025\/10\/Brosse-3-en-1-offerte-lk.png","type":"image\/png"}],"twitter_card":"summary_large_image","twitter_misc":{"Dur\u00e9e de lecture estim\u00e9e":"2 minutes"},"schema":{"@context":"https:\/\/schema.org","@graph":[{"@type":"WebPage","@id":"https:\/\/dyspoo.store\/?product=miroir-dangle-mort-2-pcs-type-ventouse-aucune-colle-requise","url":"https:\/\/dyspoo.store\/?product=miroir-dangle-mort-2-pcs-type-ventouse-aucune-colle-requise","name":"Miroir D'Angle Mort 2 Pcs, type ventouse + Crystal Coating - DYSPOO","isPartOf":{"@id":"https:\/\/dyspoo.store\/#website"},"primaryImageOfPage":{"@id":"https:\/\/dyspoo.store\/?product=miroir-dangle-mort-2-pcs-type-ventouse-aucune-colle-requise#primaryimage"},"image":{"@id":"https:\/\/dyspoo.store\/?product=miroir-dangle-mort-2-pcs-type-ventouse-aucune-colle-requise#primaryimage"},"thumbnailUrl":"https:\/\/dyspoo.store\/wp-content\/uploads\/2025\/10\/Brosse-3-en-1-offerte-lk.png","datePublished":"2025-10-21T16:18:53+00:00","dateModified":"2026-03-10T00:40:13+00:00","breadcrumb":{"@id":"https:\/\/dyspoo.store\/?product=miroir-dangle-mort-2-pcs-type-ventouse-aucune-colle-requise#breadcrumb"},"inLanguage":"fr-FR","potentialAction":[{"@type":"ReadAction","target":["https:\/\/dyspoo.store\/?product=miroir-dangle-mort-2-pcs-type-ventouse-aucune-colle-requise"]}]},{"@type":"ImageObject","inLanguage":"fr-FR","@id":"https:\/\/dyspoo.store\/?product=miroir-dangle-mort-2-pcs-type-ventouse-aucune-colle-requise#primaryimage","url":"https:\/\/dyspoo.store\/wp-content\/uploads\/2025\/10\/Brosse-3-en-1-offerte-lk.png","contentUrl":"https:\/\/dyspoo.store\/wp-content\/uploads\/2025\/10\/Brosse-3-en-1-offerte-lk.png","width":1500,"height":1500},{"@type":"BreadcrumbList","@id":"https:\/\/dyspoo.store\/?product=miroir-dangle-mort-2-pcs-type-ventouse-aucune-colle-requise#breadcrumb","itemListElement":[{"@type":"ListItem","position":1,"name":"Accueil","item":"https:\/\/dyspoo.store\/"},{"@type":"ListItem","position":2,"name":"Boutique","item":"https:\/\/dyspoo.store\/?page_id=47"},{"@type":"ListItem","position":3,"name":"Miroir D&rsquo;Angle Mort 2 Pcs, type ventouse + Crystal Coating"}]},{"@type":"WebSite","@id":"https:\/\/dyspoo.store\/#website","url":"https:\/\/dyspoo.store\/","name":"DYSPOO","description":"DYSPOO","potentialAction":[{"@type":"SearchAction","target":{"@type":"EntryPoint","urlTemplate":"https:\/\/dyspoo.store\/?s={search_term_string}"},"query-input":{"@type":"PropertyValueSpecification","valueRequired":true,"valueName":"search_term_string"}}],"inLanguage":"fr-FR"}]}},"jetpack_sharing_enabled":true,"_links":{"self":[{"href":"https:\/\/dyspoo.store\/index.php?rest_route=\/wp\/v2\/product\/29322","targetHints":{"allow":["GET"]}}],"collection":[{"href":"https:\/\/dyspoo.store\/index.php?rest_route=\/wp\/v2\/product"}],"about":[{"href":"https:\/\/dyspoo.store\/index.php?rest_route=\/wp\/v2\/types\/product"}],"replies":[{"embeddable":true,"href":"https:\/\/dyspoo.store\/index.php?rest_route=%2Fwp%2Fv2%2Fcomments&post=29322"}],"version-history":[{"count":12,"href":"https:\/\/dyspoo.store\/index.php?rest_route=\/wp\/v2\/product\/29322\/revisions"}],"predecessor-version":[{"id":29378,"href":"https:\/\/dyspoo.store\/index.php?rest_route=\/wp\/v2\/product\/29322\/revisions\/29378"}],"wp:featuredmedia":[{"embeddable":true,"href":"https:\/\/dyspoo.store\/index.php?rest_route=\/wp\/v2\/media\/29368"}],"wp:attachment":[{"href":"https:\/\/dyspoo.store\/index.php?rest_route=%2Fwp%2Fv2%2Fmedia&parent=29322"}],"wp:term":[{"taxonomy":"product_brand","embeddable":true,"href":"https:\/\/dyspoo.store\/index.php?rest_route=%2Fwp%2Fv2%2Fproduct_brand&post=29322"},{"taxonomy":"product_cat","embeddable":true,"href":"https:\/\/dyspoo.store\/index.php?rest_route=%2Fwp%2Fv2%2Fproduct_cat&post=29322"},{"taxonomy":"product_tag","embeddable":true,"href":"https:\/\/dyspoo.store\/index.php?rest_route=%2Fwp%2Fv2%2Fproduct_tag&post=29322"}],"curies":[{"name":"wp","href":"https:\/\/api.w.org\/{rel}","templated":true}]}}