{"id":29385,"date":"2025-11-07T09:25:00","date_gmt":"2025-11-07T09:25:00","guid":{"rendered":"https:\/\/dyspoo.store\/?post_type=product&#038;p=29385"},"modified":"2025-11-08T07:47:43","modified_gmt":"2025-11-08T07:47:43","slug":"zeenfoot-4-pcs-1-kit-de-manucure","status":"publish","type":"product","link":"https:\/\/dyspoo.store\/?product=zeenfoot-4-pcs-1-kit-de-manucure","title":{"rendered":"ZeenFoot (4 Pcs) + 1 kit de manucure"},"content":{"rendered":"\t\t<div data-elementor-type=\"wp-post\" data-elementor-id=\"29385\" class=\"elementor elementor-29385\">\n\t\t\t\t<div class=\"wd-negative-gap elementor-element elementor-element-7ba917d e-flex e-con-boxed e-con e-parent\" data-id=\"7ba917d\" data-element_type=\"container\" data-e-type=\"container\">\n\t\t\t\t\t<div class=\"e-con-inner\">\n\t\t<div class=\"elementor-element elementor-element-836b10c e-con-full e-flex e-con e-child\" data-id=\"836b10c\" data-element_type=\"container\" data-e-type=\"container\">\n\t\t\t\t<div class=\"elementor-element elementor-element-92c0d6d elementor-widget elementor-widget-wd_text_block\" data-id=\"92c0d6d\" data-element_type=\"widget\" data-e-type=\"widget\" data-widget_type=\"wd_text_block.default\">\n\t\t\t\t<div class=\"elementor-widget-container\">\n\t\t\t\t\t\t\t<div class=\"wd-text-block reset-last-child text-left\">\n\t\t\t\n\t\t\t<h4><strong>\u00c0 propos de cet article<\/strong><\/h4><p><img loading=\"lazy\" decoding=\"async\" class=\"aligncenter wp-image-29395 size-large\" src=\"https:\/\/dyspoo.store\/wp-content\/uploads\/2025\/11\/zeefbnn-800x800.jpg\" alt=\"\" width=\"800\" height=\"800\" srcset=\"https:\/\/dyspoo.store\/wp-content\/uploads\/2025\/11\/zeefbnn-800x800.jpg 800w, https:\/\/dyspoo.store\/wp-content\/uploads\/2025\/11\/zeefbnn-300x300.jpg 300w, https:\/\/dyspoo.store\/wp-content\/uploads\/2025\/11\/zeefbnn-150x150.jpg 150w, https:\/\/dyspoo.store\/wp-content\/uploads\/2025\/11\/zeefbnn-768x768.jpg 768w, https:\/\/dyspoo.store\/wp-content\/uploads\/2025\/11\/zeefbnn-430x430.jpg 430w, https:\/\/dyspoo.store\/wp-content\/uploads\/2025\/11\/zeefbnn-700x700.jpg 700w, https:\/\/dyspoo.store\/wp-content\/uploads\/2025\/11\/zeefbnn.jpg 1024w\" sizes=\"auto, (max-width: 800px) 100vw, 800px\" \/><\/p><p>\u00a0<\/p><p dir=\"ltr\">Semelle int\u00e9rieure antid\u00e9rapante, absorbant les chocs, soulageant la douleur et le stress du pied.<\/p><p dir=\"ltr\">S\u00e9parez vos orteils pour \u00e9viter l'apparition de cors, de callosit\u00e9s et d'ampoules.<\/p><p><img loading=\"lazy\" decoding=\"async\" class=\"aligncenter wp-image-29401 size-large\" src=\"https:\/\/dyspoo.store\/wp-content\/uploads\/2025\/11\/Picsart_25-11-07_12-18-46-863-800x800.jpg\" alt=\"\" width=\"800\" height=\"800\" srcset=\"https:\/\/dyspoo.store\/wp-content\/uploads\/2025\/11\/Picsart_25-11-07_12-18-46-863-800x800.jpg 800w, https:\/\/dyspoo.store\/wp-content\/uploads\/2025\/11\/Picsart_25-11-07_12-18-46-863-300x300.jpg 300w, https:\/\/dyspoo.store\/wp-content\/uploads\/2025\/11\/Picsart_25-11-07_12-18-46-863-150x150.jpg 150w, https:\/\/dyspoo.store\/wp-content\/uploads\/2025\/11\/Picsart_25-11-07_12-18-46-863-768x768.jpg 768w, https:\/\/dyspoo.store\/wp-content\/uploads\/2025\/11\/Picsart_25-11-07_12-18-46-863-1536x1536.jpg 1536w, https:\/\/dyspoo.store\/wp-content\/uploads\/2025\/11\/Picsart_25-11-07_12-18-46-863-430x430.jpg 430w, https:\/\/dyspoo.store\/wp-content\/uploads\/2025\/11\/Picsart_25-11-07_12-18-46-863-700x700.jpg 700w, https:\/\/dyspoo.store\/wp-content\/uploads\/2025\/11\/Picsart_25-11-07_12-18-46-863.jpg 1600w\" sizes=\"auto, (max-width: 800px) 100vw, 800px\" \/><\/p><p dir=\"ltr\">\u00a0<\/p>\n\t\t\t\t\t<\/div>\n\t\t\t\t\t\t<\/div>\n\t\t\t\t<\/div>\n\t\t\t\t<\/div>\n\t\t<div class=\"elementor-element elementor-element-e91f64e e-con-full e-flex e-con e-child\" data-id=\"e91f64e\" data-element_type=\"container\" data-e-type=\"container\">\n\t\t\t\t<div class=\"elementor-element elementor-element-10196b0 elementor-widget elementor-widget-wd_text_block\" data-id=\"10196b0\" data-element_type=\"widget\" data-e-type=\"widget\" data-widget_type=\"wd_text_block.default\">\n\t\t\t\t<div class=\"elementor-widget-container\">\n\t\t\t\t\t\t\t<div class=\"wd-text-block reset-last-child text-left\">\n\t\t\t\n\t\t\t<h4><strong>Sp\u00e9cifications<\/strong><\/h4><p><img loading=\"lazy\" decoding=\"async\" class=\"aligncenter wp-image-29398 size-large\" src=\"https:\/\/dyspoo.store\/wp-content\/uploads\/2025\/11\/zretv-800x800.jpg\" alt=\"\" width=\"800\" height=\"800\" srcset=\"https:\/\/dyspoo.store\/wp-content\/uploads\/2025\/11\/zretv-800x800.jpg 800w, https:\/\/dyspoo.store\/wp-content\/uploads\/2025\/11\/zretv-300x300.jpg 300w, https:\/\/dyspoo.store\/wp-content\/uploads\/2025\/11\/zretv-150x150.jpg 150w, https:\/\/dyspoo.store\/wp-content\/uploads\/2025\/11\/zretv-768x768.jpg 768w, https:\/\/dyspoo.store\/wp-content\/uploads\/2025\/11\/zretv-430x430.jpg 430w, https:\/\/dyspoo.store\/wp-content\/uploads\/2025\/11\/zretv-700x700.jpg 700w, https:\/\/dyspoo.store\/wp-content\/uploads\/2025\/11\/zretv.jpg 1024w\" sizes=\"auto, (max-width: 800px) 100vw, 800px\" \/><\/p><p dir=\"ltr\">Con\u00e7u avec une doublure en \u00e9ponge, pour \u00e9viter de glisser en marchant ou en restant debout longtemps.<\/p><p dir=\"ltr\">Fabriqu\u00e9 en nylon de haute qualit\u00e9, extensible et confortable \u00e0 porter.<\/p>\n\t\t\t\t\t<\/div>\n\t\t\t\t\t\t<\/div>\n\t\t\t\t<\/div>\n\t\t\t\t<div class=\"elementor-element elementor-element-ea943e2 elementor-widget elementor-widget-wd_text_block\" data-id=\"ea943e2\" data-element_type=\"widget\" data-e-type=\"widget\" data-widget_type=\"wd_text_block.default\">\n\t\t\t\t<div class=\"elementor-widget-container\">\n\t\t\t\t\t\t\t<div class=\"wd-text-block reset-last-child text-left\">\n\t\t\t\n\t\t\t\n\t\t\t\t\t<\/div>\n\t\t\t\t\t\t<\/div>\n\t\t\t\t<\/div>\n\t\t\t\t<\/div>\n\t\t<div class=\"elementor-element elementor-element-3a86271 e-con-full e-flex e-con e-child\" data-id=\"3a86271\" data-element_type=\"container\" data-e-type=\"container\">\n\t\t\t\t<div class=\"elementor-element elementor-element-1cb5edc elementor-widget elementor-widget-wd_text_block\" data-id=\"1cb5edc\" data-element_type=\"widget\" data-e-type=\"widget\" data-widget_type=\"wd_text_block.default\">\n\t\t\t\t<div class=\"elementor-widget-container\">\n\t\t\t\t\t\t\t<div class=\"wd-text-block reset-last-child text-left\">\n\t\t\t\n\t\t\t<h4><strong>Tr\u00e8s facile \u00e0 utiliser<\/strong><\/h4><p><img loading=\"lazy\" decoding=\"async\" class=\"aligncenter wp-image-29399 size-large\" src=\"https:\/\/dyspoo.store\/wp-content\/uploads\/2025\/11\/zenndfoiiy-800x800.jpg\" alt=\"\" width=\"800\" height=\"800\" srcset=\"https:\/\/dyspoo.store\/wp-content\/uploads\/2025\/11\/zenndfoiiy-800x800.jpg 800w, https:\/\/dyspoo.store\/wp-content\/uploads\/2025\/11\/zenndfoiiy-300x300.jpg 300w, https:\/\/dyspoo.store\/wp-content\/uploads\/2025\/11\/zenndfoiiy-150x150.jpg 150w, https:\/\/dyspoo.store\/wp-content\/uploads\/2025\/11\/zenndfoiiy-768x768.jpg 768w, https:\/\/dyspoo.store\/wp-content\/uploads\/2025\/11\/zenndfoiiy-430x430.jpg 430w, https:\/\/dyspoo.store\/wp-content\/uploads\/2025\/11\/zenndfoiiy-700x700.jpg 700w, https:\/\/dyspoo.store\/wp-content\/uploads\/2025\/11\/zenndfoiiy.jpg 1000w\" sizes=\"auto, (max-width: 800px) 100vw, 800px\" \/><\/p><h4>\u00a0<\/h4><p>Profitez de masse de confort avec ces coussinets \u00e0 l'avant-pied, fabriqu\u00e9 pour masser doucement et stimuler les points de pression dans les pieds, offrant des avantages th\u00e9rapeutiques tout en absorbant l'impact et en r\u00e9duisant le stress sur vos pieds tout au long de la journ\u00e9e, en gardant vos pieds heureux et en bonne sant\u00e9.<\/p><p><img loading=\"lazy\" decoding=\"async\" class=\"aligncenter wp-image-29396 size-large\" src=\"https:\/\/dyspoo.store\/wp-content\/uploads\/2025\/11\/zenneegffh-800x800.jpg\" alt=\"\" width=\"800\" height=\"800\" srcset=\"https:\/\/dyspoo.store\/wp-content\/uploads\/2025\/11\/zenneegffh-800x800.jpg 800w, https:\/\/dyspoo.store\/wp-content\/uploads\/2025\/11\/zenneegffh-300x300.jpg 300w, https:\/\/dyspoo.store\/wp-content\/uploads\/2025\/11\/zenneegffh-150x150.jpg 150w, https:\/\/dyspoo.store\/wp-content\/uploads\/2025\/11\/zenneegffh-768x768.jpg 768w, https:\/\/dyspoo.store\/wp-content\/uploads\/2025\/11\/zenneegffh-430x430.jpg 430w, https:\/\/dyspoo.store\/wp-content\/uploads\/2025\/11\/zenneegffh-700x700.jpg 700w, https:\/\/dyspoo.store\/wp-content\/uploads\/2025\/11\/zenneegffh.jpg 1024w\" sizes=\"auto, (max-width: 800px) 100vw, 800px\" \/><\/p>\n\t\t\t\t\t<\/div>\n\t\t\t\t\t\t<\/div>\n\t\t\t\t<\/div>\n\t\t\t\t<\/div>\n\t\t\t\t\t<\/div>\n\t\t\t\t<\/div>\n\t\t\t\t<\/div>\n\t\t","protected":false},"excerpt":{"rendered":"<p>Convient aux talons hauts, escarpins, sandales, chaussures en cuir, etc.<\/p>\n<p>Coussinets pour l&rsquo;avant-pied pour soulager la douleur, chaussettes de soutien pour les orteils, manchons de soutien pour les pieds.<\/p>\n","protected":false},"featured_media":29387,"comment_status":"open","ping_status":"closed","template":"","meta":[],"product_brand":[126],"product_cat":[74],"product_tag":[],"class_list":{"0":"post-29385","1":"product","2":"type-product","3":"status-publish","4":"has-post-thumbnail","6":"product_brand-dyspoo","7":"product_cat-accessoires","9":"first","10":"instock","11":"sale","12":"shipping-taxable","13":"purchasable","14":"product-type-simple"},"yoast_head":"<!-- This site is optimized with the Yoast SEO plugin v27.3 - https:\/\/yoast.com\/product\/yoast-seo-wordpress\/ -->\n<title>ZeenFoot (4 Pcs) + 1 kit de manucure - DYSPOO<\/title>\n<meta name=\"description\" content=\"Convient aux talons hauts, escarpins, sandales, chaussures en cuir, etc.Coussinets pour l&#039;avant-pied pour soulager la douleur, chaussettes de soutie...\" \/>\n<meta name=\"robots\" content=\"index, follow, max-snippet:-1, max-image-preview:large, max-video-preview:-1\" \/>\n<link rel=\"canonical\" href=\"https:\/\/dyspoo.store\/?product=zeenfoot-4-pcs-1-kit-de-manucure\" \/>\n<meta property=\"og:locale\" content=\"fr_FR\" \/>\n<meta property=\"og:type\" content=\"article\" \/>\n<meta property=\"og:title\" content=\"ZeenFoot (4 Pcs) + 1 kit de manucure - DYSPOO\" \/>\n<meta property=\"og:description\" content=\"Convient aux talons hauts, escarpins, sandales, chaussures en cuir, etc.Coussinets pour l&#039;avant-pied pour soulager la douleur, chaussettes de soutie...\" \/>\n<meta property=\"og:url\" content=\"https:\/\/dyspoo.store\/?product=zeenfoot-4-pcs-1-kit-de-manucure\" \/>\n<meta property=\"og:site_name\" content=\"DYSPOO\" \/>\n<meta property=\"article:modified_time\" content=\"2025-11-08T07:47:43+00:00\" \/>\n<meta property=\"og:image\" content=\"https:\/\/dyspoo.store\/wp-content\/uploads\/2025\/11\/kitplus-zeen.jpg\" \/>\n\t<meta property=\"og:image:width\" content=\"1500\" \/>\n\t<meta property=\"og:image:height\" content=\"1500\" \/>\n\t<meta property=\"og:image:type\" content=\"image\/jpeg\" \/>\n<meta name=\"twitter:card\" content=\"summary_large_image\" \/>\n<meta name=\"twitter:label1\" content=\"Dur\u00e9e de lecture estim\u00e9e\" \/>\n\t<meta name=\"twitter:data1\" content=\"2 minutes\" \/>\n<script type=\"application\/ld+json\" class=\"yoast-schema-graph\">{\"@context\":\"https:\\\/\\\/schema.org\",\"@graph\":[{\"@type\":\"WebPage\",\"@id\":\"https:\\\/\\\/dyspoo.store\\\/?product=zeenfoot-4-pcs-1-kit-de-manucure\",\"url\":\"https:\\\/\\\/dyspoo.store\\\/?product=zeenfoot-4-pcs-1-kit-de-manucure\",\"name\":\"ZeenFoot (4 Pcs) + 1 kit de manucure - DYSPOO\",\"isPartOf\":{\"@id\":\"https:\\\/\\\/dyspoo.store\\\/#website\"},\"primaryImageOfPage\":{\"@id\":\"https:\\\/\\\/dyspoo.store\\\/?product=zeenfoot-4-pcs-1-kit-de-manucure#primaryimage\"},\"image\":{\"@id\":\"https:\\\/\\\/dyspoo.store\\\/?product=zeenfoot-4-pcs-1-kit-de-manucure#primaryimage\"},\"thumbnailUrl\":\"https:\\\/\\\/dyspoo.store\\\/wp-content\\\/uploads\\\/2025\\\/11\\\/kitplus-zeen.jpg\",\"datePublished\":\"2025-11-07T09:25:00+00:00\",\"dateModified\":\"2025-11-08T07:47:43+00:00\",\"description\":\"Convient aux talons hauts, escarpins, sandales, chaussures en cuir, etc.Coussinets pour l'avant-pied pour soulager la douleur, chaussettes de soutie...\",\"breadcrumb\":{\"@id\":\"https:\\\/\\\/dyspoo.store\\\/?product=zeenfoot-4-pcs-1-kit-de-manucure#breadcrumb\"},\"inLanguage\":\"fr-FR\",\"potentialAction\":[{\"@type\":\"ReadAction\",\"target\":[\"https:\\\/\\\/dyspoo.store\\\/?product=zeenfoot-4-pcs-1-kit-de-manucure\"]}]},{\"@type\":\"ImageObject\",\"inLanguage\":\"fr-FR\",\"@id\":\"https:\\\/\\\/dyspoo.store\\\/?product=zeenfoot-4-pcs-1-kit-de-manucure#primaryimage\",\"url\":\"https:\\\/\\\/dyspoo.store\\\/wp-content\\\/uploads\\\/2025\\\/11\\\/kitplus-zeen.jpg\",\"contentUrl\":\"https:\\\/\\\/dyspoo.store\\\/wp-content\\\/uploads\\\/2025\\\/11\\\/kitplus-zeen.jpg\",\"width\":1500,\"height\":1500},{\"@type\":\"BreadcrumbList\",\"@id\":\"https:\\\/\\\/dyspoo.store\\\/?product=zeenfoot-4-pcs-1-kit-de-manucure#breadcrumb\",\"itemListElement\":[{\"@type\":\"ListItem\",\"position\":1,\"name\":\"Accueil\",\"item\":\"https:\\\/\\\/dyspoo.store\\\/\"},{\"@type\":\"ListItem\",\"position\":2,\"name\":\"Boutique\",\"item\":\"https:\\\/\\\/dyspoo.store\\\/?page_id=47\"},{\"@type\":\"ListItem\",\"position\":3,\"name\":\"ZeenFoot (4 Pcs) + 1 kit de manucure\"}]},{\"@type\":\"WebSite\",\"@id\":\"https:\\\/\\\/dyspoo.store\\\/#website\",\"url\":\"https:\\\/\\\/dyspoo.store\\\/\",\"name\":\"DYSPOO\",\"description\":\"DYSPOO\",\"potentialAction\":[{\"@type\":\"SearchAction\",\"target\":{\"@type\":\"EntryPoint\",\"urlTemplate\":\"https:\\\/\\\/dyspoo.store\\\/?s={search_term_string}\"},\"query-input\":{\"@type\":\"PropertyValueSpecification\",\"valueRequired\":true,\"valueName\":\"search_term_string\"}}],\"inLanguage\":\"fr-FR\"}]}<\/script>\n<!-- \/ Yoast SEO plugin. -->","yoast_head_json":{"title":"ZeenFoot (4 Pcs) + 1 kit de manucure - DYSPOO","description":"Convient aux talons hauts, escarpins, sandales, chaussures en cuir, etc.Coussinets pour l'avant-pied pour soulager la douleur, chaussettes de soutie...","robots":{"index":"index","follow":"follow","max-snippet":"max-snippet:-1","max-image-preview":"max-image-preview:large","max-video-preview":"max-video-preview:-1"},"canonical":"https:\/\/dyspoo.store\/?product=zeenfoot-4-pcs-1-kit-de-manucure","og_locale":"fr_FR","og_type":"article","og_title":"ZeenFoot (4 Pcs) + 1 kit de manucure - DYSPOO","og_description":"Convient aux talons hauts, escarpins, sandales, chaussures en cuir, etc.Coussinets pour l'avant-pied pour soulager la douleur, chaussettes de soutie...","og_url":"https:\/\/dyspoo.store\/?product=zeenfoot-4-pcs-1-kit-de-manucure","og_site_name":"DYSPOO","article_modified_time":"2025-11-08T07:47:43+00:00","og_image":[{"width":1500,"height":1500,"url":"https:\/\/dyspoo.store\/wp-content\/uploads\/2025\/11\/kitplus-zeen.jpg","type":"image\/jpeg"}],"twitter_card":"summary_large_image","twitter_misc":{"Dur\u00e9e de lecture estim\u00e9e":"2 minutes"},"schema":{"@context":"https:\/\/schema.org","@graph":[{"@type":"WebPage","@id":"https:\/\/dyspoo.store\/?product=zeenfoot-4-pcs-1-kit-de-manucure","url":"https:\/\/dyspoo.store\/?product=zeenfoot-4-pcs-1-kit-de-manucure","name":"ZeenFoot (4 Pcs) + 1 kit de manucure - DYSPOO","isPartOf":{"@id":"https:\/\/dyspoo.store\/#website"},"primaryImageOfPage":{"@id":"https:\/\/dyspoo.store\/?product=zeenfoot-4-pcs-1-kit-de-manucure#primaryimage"},"image":{"@id":"https:\/\/dyspoo.store\/?product=zeenfoot-4-pcs-1-kit-de-manucure#primaryimage"},"thumbnailUrl":"https:\/\/dyspoo.store\/wp-content\/uploads\/2025\/11\/kitplus-zeen.jpg","datePublished":"2025-11-07T09:25:00+00:00","dateModified":"2025-11-08T07:47:43+00:00","description":"Convient aux talons hauts, escarpins, sandales, chaussures en cuir, etc.Coussinets pour l'avant-pied pour soulager la douleur, chaussettes de soutie...","breadcrumb":{"@id":"https:\/\/dyspoo.store\/?product=zeenfoot-4-pcs-1-kit-de-manucure#breadcrumb"},"inLanguage":"fr-FR","potentialAction":[{"@type":"ReadAction","target":["https:\/\/dyspoo.store\/?product=zeenfoot-4-pcs-1-kit-de-manucure"]}]},{"@type":"ImageObject","inLanguage":"fr-FR","@id":"https:\/\/dyspoo.store\/?product=zeenfoot-4-pcs-1-kit-de-manucure#primaryimage","url":"https:\/\/dyspoo.store\/wp-content\/uploads\/2025\/11\/kitplus-zeen.jpg","contentUrl":"https:\/\/dyspoo.store\/wp-content\/uploads\/2025\/11\/kitplus-zeen.jpg","width":1500,"height":1500},{"@type":"BreadcrumbList","@id":"https:\/\/dyspoo.store\/?product=zeenfoot-4-pcs-1-kit-de-manucure#breadcrumb","itemListElement":[{"@type":"ListItem","position":1,"name":"Accueil","item":"https:\/\/dyspoo.store\/"},{"@type":"ListItem","position":2,"name":"Boutique","item":"https:\/\/dyspoo.store\/?page_id=47"},{"@type":"ListItem","position":3,"name":"ZeenFoot (4 Pcs) + 1 kit de manucure"}]},{"@type":"WebSite","@id":"https:\/\/dyspoo.store\/#website","url":"https:\/\/dyspoo.store\/","name":"DYSPOO","description":"DYSPOO","potentialAction":[{"@type":"SearchAction","target":{"@type":"EntryPoint","urlTemplate":"https:\/\/dyspoo.store\/?s={search_term_string}"},"query-input":{"@type":"PropertyValueSpecification","valueRequired":true,"valueName":"search_term_string"}}],"inLanguage":"fr-FR"}]}},"jetpack_sharing_enabled":true,"_links":{"self":[{"href":"https:\/\/dyspoo.store\/index.php?rest_route=\/wp\/v2\/product\/29385","targetHints":{"allow":["GET"]}}],"collection":[{"href":"https:\/\/dyspoo.store\/index.php?rest_route=\/wp\/v2\/product"}],"about":[{"href":"https:\/\/dyspoo.store\/index.php?rest_route=\/wp\/v2\/types\/product"}],"replies":[{"embeddable":true,"href":"https:\/\/dyspoo.store\/index.php?rest_route=%2Fwp%2Fv2%2Fcomments&post=29385"}],"version-history":[{"count":4,"href":"https:\/\/dyspoo.store\/index.php?rest_route=\/wp\/v2\/product\/29385\/revisions"}],"predecessor-version":[{"id":29404,"href":"https:\/\/dyspoo.store\/index.php?rest_route=\/wp\/v2\/product\/29385\/revisions\/29404"}],"wp:featuredmedia":[{"embeddable":true,"href":"https:\/\/dyspoo.store\/index.php?rest_route=\/wp\/v2\/media\/29387"}],"wp:attachment":[{"href":"https:\/\/dyspoo.store\/index.php?rest_route=%2Fwp%2Fv2%2Fmedia&parent=29385"}],"wp:term":[{"taxonomy":"product_brand","embeddable":true,"href":"https:\/\/dyspoo.store\/index.php?rest_route=%2Fwp%2Fv2%2Fproduct_brand&post=29385"},{"taxonomy":"product_cat","embeddable":true,"href":"https:\/\/dyspoo.store\/index.php?rest_route=%2Fwp%2Fv2%2Fproduct_cat&post=29385"},{"taxonomy":"product_tag","embeddable":true,"href":"https:\/\/dyspoo.store\/index.php?rest_route=%2Fwp%2Fv2%2Fproduct_tag&post=29385"}],"curies":[{"name":"wp","href":"https:\/\/api.w.org\/{rel}","templated":true}]}}