{"id":29421,"date":"2025-11-20T06:24:29","date_gmt":"2025-11-20T06:24:29","guid":{"rendered":"https:\/\/dyspoo.store\/?post_type=product&#038;p=29421"},"modified":"2025-11-20T17:25:28","modified_gmt":"2025-11-20T17:25:28","slug":"coque-pixel-9-pixel-9-pro-silicone-tres-resistant-aux-chocs","status":"publish","type":"product","link":"https:\/\/dyspoo.store\/?product=coque-pixel-9-pixel-9-pro-silicone-tres-resistant-aux-chocs","title":{"rendered":"Coque Pixel 9 &#038; Pixel 9 Pro, silicone tr\u00e8s r\u00e9sistant aux chocs"},"content":{"rendered":"\t\t<div data-elementor-type=\"wp-post\" data-elementor-id=\"29421\" class=\"elementor elementor-29421\">\n\t\t\t\t<div class=\"wd-negative-gap elementor-element elementor-element-5e5e2c6 e-flex e-con-boxed e-con e-parent\" data-id=\"5e5e2c6\" data-element_type=\"container\" data-e-type=\"container\">\n\t\t\t\t\t<div class=\"e-con-inner\">\n\t\t<div class=\"elementor-element elementor-element-deee4c0 e-con-full e-flex e-con e-child\" data-id=\"deee4c0\" data-element_type=\"container\" data-e-type=\"container\">\n\t\t\t\t<div class=\"elementor-element elementor-element-fbaa851 elementor-widget__width-initial elementor-widget elementor-widget-wd_text_block\" data-id=\"fbaa851\" data-element_type=\"widget\" data-e-type=\"widget\" data-widget_type=\"wd_text_block.default\">\n\t\t\t\t<div class=\"elementor-widget-container\">\n\t\t\t\t\t\t\t<div class=\"wd-text-block reset-last-child text-left\">\n\t\t\t\n\t\t\t<h4><strong>\u00c0 propos de cet article<\/strong><\/h4><p><img loading=\"lazy\" decoding=\"async\" class=\"aligncenter wp-image-29437 size-large\" src=\"https:\/\/dyspoo.store\/wp-content\/uploads\/2025\/11\/prio-800x800.webp\" alt=\"\" width=\"800\" height=\"800\" srcset=\"https:\/\/dyspoo.store\/wp-content\/uploads\/2025\/11\/prio-800x800.webp 800w, https:\/\/dyspoo.store\/wp-content\/uploads\/2025\/11\/prio-300x300.webp 300w, https:\/\/dyspoo.store\/wp-content\/uploads\/2025\/11\/prio-150x150.webp 150w, https:\/\/dyspoo.store\/wp-content\/uploads\/2025\/11\/prio-768x768.webp 768w, https:\/\/dyspoo.store\/wp-content\/uploads\/2025\/11\/prio-430x430.webp 430w, https:\/\/dyspoo.store\/wp-content\/uploads\/2025\/11\/prio-700x700.webp 700w, https:\/\/dyspoo.store\/wp-content\/uploads\/2025\/11\/prio.webp 1500w\" sizes=\"auto, (max-width: 800px) 100vw, 800px\" \/><\/p><p><img loading=\"lazy\" decoding=\"async\" class=\"aligncenter wp-image-29425 size-large\" src=\"https:\/\/dyspoo.store\/wp-content\/uploads\/2025\/11\/esrpro-1-800x800.webp\" alt=\"\" width=\"800\" height=\"800\" srcset=\"https:\/\/dyspoo.store\/wp-content\/uploads\/2025\/11\/esrpro-1-800x800.webp 800w, https:\/\/dyspoo.store\/wp-content\/uploads\/2025\/11\/esrpro-1-300x300.webp 300w, https:\/\/dyspoo.store\/wp-content\/uploads\/2025\/11\/esrpro-1-150x150.webp 150w, https:\/\/dyspoo.store\/wp-content\/uploads\/2025\/11\/esrpro-1-768x768.webp 768w, https:\/\/dyspoo.store\/wp-content\/uploads\/2025\/11\/esrpro-1-1536x1536.webp 1536w, https:\/\/dyspoo.store\/wp-content\/uploads\/2025\/11\/esrpro-1-430x430.webp 430w, https:\/\/dyspoo.store\/wp-content\/uploads\/2025\/11\/esrpro-1-700x700.webp 700w, https:\/\/dyspoo.store\/wp-content\/uploads\/2025\/11\/esrpro-1.webp 2000w\" sizes=\"auto, (max-width: 800px) 100vw, 800px\" \/><\/p><p>Con\u00e7ue sur mesure pour le Google Pixel 9 et Pixel 9 Pro<\/p>\n\t\t\t\t\t<\/div>\n\t\t\t\t\t\t<\/div>\n\t\t\t\t<\/div>\n\t\t\t\t<div class=\"elementor-element elementor-element-4b80ddf elementor-widget__width-initial elementor-widget elementor-widget-wd_text_block\" data-id=\"4b80ddf\" data-element_type=\"widget\" data-e-type=\"widget\" data-widget_type=\"wd_text_block.default\">\n\t\t\t\t<div class=\"elementor-widget-container\">\n\t\t\t\t\t\t\t<div class=\"wd-text-block reset-last-child text-left\">\n\t\t\t\n\t\t\t<h4><img loading=\"lazy\" decoding=\"async\" class=\"aligncenter wp-image-29438 size-large\" src=\"https:\/\/dyspoo.store\/wp-content\/uploads\/2025\/11\/pory9-805x800.webp\" alt=\"\" width=\"805\" height=\"800\" srcset=\"https:\/\/dyspoo.store\/wp-content\/uploads\/2025\/11\/pory9-805x800.webp 805w, https:\/\/dyspoo.store\/wp-content\/uploads\/2025\/11\/pory9-302x300.webp 302w, https:\/\/dyspoo.store\/wp-content\/uploads\/2025\/11\/pory9-150x149.webp 150w, https:\/\/dyspoo.store\/wp-content\/uploads\/2025\/11\/pory9-768x764.webp 768w, https:\/\/dyspoo.store\/wp-content\/uploads\/2025\/11\/pory9-1536x1527.webp 1536w, https:\/\/dyspoo.store\/wp-content\/uploads\/2025\/11\/pory9-430x428.webp 430w, https:\/\/dyspoo.store\/wp-content\/uploads\/2025\/11\/pory9-700x696.webp 700w, https:\/\/dyspoo.store\/wp-content\/uploads\/2025\/11\/pory9.webp 1920w\" sizes=\"auto, (max-width: 805px) 100vw, 805px\" \/><\/h4><p>Une lunette sur\u00e9lev\u00e9e autour de l'\u00e9cran et de l'appareil photo offre une protection suppl\u00e9mentaire contre les rayures sur la surface.<\/p>\n\t\t\t\t\t<\/div>\n\t\t\t\t\t\t<\/div>\n\t\t\t\t<\/div>\n\t\t\t\t<\/div>\n\t\t<div class=\"elementor-element elementor-element-5d7489b e-con-full e-flex e-con e-child\" data-id=\"5d7489b\" data-element_type=\"container\" data-e-type=\"container\">\n\t\t\t\t<div class=\"elementor-element elementor-element-6e844d4 elementor-widget__width-initial elementor-widget elementor-widget-wd_text_block\" data-id=\"6e844d4\" data-element_type=\"widget\" data-e-type=\"widget\" data-widget_type=\"wd_text_block.default\">\n\t\t\t\t<div class=\"elementor-widget-container\">\n\t\t\t\t\t\t\t<div class=\"wd-text-block reset-last-child text-left\">\n\t\t\t\n\t\t\t<h4>D\u00e9tails<\/h4><h4>\u00a0<\/h4><p><img loading=\"lazy\" decoding=\"async\" class=\"aligncenter wp-image-29435 size-large\" src=\"https:\/\/dyspoo.store\/wp-content\/uploads\/2025\/11\/9popi-800x800.webp\" alt=\"\" width=\"800\" height=\"800\" srcset=\"https:\/\/dyspoo.store\/wp-content\/uploads\/2025\/11\/9popi-800x800.webp 800w, https:\/\/dyspoo.store\/wp-content\/uploads\/2025\/11\/9popi-300x300.webp 300w, https:\/\/dyspoo.store\/wp-content\/uploads\/2025\/11\/9popi-150x150.webp 150w, https:\/\/dyspoo.store\/wp-content\/uploads\/2025\/11\/9popi-768x768.webp 768w, https:\/\/dyspoo.store\/wp-content\/uploads\/2025\/11\/9popi-430x430.webp 430w, https:\/\/dyspoo.store\/wp-content\/uploads\/2025\/11\/9popi-700x700.webp 700w, https:\/\/dyspoo.store\/wp-content\/uploads\/2025\/11\/9popi.webp 1500w\" sizes=\"auto, (max-width: 800px) 100vw, 800px\" \/><\/p><p dir=\"ltr\">Une protection qui r\u00e9siste au temps\u00a0<\/p><p dir=\"ltr\">Test\u00e9e pendant des centaines d'heures contre les chutes, la coque antichoc r\u00e9siste aux accidents du quotidien.<\/p>\n\t\t\t\t\t<\/div>\n\t\t\t\t\t\t<\/div>\n\t\t\t\t<\/div>\n\t\t\t\t<div class=\"elementor-element elementor-element-3067122 elementor-widget__width-initial elementor-widget elementor-widget-wd_text_block\" data-id=\"3067122\" data-element_type=\"widget\" data-e-type=\"widget\" data-widget_type=\"wd_text_block.default\">\n\t\t\t\t<div class=\"elementor-widget-container\">\n\t\t\t\t\t\t\t<div class=\"wd-text-block reset-last-child text-left\">\n\t\t\t\n\t\t\t<p>\u00a0<\/p><p><img loading=\"lazy\" decoding=\"async\" class=\"aligncenter wp-image-29436 size-large\" src=\"https:\/\/dyspoo.store\/wp-content\/uploads\/2025\/11\/popio-800x800.webp\" alt=\"\" width=\"800\" height=\"800\" srcset=\"https:\/\/dyspoo.store\/wp-content\/uploads\/2025\/11\/popio-800x800.webp 800w, https:\/\/dyspoo.store\/wp-content\/uploads\/2025\/11\/popio-300x300.webp 300w, https:\/\/dyspoo.store\/wp-content\/uploads\/2025\/11\/popio-150x150.webp 150w, https:\/\/dyspoo.store\/wp-content\/uploads\/2025\/11\/popio-768x768.webp 768w, https:\/\/dyspoo.store\/wp-content\/uploads\/2025\/11\/popio-430x430.webp 430w, https:\/\/dyspoo.store\/wp-content\/uploads\/2025\/11\/popio-700x700.webp 700w, https:\/\/dyspoo.store\/wp-content\/uploads\/2025\/11\/popio.webp 1500w\" sizes=\"auto, (max-width: 800px) 100vw, 800px\" \/><\/p><p>la coque est fine et douce au toucher, et se glisse facilement dans la poche.<\/p>\n\t\t\t\t\t<\/div>\n\t\t\t\t\t\t<\/div>\n\t\t\t\t<\/div>\n\t\t\t\t<\/div>\n\t\t\t\t\t<\/div>\n\t\t\t\t<\/div>\n\t\t\t\t<\/div>\n\t\t","protected":false},"excerpt":{"rendered":"<p dir=\"ltr\">Prot\u00e9gez Google Pixel 9 ou Pixel 9 Pro des chutes et des rayures avec une coque con\u00e7ue sur mesure.<\/p>\n<p dir=\"ltr\">Con\u00e7ue sur mesure pour Google Pixel 9 et Pixel 9 Pro, la coque est fine et douce au toucher, pour une prise en main confortable.<\/p>\n","protected":false},"featured_media":29424,"comment_status":"open","ping_status":"closed","template":"","meta":[],"product_brand":[126],"product_cat":[74],"product_tag":[],"class_list":{"0":"post-29421","1":"product","2":"type-product","3":"status-publish","4":"has-post-thumbnail","6":"product_brand-dyspoo","7":"product_cat-accessoires","9":"first","10":"instock","11":"sale","12":"shipping-taxable","13":"purchasable","14":"product-type-simple"},"yoast_head":"<!-- This site is optimized with the Yoast SEO plugin v27.5 - https:\/\/yoast.com\/product\/yoast-seo-wordpress\/ -->\n<title>Coque Pixel 9 &amp; Pixel 9 Pro, silicone tr\u00e8s r\u00e9sistant aux chocs - DYSPOO<\/title>\n<meta name=\"description\" content=\"Prot\u00e9gez Google Pixel 9 ou Pixel 9 Pro des chutes et des rayures avec une coque con\u00e7ue sur mesure. Con\u00e7ue sur mesure pour Google Pixel 9 et Pixel 9 Pro\" \/>\n<meta name=\"robots\" content=\"index, follow, max-snippet:-1, max-image-preview:large, max-video-preview:-1\" \/>\n<link rel=\"canonical\" href=\"https:\/\/dyspoo.store\/?product=coque-pixel-9-pixel-9-pro-silicone-tres-resistant-aux-chocs\" \/>\n<meta property=\"og:locale\" content=\"fr_FR\" \/>\n<meta property=\"og:type\" content=\"article\" \/>\n<meta property=\"og:title\" content=\"Coque Pixel 9 &amp; Pixel 9 Pro, silicone tr\u00e8s r\u00e9sistant aux chocs - DYSPOO\" \/>\n<meta property=\"og:description\" content=\"Prot\u00e9gez Google Pixel 9 ou Pixel 9 Pro des chutes et des rayures avec une coque con\u00e7ue sur mesure. Con\u00e7ue sur mesure pour Google Pixel 9 et Pixel 9 Pro\" \/>\n<meta property=\"og:url\" content=\"https:\/\/dyspoo.store\/?product=coque-pixel-9-pixel-9-pro-silicone-tres-resistant-aux-chocs\" \/>\n<meta property=\"og:site_name\" content=\"DYSPOO\" \/>\n<meta property=\"article:modified_time\" content=\"2025-11-20T17:25:28+00:00\" \/>\n<meta property=\"og:image\" content=\"https:\/\/dyspoo.store\/wp-content\/uploads\/2025\/11\/pro90.webp\" \/>\n\t<meta property=\"og:image:width\" content=\"1588\" \/>\n\t<meta property=\"og:image:height\" content=\"1588\" \/>\n\t<meta property=\"og:image:type\" content=\"image\/webp\" \/>\n<meta name=\"twitter:card\" content=\"summary_large_image\" \/>\n<meta name=\"twitter:label1\" content=\"Dur\u00e9e de lecture estim\u00e9e\" \/>\n\t<meta name=\"twitter:data1\" content=\"2 minutes\" \/>\n<script type=\"application\/ld+json\" class=\"yoast-schema-graph\">{\"@context\":\"https:\\\/\\\/schema.org\",\"@graph\":[{\"@type\":\"WebPage\",\"@id\":\"https:\\\/\\\/dyspoo.store\\\/?product=coque-pixel-9-pixel-9-pro-silicone-tres-resistant-aux-chocs\",\"url\":\"https:\\\/\\\/dyspoo.store\\\/?product=coque-pixel-9-pixel-9-pro-silicone-tres-resistant-aux-chocs\",\"name\":\"Coque Pixel 9 & Pixel 9 Pro, silicone tr\u00e8s r\u00e9sistant aux chocs - DYSPOO\",\"isPartOf\":{\"@id\":\"https:\\\/\\\/dyspoo.store\\\/#website\"},\"primaryImageOfPage\":{\"@id\":\"https:\\\/\\\/dyspoo.store\\\/?product=coque-pixel-9-pixel-9-pro-silicone-tres-resistant-aux-chocs#primaryimage\"},\"image\":{\"@id\":\"https:\\\/\\\/dyspoo.store\\\/?product=coque-pixel-9-pixel-9-pro-silicone-tres-resistant-aux-chocs#primaryimage\"},\"thumbnailUrl\":\"https:\\\/\\\/dyspoo.store\\\/wp-content\\\/uploads\\\/2025\\\/11\\\/pro90.webp\",\"datePublished\":\"2025-11-20T06:24:29+00:00\",\"dateModified\":\"2025-11-20T17:25:28+00:00\",\"description\":\"Prot\u00e9gez Google Pixel 9 ou Pixel 9 Pro des chutes et des rayures avec une coque con\u00e7ue sur mesure. Con\u00e7ue sur mesure pour Google Pixel 9 et Pixel 9 Pro\",\"breadcrumb\":{\"@id\":\"https:\\\/\\\/dyspoo.store\\\/?product=coque-pixel-9-pixel-9-pro-silicone-tres-resistant-aux-chocs#breadcrumb\"},\"inLanguage\":\"fr-FR\",\"potentialAction\":[{\"@type\":\"ReadAction\",\"target\":[\"https:\\\/\\\/dyspoo.store\\\/?product=coque-pixel-9-pixel-9-pro-silicone-tres-resistant-aux-chocs\"]}]},{\"@type\":\"ImageObject\",\"inLanguage\":\"fr-FR\",\"@id\":\"https:\\\/\\\/dyspoo.store\\\/?product=coque-pixel-9-pixel-9-pro-silicone-tres-resistant-aux-chocs#primaryimage\",\"url\":\"https:\\\/\\\/dyspoo.store\\\/wp-content\\\/uploads\\\/2025\\\/11\\\/pro90.webp\",\"contentUrl\":\"https:\\\/\\\/dyspoo.store\\\/wp-content\\\/uploads\\\/2025\\\/11\\\/pro90.webp\",\"width\":1588,\"height\":1588},{\"@type\":\"BreadcrumbList\",\"@id\":\"https:\\\/\\\/dyspoo.store\\\/?product=coque-pixel-9-pixel-9-pro-silicone-tres-resistant-aux-chocs#breadcrumb\",\"itemListElement\":[{\"@type\":\"ListItem\",\"position\":1,\"name\":\"Accueil\",\"item\":\"https:\\\/\\\/dyspoo.store\\\/\"},{\"@type\":\"ListItem\",\"position\":2,\"name\":\"Boutique\",\"item\":\"https:\\\/\\\/dyspoo.store\\\/?page_id=47\"},{\"@type\":\"ListItem\",\"position\":3,\"name\":\"Coque Pixel 9 &#038; Pixel 9 Pro, silicone tr\u00e8s r\u00e9sistant aux chocs\"}]},{\"@type\":\"WebSite\",\"@id\":\"https:\\\/\\\/dyspoo.store\\\/#website\",\"url\":\"https:\\\/\\\/dyspoo.store\\\/\",\"name\":\"DYSPOO\",\"description\":\"DYSPOO\",\"potentialAction\":[{\"@type\":\"SearchAction\",\"target\":{\"@type\":\"EntryPoint\",\"urlTemplate\":\"https:\\\/\\\/dyspoo.store\\\/?s={search_term_string}\"},\"query-input\":{\"@type\":\"PropertyValueSpecification\",\"valueRequired\":true,\"valueName\":\"search_term_string\"}}],\"inLanguage\":\"fr-FR\"}]}<\/script>\n<!-- \/ Yoast SEO plugin. -->","yoast_head_json":{"title":"Coque Pixel 9 & Pixel 9 Pro, silicone tr\u00e8s r\u00e9sistant aux chocs - DYSPOO","description":"Prot\u00e9gez Google Pixel 9 ou Pixel 9 Pro des chutes et des rayures avec une coque con\u00e7ue sur mesure. Con\u00e7ue sur mesure pour Google Pixel 9 et Pixel 9 Pro","robots":{"index":"index","follow":"follow","max-snippet":"max-snippet:-1","max-image-preview":"max-image-preview:large","max-video-preview":"max-video-preview:-1"},"canonical":"https:\/\/dyspoo.store\/?product=coque-pixel-9-pixel-9-pro-silicone-tres-resistant-aux-chocs","og_locale":"fr_FR","og_type":"article","og_title":"Coque Pixel 9 & Pixel 9 Pro, silicone tr\u00e8s r\u00e9sistant aux chocs - DYSPOO","og_description":"Prot\u00e9gez Google Pixel 9 ou Pixel 9 Pro des chutes et des rayures avec une coque con\u00e7ue sur mesure. Con\u00e7ue sur mesure pour Google Pixel 9 et Pixel 9 Pro","og_url":"https:\/\/dyspoo.store\/?product=coque-pixel-9-pixel-9-pro-silicone-tres-resistant-aux-chocs","og_site_name":"DYSPOO","article_modified_time":"2025-11-20T17:25:28+00:00","og_image":[{"width":1588,"height":1588,"url":"https:\/\/dyspoo.store\/wp-content\/uploads\/2025\/11\/pro90.webp","type":"image\/webp"}],"twitter_card":"summary_large_image","twitter_misc":{"Dur\u00e9e de lecture estim\u00e9e":"2 minutes"},"schema":{"@context":"https:\/\/schema.org","@graph":[{"@type":"WebPage","@id":"https:\/\/dyspoo.store\/?product=coque-pixel-9-pixel-9-pro-silicone-tres-resistant-aux-chocs","url":"https:\/\/dyspoo.store\/?product=coque-pixel-9-pixel-9-pro-silicone-tres-resistant-aux-chocs","name":"Coque Pixel 9 & Pixel 9 Pro, silicone tr\u00e8s r\u00e9sistant aux chocs - DYSPOO","isPartOf":{"@id":"https:\/\/dyspoo.store\/#website"},"primaryImageOfPage":{"@id":"https:\/\/dyspoo.store\/?product=coque-pixel-9-pixel-9-pro-silicone-tres-resistant-aux-chocs#primaryimage"},"image":{"@id":"https:\/\/dyspoo.store\/?product=coque-pixel-9-pixel-9-pro-silicone-tres-resistant-aux-chocs#primaryimage"},"thumbnailUrl":"https:\/\/dyspoo.store\/wp-content\/uploads\/2025\/11\/pro90.webp","datePublished":"2025-11-20T06:24:29+00:00","dateModified":"2025-11-20T17:25:28+00:00","description":"Prot\u00e9gez Google Pixel 9 ou Pixel 9 Pro des chutes et des rayures avec une coque con\u00e7ue sur mesure. Con\u00e7ue sur mesure pour Google Pixel 9 et Pixel 9 Pro","breadcrumb":{"@id":"https:\/\/dyspoo.store\/?product=coque-pixel-9-pixel-9-pro-silicone-tres-resistant-aux-chocs#breadcrumb"},"inLanguage":"fr-FR","potentialAction":[{"@type":"ReadAction","target":["https:\/\/dyspoo.store\/?product=coque-pixel-9-pixel-9-pro-silicone-tres-resistant-aux-chocs"]}]},{"@type":"ImageObject","inLanguage":"fr-FR","@id":"https:\/\/dyspoo.store\/?product=coque-pixel-9-pixel-9-pro-silicone-tres-resistant-aux-chocs#primaryimage","url":"https:\/\/dyspoo.store\/wp-content\/uploads\/2025\/11\/pro90.webp","contentUrl":"https:\/\/dyspoo.store\/wp-content\/uploads\/2025\/11\/pro90.webp","width":1588,"height":1588},{"@type":"BreadcrumbList","@id":"https:\/\/dyspoo.store\/?product=coque-pixel-9-pixel-9-pro-silicone-tres-resistant-aux-chocs#breadcrumb","itemListElement":[{"@type":"ListItem","position":1,"name":"Accueil","item":"https:\/\/dyspoo.store\/"},{"@type":"ListItem","position":2,"name":"Boutique","item":"https:\/\/dyspoo.store\/?page_id=47"},{"@type":"ListItem","position":3,"name":"Coque Pixel 9 &#038; Pixel 9 Pro, silicone tr\u00e8s r\u00e9sistant aux chocs"}]},{"@type":"WebSite","@id":"https:\/\/dyspoo.store\/#website","url":"https:\/\/dyspoo.store\/","name":"DYSPOO","description":"DYSPOO","potentialAction":[{"@type":"SearchAction","target":{"@type":"EntryPoint","urlTemplate":"https:\/\/dyspoo.store\/?s={search_term_string}"},"query-input":{"@type":"PropertyValueSpecification","valueRequired":true,"valueName":"search_term_string"}}],"inLanguage":"fr-FR"}]}},"jetpack_sharing_enabled":true,"_links":{"self":[{"href":"https:\/\/dyspoo.store\/index.php?rest_route=\/wp\/v2\/product\/29421","targetHints":{"allow":["GET"]}}],"collection":[{"href":"https:\/\/dyspoo.store\/index.php?rest_route=\/wp\/v2\/product"}],"about":[{"href":"https:\/\/dyspoo.store\/index.php?rest_route=\/wp\/v2\/types\/product"}],"replies":[{"embeddable":true,"href":"https:\/\/dyspoo.store\/index.php?rest_route=%2Fwp%2Fv2%2Fcomments&post=29421"}],"version-history":[{"count":14,"href":"https:\/\/dyspoo.store\/index.php?rest_route=\/wp\/v2\/product\/29421\/revisions"}],"predecessor-version":[{"id":29446,"href":"https:\/\/dyspoo.store\/index.php?rest_route=\/wp\/v2\/product\/29421\/revisions\/29446"}],"wp:featuredmedia":[{"embeddable":true,"href":"https:\/\/dyspoo.store\/index.php?rest_route=\/wp\/v2\/media\/29424"}],"wp:attachment":[{"href":"https:\/\/dyspoo.store\/index.php?rest_route=%2Fwp%2Fv2%2Fmedia&parent=29421"}],"wp:term":[{"taxonomy":"product_brand","embeddable":true,"href":"https:\/\/dyspoo.store\/index.php?rest_route=%2Fwp%2Fv2%2Fproduct_brand&post=29421"},{"taxonomy":"product_cat","embeddable":true,"href":"https:\/\/dyspoo.store\/index.php?rest_route=%2Fwp%2Fv2%2Fproduct_cat&post=29421"},{"taxonomy":"product_tag","embeddable":true,"href":"https:\/\/dyspoo.store\/index.php?rest_route=%2Fwp%2Fv2%2Fproduct_tag&post=29421"}],"curies":[{"name":"wp","href":"https:\/\/api.w.org\/{rel}","templated":true}]}}