{"id":29455,"date":"2025-11-25T10:56:18","date_gmt":"2025-11-25T10:56:18","guid":{"rendered":"https:\/\/dyspoo.store\/?post_type=product&#038;p=29455"},"modified":"2026-03-10T18:02:55","modified_gmt":"2026-03-10T18:02:55","slug":"masque-reutilisable-avec-double-filtre-integre","status":"publish","type":"product","link":"https:\/\/dyspoo.store\/?product=masque-reutilisable-avec-double-filtre-integre","title":{"rendered":"Masque r\u00e9utilisable avec double filtre int\u00e9gr\u00e9"},"content":{"rendered":"\t\t<div data-elementor-type=\"wp-post\" data-elementor-id=\"29455\" class=\"elementor elementor-29455\">\n\t\t\t\t<div class=\"wd-negative-gap elementor-element elementor-element-7ba917d e-flex e-con-boxed e-con e-parent\" data-id=\"7ba917d\" data-element_type=\"container\" data-e-type=\"container\">\n\t\t\t\t\t<div class=\"e-con-inner\">\n\t\t<div class=\"elementor-element elementor-element-836b10c e-con-full e-flex e-con e-child\" data-id=\"836b10c\" data-element_type=\"container\" data-e-type=\"container\">\n\t\t\t\t<div class=\"elementor-element elementor-element-92c0d6d elementor-widget elementor-widget-wd_text_block\" data-id=\"92c0d6d\" data-element_type=\"widget\" data-e-type=\"widget\" data-widget_type=\"wd_text_block.default\">\n\t\t\t\t<div class=\"elementor-widget-container\">\n\t\t\t\t\t\t\t<div class=\"wd-text-block reset-last-child text-left\">\n\t\t\t\n\t\t\t<h4><strong>\u00c0 propos de cet article<\/strong><\/h4><p><img loading=\"lazy\" decoding=\"async\" class=\"aligncenter wp-image-29688 size-full\" src=\"https:\/\/dyspoo.store\/wp-content\/uploads\/2026\/02\/masakkkhg.png\" alt=\"\" width=\"512\" height=\"512\" srcset=\"https:\/\/dyspoo.store\/wp-content\/uploads\/2026\/02\/masakkkhg.png 512w, https:\/\/dyspoo.store\/wp-content\/uploads\/2026\/02\/masakkkhg-300x300.png 300w, https:\/\/dyspoo.store\/wp-content\/uploads\/2026\/02\/masakkkhg-150x150.png 150w, https:\/\/dyspoo.store\/wp-content\/uploads\/2026\/02\/masakkkhg-430x430.png 430w\" sizes=\"auto, (max-width: 512px) 100vw, 512px\" \/><\/p><p>Convient \u00e0 la peinture au pistolet, au soudage, au nettoyage, \u00e0 la menuiserie, \u00e0 la construction, aux travaux ext\u00e9rieurs, au soudage, aux chemins de fer, \u00e0 la fabrication, aux scies \u00e0 m\u00e9taux, au tir, aux ateliers, aux travailleurs utilisant des tron\u00e7onneuses, au nettoyage, \u00e0 la construction, au d\u00e9sert, aux concepteurs, aux \u00e9lectriciens, aux travaux sur le terrain, aux ing\u00e9nieurs, aux lasers, \u00e0 l'usinage, aux m\u00e9caniciens, etc.<\/p><p><img loading=\"lazy\" decoding=\"async\" class=\"aligncenter wp-image-29463 size-large\" src=\"https:\/\/dyspoo.store\/wp-content\/uploads\/2025\/11\/syyiahsiai-800x800.webp\" alt=\"\" width=\"800\" height=\"800\" srcset=\"https:\/\/dyspoo.store\/wp-content\/uploads\/2025\/11\/syyiahsiai-800x800.webp 800w, https:\/\/dyspoo.store\/wp-content\/uploads\/2025\/11\/syyiahsiai-300x300.webp 300w, https:\/\/dyspoo.store\/wp-content\/uploads\/2025\/11\/syyiahsiai-150x150.webp 150w, https:\/\/dyspoo.store\/wp-content\/uploads\/2025\/11\/syyiahsiai-768x768.webp 768w, https:\/\/dyspoo.store\/wp-content\/uploads\/2025\/11\/syyiahsiai-430x430.webp 430w, https:\/\/dyspoo.store\/wp-content\/uploads\/2025\/11\/syyiahsiai-700x700.webp 700w, https:\/\/dyspoo.store\/wp-content\/uploads\/2025\/11\/syyiahsiai.webp 1200w\" sizes=\"auto, (max-width: 800px) 100vw, 800px\" \/><\/p>\n\t\t\t\t\t<\/div>\n\t\t\t\t\t\t<\/div>\n\t\t\t\t<\/div>\n\t\t\t\t<\/div>\n\t\t<div class=\"elementor-element elementor-element-e91f64e e-con-full e-flex e-con e-child\" data-id=\"e91f64e\" data-element_type=\"container\" data-e-type=\"container\">\n\t\t\t\t<div class=\"elementor-element elementor-element-10196b0 elementor-widget elementor-widget-wd_text_block\" data-id=\"10196b0\" data-element_type=\"widget\" data-e-type=\"widget\" data-widget_type=\"wd_text_block.default\">\n\t\t\t\t<div class=\"elementor-widget-container\">\n\t\t\t\t\t\t\t<div class=\"wd-text-block reset-last-child text-left\">\n\t\t\t\n\t\t\t<h4><strong>Facile \u00e0 utiliser<\/strong><\/h4><p><img loading=\"lazy\" decoding=\"async\" class=\"aligncenter wp-image-29689 size-full\" src=\"https:\/\/dyspoo.store\/wp-content\/uploads\/2026\/02\/masakksj.png\" alt=\"\" width=\"512\" height=\"512\" srcset=\"https:\/\/dyspoo.store\/wp-content\/uploads\/2026\/02\/masakksj.png 512w, https:\/\/dyspoo.store\/wp-content\/uploads\/2026\/02\/masakksj-300x300.png 300w, https:\/\/dyspoo.store\/wp-content\/uploads\/2026\/02\/masakksj-150x150.png 150w, https:\/\/dyspoo.store\/wp-content\/uploads\/2026\/02\/masakksj-430x430.png 430w\" sizes=\"auto, (max-width: 512px) 100vw, 512px\" \/><\/p><p>Le bandeau est ajustable pour un confort optimal et sans pression, convenant \u00e0 la plupart des tours de t\u00eate.<\/p><p>Couverture faciale adopte un syst\u00e8me de double filtration qui peut efficacement obstruer les vapeurs\/gaz organiques,pollen,poussi\u00e8re et d'autres particules dans l'air. C'est l'appareil de protection respiratoire id\u00e9al pour votre vie et votre travail.<\/p>\n\t\t\t\t\t<\/div>\n\t\t\t\t\t\t<\/div>\n\t\t\t\t<\/div>\n\t\t\t\t<div class=\"elementor-element elementor-element-ea943e2 elementor-widget elementor-widget-wd_text_block\" data-id=\"ea943e2\" data-element_type=\"widget\" data-e-type=\"widget\" data-widget_type=\"wd_text_block.default\">\n\t\t\t\t<div class=\"elementor-widget-container\">\n\t\t\t\t\t\t\t<div class=\"wd-text-block reset-last-child text-left\">\n\t\t\t\n\t\t\t<p><img loading=\"lazy\" decoding=\"async\" class=\"aligncenter wp-image-29469 size-large\" src=\"https:\/\/dyspoo.store\/wp-content\/uploads\/2025\/11\/imgi_56_D_Q_NP_973278-MLM88013409604_072025-F-mascara-respiradora-de-cara-completa-con-filtro-de-carbon-818x800.webp\" alt=\"\" width=\"818\" height=\"800\" srcset=\"https:\/\/dyspoo.store\/wp-content\/uploads\/2025\/11\/imgi_56_D_Q_NP_973278-MLM88013409604_072025-F-mascara-respiradora-de-cara-completa-con-filtro-de-carbon-818x800.webp 818w, https:\/\/dyspoo.store\/wp-content\/uploads\/2025\/11\/imgi_56_D_Q_NP_973278-MLM88013409604_072025-F-mascara-respiradora-de-cara-completa-con-filtro-de-carbon-307x300.webp 307w, https:\/\/dyspoo.store\/wp-content\/uploads\/2025\/11\/imgi_56_D_Q_NP_973278-MLM88013409604_072025-F-mascara-respiradora-de-cara-completa-con-filtro-de-carbon-768x751.webp 768w, https:\/\/dyspoo.store\/wp-content\/uploads\/2025\/11\/imgi_56_D_Q_NP_973278-MLM88013409604_072025-F-mascara-respiradora-de-cara-completa-con-filtro-de-carbon-430x421.webp 430w, https:\/\/dyspoo.store\/wp-content\/uploads\/2025\/11\/imgi_56_D_Q_NP_973278-MLM88013409604_072025-F-mascara-respiradora-de-cara-completa-con-filtro-de-carbon-700x685.webp 700w, https:\/\/dyspoo.store\/wp-content\/uploads\/2025\/11\/imgi_56_D_Q_NP_973278-MLM88013409604_072025-F-mascara-respiradora-de-cara-completa-con-filtro-de-carbon-150x147.webp 150w, https:\/\/dyspoo.store\/wp-content\/uploads\/2025\/11\/imgi_56_D_Q_NP_973278-MLM88013409604_072025-F-mascara-respiradora-de-cara-completa-con-filtro-de-carbon.webp 1200w\" sizes=\"auto, (max-width: 818px) 100vw, 818px\" \/><\/p>\n\t\t\t\t\t<\/div>\n\t\t\t\t\t\t<\/div>\n\t\t\t\t<\/div>\n\t\t\t\t<\/div>\n\t\t<div class=\"elementor-element elementor-element-3a86271 e-con-full e-flex e-con e-child\" data-id=\"3a86271\" data-element_type=\"container\" data-e-type=\"container\">\n\t\t\t\t<div class=\"elementor-element elementor-element-1cb5edc elementor-widget elementor-widget-wd_text_block\" data-id=\"1cb5edc\" data-element_type=\"widget\" data-e-type=\"widget\" data-widget_type=\"wd_text_block.default\">\n\t\t\t\t<div class=\"elementor-widget-container\">\n\t\t\t\t\t\t\t<div class=\"wd-text-block reset-last-child text-left\">\n\t\t\t\n\t\t\t<h4><strong>D\u00e9tails<\/strong><\/h4><h4><img loading=\"lazy\" decoding=\"async\" class=\"aligncenter wp-image-29693 size-large\" src=\"https:\/\/dyspoo.store\/wp-content\/uploads\/2026\/02\/msakk-800x800.jpg\" alt=\"\" width=\"800\" height=\"800\" srcset=\"https:\/\/dyspoo.store\/wp-content\/uploads\/2026\/02\/msakk-800x800.jpg 800w, https:\/\/dyspoo.store\/wp-content\/uploads\/2026\/02\/msakk-300x300.jpg 300w, https:\/\/dyspoo.store\/wp-content\/uploads\/2026\/02\/msakk-150x150.jpg 150w, https:\/\/dyspoo.store\/wp-content\/uploads\/2026\/02\/msakk-768x768.jpg 768w, https:\/\/dyspoo.store\/wp-content\/uploads\/2026\/02\/msakk-430x430.jpg 430w, https:\/\/dyspoo.store\/wp-content\/uploads\/2026\/02\/msakk-700x700.jpg 700w, https:\/\/dyspoo.store\/wp-content\/uploads\/2026\/02\/msakk.jpg 1000w\" sizes=\"auto, (max-width: 800px) 100vw, 800px\" \/><\/h4><p>Sa conception durable garantit une utilisation prolong\u00e9e tout en respectant les normes de sant\u00e9 et de s\u00e9curit\u00e9.<\/p><p>\u00c9conomisez de l'argent tout en pr\u00e9servant la plan\u00e8te. La conception de notre masque avec filtres interchangeables vous permet de remplacer les cartouches lorsqu'elles arrivent en fin de vie et de continuer \u00e0 utiliser le masque avec une filtration optimale.<\/p><p><img loading=\"lazy\" decoding=\"async\" class=\"aligncenter wp-image-29464 size-large\" src=\"https:\/\/dyspoo.store\/wp-content\/uploads\/2025\/11\/dyspoosfadc70b6ae7-800x800.jpg\" alt=\"\" width=\"800\" height=\"800\" srcset=\"https:\/\/dyspoo.store\/wp-content\/uploads\/2025\/11\/dyspoosfadc70b6ae7-800x800.jpg 800w, https:\/\/dyspoo.store\/wp-content\/uploads\/2025\/11\/dyspoosfadc70b6ae7-300x300.jpg 300w, https:\/\/dyspoo.store\/wp-content\/uploads\/2025\/11\/dyspoosfadc70b6ae7-150x150.jpg 150w, https:\/\/dyspoo.store\/wp-content\/uploads\/2025\/11\/dyspoosfadc70b6ae7-768x768.jpg 768w, https:\/\/dyspoo.store\/wp-content\/uploads\/2025\/11\/dyspoosfadc70b6ae7-430x430.jpg 430w, https:\/\/dyspoo.store\/wp-content\/uploads\/2025\/11\/dyspoosfadc70b6ae7-700x700.jpg 700w, https:\/\/dyspoo.store\/wp-content\/uploads\/2025\/11\/dyspoosfadc70b6ae7.jpg 1500w\" sizes=\"auto, (max-width: 800px) 100vw, 800px\" \/><\/p>\n\t\t\t\t\t<\/div>\n\t\t\t\t\t\t<\/div>\n\t\t\t\t<\/div>\n\t\t\t\t<\/div>\n\t\t\t\t\t<\/div>\n\t\t\t\t<\/div>\n\t\t\t\t<\/div>\n\t\t","protected":false},"excerpt":{"rendered":"<p>Ce masque utilise un syst\u00e8me de double filtration qui bloque efficacement les vapeurs\/gaz organiques, la fum\u00e9e, le pollen, la poussi\u00e8re et autres particules en suspension dans l&rsquo;air. Il s&rsquo;agit du dispositif de protection respiratoire id\u00e9al pour votre vie quotidienne et professionnelle.<br \/>\nIl convient aux environnements de travail impliquant des produits chimiques, des m\u00e9taux, des peintures, des produits agricoles, du m\u00e9thane et d&rsquo;autres vapeurs et gaz irritants. Lors de travaux m\u00e9caniques tels que le soudage, le sciage, le meulage, le d\u00e9capage de graffitis et la peinture, il emp\u00eache les particules de poussi\u00e8re de p\u00e9n\u00e9trer dans les voies respiratoires.<\/p>\n","protected":false},"featured_media":29685,"comment_status":"open","ping_status":"closed","template":"","meta":[],"product_brand":[126],"product_cat":[74],"product_tag":[],"class_list":{"0":"post-29455","1":"product","2":"type-product","3":"status-publish","4":"has-post-thumbnail","6":"product_brand-dyspoo","7":"product_cat-accessoires","9":"first","10":"instock","11":"sale","12":"shipping-taxable","13":"purchasable","14":"product-type-simple"},"yoast_head":"<!-- This site is optimized with the Yoast SEO plugin v27.3 - https:\/\/yoast.com\/product\/yoast-seo-wordpress\/ -->\n<title>Masque r\u00e9utilisable avec double filtre int\u00e9gr\u00e9 - DYSPOO<\/title>\n<meta name=\"description\" content=\"Zones de travail contenant des produits chimiques,m\u00e9taux,peintures,substances agricoles,m\u00e9thanal et d&#039;autres vapeurs et gaz irritants\" \/>\n<meta name=\"robots\" content=\"index, follow, max-snippet:-1, max-image-preview:large, max-video-preview:-1\" \/>\n<link rel=\"canonical\" href=\"https:\/\/dyspoo.store\/?product=masque-reutilisable-avec-double-filtre-integre\" \/>\n<meta property=\"og:locale\" content=\"fr_FR\" \/>\n<meta property=\"og:type\" content=\"article\" \/>\n<meta property=\"og:title\" content=\"Masque r\u00e9utilisable avec double filtre int\u00e9gr\u00e9 - DYSPOO\" \/>\n<meta property=\"og:description\" content=\"Zones de travail contenant des produits chimiques,m\u00e9taux,peintures,substances agricoles,m\u00e9thanal et d&#039;autres vapeurs et gaz irritants\" \/>\n<meta property=\"og:url\" content=\"https:\/\/dyspoo.store\/?product=masque-reutilisable-avec-double-filtre-integre\" \/>\n<meta property=\"og:site_name\" content=\"DYSPOO\" \/>\n<meta property=\"article:modified_time\" content=\"2026-03-10T18:02:55+00:00\" \/>\n<meta property=\"og:image\" content=\"https:\/\/dyspoo.store\/wp-content\/uploads\/2025\/11\/maskksjk79_.jpg\" \/>\n\t<meta property=\"og:image:width\" content=\"679\" \/>\n\t<meta property=\"og:image:height\" content=\"679\" \/>\n\t<meta property=\"og:image:type\" content=\"image\/jpeg\" \/>\n<meta name=\"twitter:card\" content=\"summary_large_image\" \/>\n<meta name=\"twitter:label1\" content=\"Dur\u00e9e de lecture estim\u00e9e\" \/>\n\t<meta name=\"twitter:data1\" content=\"3 minutes\" \/>\n<script type=\"application\/ld+json\" class=\"yoast-schema-graph\">{\"@context\":\"https:\\\/\\\/schema.org\",\"@graph\":[{\"@type\":\"WebPage\",\"@id\":\"https:\\\/\\\/dyspoo.store\\\/?product=masque-reutilisable-avec-double-filtre-integre\",\"url\":\"https:\\\/\\\/dyspoo.store\\\/?product=masque-reutilisable-avec-double-filtre-integre\",\"name\":\"Masque r\u00e9utilisable avec double filtre int\u00e9gr\u00e9 - DYSPOO\",\"isPartOf\":{\"@id\":\"https:\\\/\\\/dyspoo.store\\\/#website\"},\"primaryImageOfPage\":{\"@id\":\"https:\\\/\\\/dyspoo.store\\\/?product=masque-reutilisable-avec-double-filtre-integre#primaryimage\"},\"image\":{\"@id\":\"https:\\\/\\\/dyspoo.store\\\/?product=masque-reutilisable-avec-double-filtre-integre#primaryimage\"},\"thumbnailUrl\":\"https:\\\/\\\/dyspoo.store\\\/wp-content\\\/uploads\\\/2025\\\/11\\\/maskksjk79_.jpg\",\"datePublished\":\"2025-11-25T10:56:18+00:00\",\"dateModified\":\"2026-03-10T18:02:55+00:00\",\"description\":\"Zones de travail contenant des produits chimiques,m\u00e9taux,peintures,substances agricoles,m\u00e9thanal et d'autres vapeurs et gaz irritants\",\"breadcrumb\":{\"@id\":\"https:\\\/\\\/dyspoo.store\\\/?product=masque-reutilisable-avec-double-filtre-integre#breadcrumb\"},\"inLanguage\":\"fr-FR\",\"potentialAction\":[{\"@type\":\"ReadAction\",\"target\":[\"https:\\\/\\\/dyspoo.store\\\/?product=masque-reutilisable-avec-double-filtre-integre\"]}]},{\"@type\":\"ImageObject\",\"inLanguage\":\"fr-FR\",\"@id\":\"https:\\\/\\\/dyspoo.store\\\/?product=masque-reutilisable-avec-double-filtre-integre#primaryimage\",\"url\":\"https:\\\/\\\/dyspoo.store\\\/wp-content\\\/uploads\\\/2025\\\/11\\\/maskksjk79_.jpg\",\"contentUrl\":\"https:\\\/\\\/dyspoo.store\\\/wp-content\\\/uploads\\\/2025\\\/11\\\/maskksjk79_.jpg\",\"width\":679,\"height\":679},{\"@type\":\"BreadcrumbList\",\"@id\":\"https:\\\/\\\/dyspoo.store\\\/?product=masque-reutilisable-avec-double-filtre-integre#breadcrumb\",\"itemListElement\":[{\"@type\":\"ListItem\",\"position\":1,\"name\":\"Accueil\",\"item\":\"https:\\\/\\\/dyspoo.store\\\/\"},{\"@type\":\"ListItem\",\"position\":2,\"name\":\"Boutique\",\"item\":\"https:\\\/\\\/dyspoo.store\\\/?page_id=47\"},{\"@type\":\"ListItem\",\"position\":3,\"name\":\"Masque r\u00e9utilisable avec double filtre int\u00e9gr\u00e9\"}]},{\"@type\":\"WebSite\",\"@id\":\"https:\\\/\\\/dyspoo.store\\\/#website\",\"url\":\"https:\\\/\\\/dyspoo.store\\\/\",\"name\":\"DYSPOO\",\"description\":\"DYSPOO\",\"potentialAction\":[{\"@type\":\"SearchAction\",\"target\":{\"@type\":\"EntryPoint\",\"urlTemplate\":\"https:\\\/\\\/dyspoo.store\\\/?s={search_term_string}\"},\"query-input\":{\"@type\":\"PropertyValueSpecification\",\"valueRequired\":true,\"valueName\":\"search_term_string\"}}],\"inLanguage\":\"fr-FR\"}]}<\/script>\n<!-- \/ Yoast SEO plugin. -->","yoast_head_json":{"title":"Masque r\u00e9utilisable avec double filtre int\u00e9gr\u00e9 - DYSPOO","description":"Zones de travail contenant des produits chimiques,m\u00e9taux,peintures,substances agricoles,m\u00e9thanal et d'autres vapeurs et gaz irritants","robots":{"index":"index","follow":"follow","max-snippet":"max-snippet:-1","max-image-preview":"max-image-preview:large","max-video-preview":"max-video-preview:-1"},"canonical":"https:\/\/dyspoo.store\/?product=masque-reutilisable-avec-double-filtre-integre","og_locale":"fr_FR","og_type":"article","og_title":"Masque r\u00e9utilisable avec double filtre int\u00e9gr\u00e9 - DYSPOO","og_description":"Zones de travail contenant des produits chimiques,m\u00e9taux,peintures,substances agricoles,m\u00e9thanal et d'autres vapeurs et gaz irritants","og_url":"https:\/\/dyspoo.store\/?product=masque-reutilisable-avec-double-filtre-integre","og_site_name":"DYSPOO","article_modified_time":"2026-03-10T18:02:55+00:00","og_image":[{"width":679,"height":679,"url":"https:\/\/dyspoo.store\/wp-content\/uploads\/2025\/11\/maskksjk79_.jpg","type":"image\/jpeg"}],"twitter_card":"summary_large_image","twitter_misc":{"Dur\u00e9e de lecture estim\u00e9e":"3 minutes"},"schema":{"@context":"https:\/\/schema.org","@graph":[{"@type":"WebPage","@id":"https:\/\/dyspoo.store\/?product=masque-reutilisable-avec-double-filtre-integre","url":"https:\/\/dyspoo.store\/?product=masque-reutilisable-avec-double-filtre-integre","name":"Masque r\u00e9utilisable avec double filtre int\u00e9gr\u00e9 - DYSPOO","isPartOf":{"@id":"https:\/\/dyspoo.store\/#website"},"primaryImageOfPage":{"@id":"https:\/\/dyspoo.store\/?product=masque-reutilisable-avec-double-filtre-integre#primaryimage"},"image":{"@id":"https:\/\/dyspoo.store\/?product=masque-reutilisable-avec-double-filtre-integre#primaryimage"},"thumbnailUrl":"https:\/\/dyspoo.store\/wp-content\/uploads\/2025\/11\/maskksjk79_.jpg","datePublished":"2025-11-25T10:56:18+00:00","dateModified":"2026-03-10T18:02:55+00:00","description":"Zones de travail contenant des produits chimiques,m\u00e9taux,peintures,substances agricoles,m\u00e9thanal et d'autres vapeurs et gaz irritants","breadcrumb":{"@id":"https:\/\/dyspoo.store\/?product=masque-reutilisable-avec-double-filtre-integre#breadcrumb"},"inLanguage":"fr-FR","potentialAction":[{"@type":"ReadAction","target":["https:\/\/dyspoo.store\/?product=masque-reutilisable-avec-double-filtre-integre"]}]},{"@type":"ImageObject","inLanguage":"fr-FR","@id":"https:\/\/dyspoo.store\/?product=masque-reutilisable-avec-double-filtre-integre#primaryimage","url":"https:\/\/dyspoo.store\/wp-content\/uploads\/2025\/11\/maskksjk79_.jpg","contentUrl":"https:\/\/dyspoo.store\/wp-content\/uploads\/2025\/11\/maskksjk79_.jpg","width":679,"height":679},{"@type":"BreadcrumbList","@id":"https:\/\/dyspoo.store\/?product=masque-reutilisable-avec-double-filtre-integre#breadcrumb","itemListElement":[{"@type":"ListItem","position":1,"name":"Accueil","item":"https:\/\/dyspoo.store\/"},{"@type":"ListItem","position":2,"name":"Boutique","item":"https:\/\/dyspoo.store\/?page_id=47"},{"@type":"ListItem","position":3,"name":"Masque r\u00e9utilisable avec double filtre int\u00e9gr\u00e9"}]},{"@type":"WebSite","@id":"https:\/\/dyspoo.store\/#website","url":"https:\/\/dyspoo.store\/","name":"DYSPOO","description":"DYSPOO","potentialAction":[{"@type":"SearchAction","target":{"@type":"EntryPoint","urlTemplate":"https:\/\/dyspoo.store\/?s={search_term_string}"},"query-input":{"@type":"PropertyValueSpecification","valueRequired":true,"valueName":"search_term_string"}}],"inLanguage":"fr-FR"}]}},"jetpack_sharing_enabled":true,"_links":{"self":[{"href":"https:\/\/dyspoo.store\/index.php?rest_route=\/wp\/v2\/product\/29455","targetHints":{"allow":["GET"]}}],"collection":[{"href":"https:\/\/dyspoo.store\/index.php?rest_route=\/wp\/v2\/product"}],"about":[{"href":"https:\/\/dyspoo.store\/index.php?rest_route=\/wp\/v2\/types\/product"}],"replies":[{"embeddable":true,"href":"https:\/\/dyspoo.store\/index.php?rest_route=%2Fwp%2Fv2%2Fcomments&post=29455"}],"version-history":[{"count":9,"href":"https:\/\/dyspoo.store\/index.php?rest_route=\/wp\/v2\/product\/29455\/revisions"}],"predecessor-version":[{"id":29697,"href":"https:\/\/dyspoo.store\/index.php?rest_route=\/wp\/v2\/product\/29455\/revisions\/29697"}],"wp:featuredmedia":[{"embeddable":true,"href":"https:\/\/dyspoo.store\/index.php?rest_route=\/wp\/v2\/media\/29685"}],"wp:attachment":[{"href":"https:\/\/dyspoo.store\/index.php?rest_route=%2Fwp%2Fv2%2Fmedia&parent=29455"}],"wp:term":[{"taxonomy":"product_brand","embeddable":true,"href":"https:\/\/dyspoo.store\/index.php?rest_route=%2Fwp%2Fv2%2Fproduct_brand&post=29455"},{"taxonomy":"product_cat","embeddable":true,"href":"https:\/\/dyspoo.store\/index.php?rest_route=%2Fwp%2Fv2%2Fproduct_cat&post=29455"},{"taxonomy":"product_tag","embeddable":true,"href":"https:\/\/dyspoo.store\/index.php?rest_route=%2Fwp%2Fv2%2Fproduct_tag&post=29455"}],"curies":[{"name":"wp","href":"https:\/\/api.w.org\/{rel}","templated":true}]}}