{"id":29488,"date":"2025-12-02T16:15:39","date_gmt":"2025-12-02T16:15:39","guid":{"rendered":"https:\/\/dyspoo.store\/?post_type=product&#038;p=29488"},"modified":"2026-02-10T19:50:13","modified_gmt":"2026-02-10T19:50:13","slug":"protection-en-silicone","status":"publish","type":"product","link":"https:\/\/dyspoo.store\/?product=protection-en-silicone","title":{"rendered":"4 Pcs Protection en silicone pour manettes Xbox, PS5, PS4, PS3, PS2 et PC"},"content":{"rendered":"\t\t<div data-elementor-type=\"wp-post\" data-elementor-id=\"29488\" class=\"elementor elementor-29488\">\n\t\t\t\t<div class=\"wd-negative-gap elementor-element elementor-element-7ba917d e-flex e-con-boxed e-con e-parent\" data-id=\"7ba917d\" data-element_type=\"container\" data-e-type=\"container\">\n\t\t\t\t\t<div class=\"e-con-inner\">\n\t\t<div class=\"elementor-element elementor-element-836b10c e-con-full e-flex e-con e-child\" data-id=\"836b10c\" data-element_type=\"container\" data-e-type=\"container\">\n\t\t\t\t<div class=\"elementor-element elementor-element-92c0d6d elementor-widget elementor-widget-wd_text_block\" data-id=\"92c0d6d\" data-element_type=\"widget\" data-e-type=\"widget\" data-widget_type=\"wd_text_block.default\">\n\t\t\t\t<div class=\"elementor-widget-container\">\n\t\t\t\t\t\t\t<div class=\"wd-text-block reset-last-child text-left\">\n\t\t\t\n\t\t\t<h4><strong>\u00c0 propos de cet article<\/strong><\/h4><p><img loading=\"lazy\" decoding=\"async\" class=\"aligncenter wp-image-29495 size-full\" src=\"https:\/\/dyspoo.store\/wp-content\/uploads\/2025\/12\/joiuiy.png\" alt=\"\" width=\"817\" height=\"760\" srcset=\"https:\/\/dyspoo.store\/wp-content\/uploads\/2025\/12\/joiuiy.png 817w, https:\/\/dyspoo.store\/wp-content\/uploads\/2025\/12\/joiuiy-323x300.png 323w, https:\/\/dyspoo.store\/wp-content\/uploads\/2025\/12\/joiuiy-768x714.png 768w, https:\/\/dyspoo.store\/wp-content\/uploads\/2025\/12\/joiuiy-430x400.png 430w, https:\/\/dyspoo.store\/wp-content\/uploads\/2025\/12\/joiuiy-700x651.png 700w, https:\/\/dyspoo.store\/wp-content\/uploads\/2025\/12\/joiuiy-150x140.png 150w\" sizes=\"auto, (max-width: 817px) 100vw, 817px\" \/><\/p><p>Facile \u00e0 installer : il suffit de retourner les capuchons, puis de les enfiler sur les manettes. Am\u00e9liorez votre exp\u00e9rience de jeu gr\u00e2ce \u00e0 ces simples accessoires concaves. Fabriqu\u00e9s en silicone de haute qualit\u00e9, confortables et durables, leur conception pr\u00e9cise et r\u00e9active vous offre une exp\u00e9rience de jeu parfaite.<\/p><p><img loading=\"lazy\" decoding=\"async\" class=\"aligncenter wp-image-29496 size-large\" src=\"https:\/\/dyspoo.store\/wp-content\/uploads\/2025\/12\/lknj-812x800.jpg\" alt=\"\" width=\"812\" height=\"800\" srcset=\"https:\/\/dyspoo.store\/wp-content\/uploads\/2025\/12\/lknj-812x800.jpg 812w, https:\/\/dyspoo.store\/wp-content\/uploads\/2025\/12\/lknj-305x300.jpg 305w, https:\/\/dyspoo.store\/wp-content\/uploads\/2025\/12\/lknj-768x756.jpg 768w, https:\/\/dyspoo.store\/wp-content\/uploads\/2025\/12\/lknj-430x423.jpg 430w, https:\/\/dyspoo.store\/wp-content\/uploads\/2025\/12\/lknj-700x689.jpg 700w, https:\/\/dyspoo.store\/wp-content\/uploads\/2025\/12\/lknj-150x148.jpg 150w, https:\/\/dyspoo.store\/wp-content\/uploads\/2025\/12\/lknj.jpg 990w\" sizes=\"auto, (max-width: 812px) 100vw, 812px\" \/><\/p>\n\t\t\t\t\t<\/div>\n\t\t\t\t\t\t<\/div>\n\t\t\t\t<\/div>\n\t\t\t\t<\/div>\n\t\t<div class=\"elementor-element elementor-element-e91f64e e-con-full e-flex e-con e-child\" data-id=\"e91f64e\" data-element_type=\"container\" data-e-type=\"container\">\n\t\t\t\t<div class=\"elementor-element elementor-element-10196b0 elementor-widget elementor-widget-wd_text_block\" data-id=\"10196b0\" data-element_type=\"widget\" data-e-type=\"widget\" data-widget_type=\"wd_text_block.default\">\n\t\t\t\t<div class=\"elementor-widget-container\">\n\t\t\t\t\t\t\t<div class=\"wd-text-block reset-last-child text-left\">\n\t\t\t\n\t\t\t<h4><strong>Facile \u00e0 utiliser<\/strong><\/h4><p><img loading=\"lazy\" decoding=\"async\" class=\"aligncenter wp-image-29506 size-full\" src=\"https:\/\/dyspoo.store\/wp-content\/uploads\/2025\/12\/knkjhgy.jpg\" alt=\"\" width=\"800\" height=\"800\" srcset=\"https:\/\/dyspoo.store\/wp-content\/uploads\/2025\/12\/knkjhgy.jpg 800w, https:\/\/dyspoo.store\/wp-content\/uploads\/2025\/12\/knkjhgy-300x300.jpg 300w, https:\/\/dyspoo.store\/wp-content\/uploads\/2025\/12\/knkjhgy-150x150.jpg 150w, https:\/\/dyspoo.store\/wp-content\/uploads\/2025\/12\/knkjhgy-768x768.jpg 768w, https:\/\/dyspoo.store\/wp-content\/uploads\/2025\/12\/knkjhgy-430x430.jpg 430w, https:\/\/dyspoo.store\/wp-content\/uploads\/2025\/12\/knkjhgy-700x700.jpg 700w\" sizes=\"auto, (max-width: 800px) 100vw, 800px\" \/><\/p><p>Contenu : 4 Protection en silicone<\/p><p>Mat\u00e9riau doux et tactile : Silicone premium agr\u00e9able au toucher, anti-transpirant et non glissant.<\/p><p>Design ergonomique : \u00c9pouse parfaitement les courbes originales de la manette sans ajouter de volume g\u00eanant.<\/p>\n\t\t\t\t\t<\/div>\n\t\t\t\t\t\t<\/div>\n\t\t\t\t<\/div>\n\t\t\t\t<div class=\"elementor-element elementor-element-ea943e2 elementor-widget elementor-widget-wd_text_block\" data-id=\"ea943e2\" data-element_type=\"widget\" data-e-type=\"widget\" data-widget_type=\"wd_text_block.default\">\n\t\t\t\t<div class=\"elementor-widget-container\">\n\t\t\t\t\t\t\t<div class=\"wd-text-block reset-last-child text-left\">\n\t\t\t\n\t\t\t<p><img loading=\"lazy\" decoding=\"async\" class=\"aligncenter wp-image-29507 size-full\" src=\"https:\/\/dyspoo.store\/wp-content\/uploads\/2025\/12\/joyedwh383e2.jpg\" alt=\"\" width=\"800\" height=\"800\" srcset=\"https:\/\/dyspoo.store\/wp-content\/uploads\/2025\/12\/joyedwh383e2.jpg 800w, https:\/\/dyspoo.store\/wp-content\/uploads\/2025\/12\/joyedwh383e2-300x300.jpg 300w, https:\/\/dyspoo.store\/wp-content\/uploads\/2025\/12\/joyedwh383e2-150x150.jpg 150w, https:\/\/dyspoo.store\/wp-content\/uploads\/2025\/12\/joyedwh383e2-768x768.jpg 768w, https:\/\/dyspoo.store\/wp-content\/uploads\/2025\/12\/joyedwh383e2-430x430.jpg 430w, https:\/\/dyspoo.store\/wp-content\/uploads\/2025\/12\/joyedwh383e2-700x700.jpg 700w\" sizes=\"auto, (max-width: 800px) 100vw, 800px\" \/><\/p>\n\t\t\t\t\t<\/div>\n\t\t\t\t\t\t<\/div>\n\t\t\t\t<\/div>\n\t\t\t\t<\/div>\n\t\t<div class=\"elementor-element elementor-element-3a86271 e-con-full e-flex e-con e-child\" data-id=\"3a86271\" data-element_type=\"container\" data-e-type=\"container\">\n\t\t\t\t<div class=\"elementor-element elementor-element-1cb5edc elementor-widget elementor-widget-wd_text_block\" data-id=\"1cb5edc\" data-element_type=\"widget\" data-e-type=\"widget\" data-widget_type=\"wd_text_block.default\">\n\t\t\t\t<div class=\"elementor-widget-container\">\n\t\t\t\t\t\t\t<div class=\"wd-text-block reset-last-child text-left\">\n\t\t\t\n\t\t\t<h4><strong>D\u00e9tails<\/strong><\/h4><h4><img loading=\"lazy\" decoding=\"async\" class=\"aligncenter wp-image-29508 size-full\" src=\"https:\/\/dyspoo.store\/wp-content\/uploads\/2025\/12\/joyrkld.jpg\" alt=\"\" width=\"800\" height=\"800\" srcset=\"https:\/\/dyspoo.store\/wp-content\/uploads\/2025\/12\/joyrkld.jpg 800w, https:\/\/dyspoo.store\/wp-content\/uploads\/2025\/12\/joyrkld-300x300.jpg 300w, https:\/\/dyspoo.store\/wp-content\/uploads\/2025\/12\/joyrkld-150x150.jpg 150w, https:\/\/dyspoo.store\/wp-content\/uploads\/2025\/12\/joyrkld-768x768.jpg 768w, https:\/\/dyspoo.store\/wp-content\/uploads\/2025\/12\/joyrkld-430x430.jpg 430w, https:\/\/dyspoo.store\/wp-content\/uploads\/2025\/12\/joyrkld-700x700.jpg 700w\" sizes=\"auto, (max-width: 800px) 100vw, 800px\" \/><\/h4><p>Installation intuitive : Se fixe en quelques secondes sans outils, comme une \u00ab seconde peau \u00bb.<\/p><p>Donnez un coup de neuf \u00e0 votre manette sans prendre de risque avec des modifications permanentes.<\/p><p>Id\u00e9al pour ceux qui recherchent une meilleure prise en main et plus de confort.<\/p><p><img loading=\"lazy\" decoding=\"async\" class=\"aligncenter wp-image-29494 size-full\" src=\"https:\/\/dyspoo.store\/wp-content\/uploads\/2025\/12\/joyuyu.png\" alt=\"\" width=\"772\" height=\"748\" srcset=\"https:\/\/dyspoo.store\/wp-content\/uploads\/2025\/12\/joyuyu.png 772w, https:\/\/dyspoo.store\/wp-content\/uploads\/2025\/12\/joyuyu-310x300.png 310w, https:\/\/dyspoo.store\/wp-content\/uploads\/2025\/12\/joyuyu-768x744.png 768w, https:\/\/dyspoo.store\/wp-content\/uploads\/2025\/12\/joyuyu-430x417.png 430w, https:\/\/dyspoo.store\/wp-content\/uploads\/2025\/12\/joyuyu-700x678.png 700w, https:\/\/dyspoo.store\/wp-content\/uploads\/2025\/12\/joyuyu-150x145.png 150w\" sizes=\"auto, (max-width: 772px) 100vw, 772px\" \/><\/p>\n\t\t\t\t\t<\/div>\n\t\t\t\t\t\t<\/div>\n\t\t\t\t<\/div>\n\t\t\t\t<\/div>\n\t\t\t\t\t<\/div>\n\t\t\t\t<\/div>\n\t\t\t\t<\/div>\n\t\t","protected":false},"excerpt":{"rendered":"<p>Facile \u00e0 installer : il suffit de retourner les capuchons, puis de les enfiler sur les manettes. Am\u00e9liorez votre exp\u00e9rience de jeu gr\u00e2ce \u00e0 ces simples accessoires concaves. Fabriqu\u00e9s en silicone de haute qualit\u00e9, confortables et durables, leur conception pr\u00e9cise et r\u00e9active vous offre une exp\u00e9rience de jeu parfaite.<\/p>\n","protected":false},"featured_media":29490,"comment_status":"open","ping_status":"closed","template":"","meta":[],"product_brand":[126],"product_cat":[74],"product_tag":[],"class_list":{"0":"post-29488","1":"product","2":"type-product","3":"status-publish","4":"has-post-thumbnail","6":"product_brand-dyspoo","7":"product_cat-accessoires","9":"first","10":"instock","11":"sale","12":"shipping-taxable","13":"purchasable","14":"product-type-simple"},"yoast_head":"<!-- This site is optimized with the Yoast SEO plugin v27.3 - https:\/\/yoast.com\/product\/yoast-seo-wordpress\/ -->\n<title>4 Pcs Protection en silicone pour manettes Xbox, PS5, PS4, PS3, PS2 et PC - DYSPOO<\/title>\n<meta name=\"description\" content=\"Protection en silicone pour manettes Xbox, PS5, PS4, PS3, PS2 et PC - Facile \u00e0 installer : il suffit de retourner les capuchons...\" \/>\n<meta name=\"robots\" content=\"index, follow, max-snippet:-1, max-image-preview:large, max-video-preview:-1\" \/>\n<link rel=\"canonical\" href=\"https:\/\/dyspoo.store\/?product=protection-en-silicone\" \/>\n<meta property=\"og:locale\" content=\"fr_FR\" \/>\n<meta property=\"og:type\" content=\"article\" \/>\n<meta property=\"og:title\" content=\"4 Pcs Protection en silicone pour manettes Xbox, PS5, PS4, PS3, PS2 et PC - DYSPOO\" \/>\n<meta property=\"og:description\" content=\"Protection en silicone pour manettes Xbox, PS5, PS4, PS3, PS2 et PC - Facile \u00e0 installer : il suffit de retourner les capuchons...\" \/>\n<meta property=\"og:url\" content=\"https:\/\/dyspoo.store\/?product=protection-en-silicone\" \/>\n<meta property=\"og:site_name\" content=\"DYSPOO\" \/>\n<meta property=\"article:modified_time\" content=\"2026-02-10T19:50:13+00:00\" \/>\n<meta property=\"og:image\" content=\"https:\/\/dyspoo.store\/wp-content\/uploads\/2025\/12\/joystikjh.png\" \/>\n\t<meta property=\"og:image:width\" content=\"500\" \/>\n\t<meta property=\"og:image:height\" content=\"500\" \/>\n\t<meta property=\"og:image:type\" content=\"image\/png\" \/>\n<meta name=\"twitter:card\" content=\"summary_large_image\" \/>\n<meta name=\"twitter:label1\" content=\"Dur\u00e9e de lecture estim\u00e9e\" \/>\n\t<meta name=\"twitter:data1\" content=\"3 minutes\" \/>\n<script type=\"application\/ld+json\" class=\"yoast-schema-graph\">{\"@context\":\"https:\\\/\\\/schema.org\",\"@graph\":[{\"@type\":\"WebPage\",\"@id\":\"https:\\\/\\\/dyspoo.store\\\/?product=protection-en-silicone\",\"url\":\"https:\\\/\\\/dyspoo.store\\\/?product=protection-en-silicone\",\"name\":\"4 Pcs Protection en silicone pour manettes Xbox, PS5, PS4, PS3, PS2 et PC - DYSPOO\",\"isPartOf\":{\"@id\":\"https:\\\/\\\/dyspoo.store\\\/#website\"},\"primaryImageOfPage\":{\"@id\":\"https:\\\/\\\/dyspoo.store\\\/?product=protection-en-silicone#primaryimage\"},\"image\":{\"@id\":\"https:\\\/\\\/dyspoo.store\\\/?product=protection-en-silicone#primaryimage\"},\"thumbnailUrl\":\"https:\\\/\\\/dyspoo.store\\\/wp-content\\\/uploads\\\/2025\\\/12\\\/joystikjh.png\",\"datePublished\":\"2025-12-02T16:15:39+00:00\",\"dateModified\":\"2026-02-10T19:50:13+00:00\",\"description\":\"Protection en silicone pour manettes Xbox, PS5, PS4, PS3, PS2 et PC - Facile \u00e0 installer : il suffit de retourner les capuchons...\",\"breadcrumb\":{\"@id\":\"https:\\\/\\\/dyspoo.store\\\/?product=protection-en-silicone#breadcrumb\"},\"inLanguage\":\"fr-FR\",\"potentialAction\":[{\"@type\":\"ReadAction\",\"target\":[\"https:\\\/\\\/dyspoo.store\\\/?product=protection-en-silicone\"]}]},{\"@type\":\"ImageObject\",\"inLanguage\":\"fr-FR\",\"@id\":\"https:\\\/\\\/dyspoo.store\\\/?product=protection-en-silicone#primaryimage\",\"url\":\"https:\\\/\\\/dyspoo.store\\\/wp-content\\\/uploads\\\/2025\\\/12\\\/joystikjh.png\",\"contentUrl\":\"https:\\\/\\\/dyspoo.store\\\/wp-content\\\/uploads\\\/2025\\\/12\\\/joystikjh.png\",\"width\":500,\"height\":500},{\"@type\":\"BreadcrumbList\",\"@id\":\"https:\\\/\\\/dyspoo.store\\\/?product=protection-en-silicone#breadcrumb\",\"itemListElement\":[{\"@type\":\"ListItem\",\"position\":1,\"name\":\"Accueil\",\"item\":\"https:\\\/\\\/dyspoo.store\\\/\"},{\"@type\":\"ListItem\",\"position\":2,\"name\":\"Boutique\",\"item\":\"https:\\\/\\\/dyspoo.store\\\/?page_id=47\"},{\"@type\":\"ListItem\",\"position\":3,\"name\":\"4 Pcs Protection en silicone pour manettes Xbox, PS5, PS4, PS3, PS2 et PC\"}]},{\"@type\":\"WebSite\",\"@id\":\"https:\\\/\\\/dyspoo.store\\\/#website\",\"url\":\"https:\\\/\\\/dyspoo.store\\\/\",\"name\":\"DYSPOO\",\"description\":\"DYSPOO\",\"potentialAction\":[{\"@type\":\"SearchAction\",\"target\":{\"@type\":\"EntryPoint\",\"urlTemplate\":\"https:\\\/\\\/dyspoo.store\\\/?s={search_term_string}\"},\"query-input\":{\"@type\":\"PropertyValueSpecification\",\"valueRequired\":true,\"valueName\":\"search_term_string\"}}],\"inLanguage\":\"fr-FR\"}]}<\/script>\n<!-- \/ Yoast SEO plugin. -->","yoast_head_json":{"title":"4 Pcs Protection en silicone pour manettes Xbox, PS5, PS4, PS3, PS2 et PC - DYSPOO","description":"Protection en silicone pour manettes Xbox, PS5, PS4, PS3, PS2 et PC - Facile \u00e0 installer : il suffit de retourner les capuchons...","robots":{"index":"index","follow":"follow","max-snippet":"max-snippet:-1","max-image-preview":"max-image-preview:large","max-video-preview":"max-video-preview:-1"},"canonical":"https:\/\/dyspoo.store\/?product=protection-en-silicone","og_locale":"fr_FR","og_type":"article","og_title":"4 Pcs Protection en silicone pour manettes Xbox, PS5, PS4, PS3, PS2 et PC - DYSPOO","og_description":"Protection en silicone pour manettes Xbox, PS5, PS4, PS3, PS2 et PC - Facile \u00e0 installer : il suffit de retourner les capuchons...","og_url":"https:\/\/dyspoo.store\/?product=protection-en-silicone","og_site_name":"DYSPOO","article_modified_time":"2026-02-10T19:50:13+00:00","og_image":[{"width":500,"height":500,"url":"https:\/\/dyspoo.store\/wp-content\/uploads\/2025\/12\/joystikjh.png","type":"image\/png"}],"twitter_card":"summary_large_image","twitter_misc":{"Dur\u00e9e de lecture estim\u00e9e":"3 minutes"},"schema":{"@context":"https:\/\/schema.org","@graph":[{"@type":"WebPage","@id":"https:\/\/dyspoo.store\/?product=protection-en-silicone","url":"https:\/\/dyspoo.store\/?product=protection-en-silicone","name":"4 Pcs Protection en silicone pour manettes Xbox, PS5, PS4, PS3, PS2 et PC - DYSPOO","isPartOf":{"@id":"https:\/\/dyspoo.store\/#website"},"primaryImageOfPage":{"@id":"https:\/\/dyspoo.store\/?product=protection-en-silicone#primaryimage"},"image":{"@id":"https:\/\/dyspoo.store\/?product=protection-en-silicone#primaryimage"},"thumbnailUrl":"https:\/\/dyspoo.store\/wp-content\/uploads\/2025\/12\/joystikjh.png","datePublished":"2025-12-02T16:15:39+00:00","dateModified":"2026-02-10T19:50:13+00:00","description":"Protection en silicone pour manettes Xbox, PS5, PS4, PS3, PS2 et PC - Facile \u00e0 installer : il suffit de retourner les capuchons...","breadcrumb":{"@id":"https:\/\/dyspoo.store\/?product=protection-en-silicone#breadcrumb"},"inLanguage":"fr-FR","potentialAction":[{"@type":"ReadAction","target":["https:\/\/dyspoo.store\/?product=protection-en-silicone"]}]},{"@type":"ImageObject","inLanguage":"fr-FR","@id":"https:\/\/dyspoo.store\/?product=protection-en-silicone#primaryimage","url":"https:\/\/dyspoo.store\/wp-content\/uploads\/2025\/12\/joystikjh.png","contentUrl":"https:\/\/dyspoo.store\/wp-content\/uploads\/2025\/12\/joystikjh.png","width":500,"height":500},{"@type":"BreadcrumbList","@id":"https:\/\/dyspoo.store\/?product=protection-en-silicone#breadcrumb","itemListElement":[{"@type":"ListItem","position":1,"name":"Accueil","item":"https:\/\/dyspoo.store\/"},{"@type":"ListItem","position":2,"name":"Boutique","item":"https:\/\/dyspoo.store\/?page_id=47"},{"@type":"ListItem","position":3,"name":"4 Pcs Protection en silicone pour manettes Xbox, PS5, PS4, PS3, PS2 et PC"}]},{"@type":"WebSite","@id":"https:\/\/dyspoo.store\/#website","url":"https:\/\/dyspoo.store\/","name":"DYSPOO","description":"DYSPOO","potentialAction":[{"@type":"SearchAction","target":{"@type":"EntryPoint","urlTemplate":"https:\/\/dyspoo.store\/?s={search_term_string}"},"query-input":{"@type":"PropertyValueSpecification","valueRequired":true,"valueName":"search_term_string"}}],"inLanguage":"fr-FR"}]}},"jetpack_sharing_enabled":true,"_links":{"self":[{"href":"https:\/\/dyspoo.store\/index.php?rest_route=\/wp\/v2\/product\/29488","targetHints":{"allow":["GET"]}}],"collection":[{"href":"https:\/\/dyspoo.store\/index.php?rest_route=\/wp\/v2\/product"}],"about":[{"href":"https:\/\/dyspoo.store\/index.php?rest_route=\/wp\/v2\/types\/product"}],"replies":[{"embeddable":true,"href":"https:\/\/dyspoo.store\/index.php?rest_route=%2Fwp%2Fv2%2Fcomments&post=29488"}],"version-history":[{"count":12,"href":"https:\/\/dyspoo.store\/index.php?rest_route=\/wp\/v2\/product\/29488\/revisions"}],"predecessor-version":[{"id":29593,"href":"https:\/\/dyspoo.store\/index.php?rest_route=\/wp\/v2\/product\/29488\/revisions\/29593"}],"wp:featuredmedia":[{"embeddable":true,"href":"https:\/\/dyspoo.store\/index.php?rest_route=\/wp\/v2\/media\/29490"}],"wp:attachment":[{"href":"https:\/\/dyspoo.store\/index.php?rest_route=%2Fwp%2Fv2%2Fmedia&parent=29488"}],"wp:term":[{"taxonomy":"product_brand","embeddable":true,"href":"https:\/\/dyspoo.store\/index.php?rest_route=%2Fwp%2Fv2%2Fproduct_brand&post=29488"},{"taxonomy":"product_cat","embeddable":true,"href":"https:\/\/dyspoo.store\/index.php?rest_route=%2Fwp%2Fv2%2Fproduct_cat&post=29488"},{"taxonomy":"product_tag","embeddable":true,"href":"https:\/\/dyspoo.store\/index.php?rest_route=%2Fwp%2Fv2%2Fproduct_tag&post=29488"}],"curies":[{"name":"wp","href":"https:\/\/api.w.org\/{rel}","templated":true}]}}