{"id":29520,"date":"2025-12-26T10:50:34","date_gmt":"2025-12-26T10:50:34","guid":{"rendered":"https:\/\/dyspoo.store\/?post_type=product&#038;p=29520"},"modified":"2026-03-11T14:07:56","modified_gmt":"2026-03-11T14:07:56","slug":"controleur-de-jeu-mobile-sans-fil-compatibilite-universelle","status":"publish","type":"product","link":"https:\/\/dyspoo.store\/?product=controleur-de-jeu-mobile-sans-fil-compatibilite-universelle","title":{"rendered":"Contr\u00f4leur de jeu Mobile sans fil, Compatibilit\u00e9 Universelle"},"content":{"rendered":"\t\t<div data-elementor-type=\"wp-post\" data-elementor-id=\"29520\" class=\"elementor elementor-29520\">\n\t\t\t\t<div class=\"wd-negative-gap elementor-element elementor-element-7ba917d e-flex e-con-boxed e-con e-parent\" data-id=\"7ba917d\" data-element_type=\"container\" data-e-type=\"container\">\n\t\t\t\t\t<div class=\"e-con-inner\">\n\t\t<div class=\"elementor-element elementor-element-836b10c e-con-full e-flex e-con e-child\" data-id=\"836b10c\" data-element_type=\"container\" data-e-type=\"container\">\n\t\t\t\t<div class=\"elementor-element elementor-element-92c0d6d elementor-widget elementor-widget-wd_text_block\" data-id=\"92c0d6d\" data-element_type=\"widget\" data-e-type=\"widget\" data-widget_type=\"wd_text_block.default\">\n\t\t\t\t<div class=\"elementor-widget-container\">\n\t\t\t\t\t\t\t<div class=\"wd-text-block reset-last-child text-center\">\n\t\t\t\n\t\t\t<h4><strong>\u00c0 propos de cet article<\/strong><\/h4><p><img loading=\"lazy\" decoding=\"async\" class=\"aligncenter wp-image-29529 size-large\" src=\"https:\/\/dyspoo.store\/wp-content\/uploads\/2025\/12\/jjoyygsgs-800x800.webp\" alt=\"\" width=\"800\" height=\"800\" srcset=\"https:\/\/dyspoo.store\/wp-content\/uploads\/2025\/12\/jjoyygsgs-800x800.webp 800w, https:\/\/dyspoo.store\/wp-content\/uploads\/2025\/12\/jjoyygsgs-300x300.webp 300w, https:\/\/dyspoo.store\/wp-content\/uploads\/2025\/12\/jjoyygsgs-150x150.webp 150w, https:\/\/dyspoo.store\/wp-content\/uploads\/2025\/12\/jjoyygsgs-768x768.webp 768w, https:\/\/dyspoo.store\/wp-content\/uploads\/2025\/12\/jjoyygsgs-430x430.webp 430w, https:\/\/dyspoo.store\/wp-content\/uploads\/2025\/12\/jjoyygsgs-700x700.webp 700w, https:\/\/dyspoo.store\/wp-content\/uploads\/2025\/12\/jjoyygsgs.webp 1500w\" sizes=\"auto, (max-width: 800px) 100vw, 800px\" \/><\/p><p>Se connecte facilement aux PC, TV, Xbox, PlayStation\u00ae, Nintendo Switch, Nintendo Switch Lite, Android, iOS, Mac, Switch et Steam via Bluetooth 5.3 et sans fil 2.4G pour une large compatibilit\u00e9 avec les plateformes de jeu.<\/p><p>B\u00e9n\u00e9ficiant de plus de 5 ans d'expertise d'UHM dans les p\u00e9riph\u00e9riques de jeu, con\u00e7ue pour une performance durable et une exp\u00e9rience de jeu de niveau professionnel<\/p><p><img loading=\"lazy\" decoding=\"async\" class=\"wp-image-29530 size-large aligncenter\" src=\"https:\/\/dyspoo.store\/wp-content\/uploads\/2025\/12\/joyddsgfsgfs0-800x800.webp\" alt=\"\" width=\"800\" height=\"800\" srcset=\"https:\/\/dyspoo.store\/wp-content\/uploads\/2025\/12\/joyddsgfsgfs0-800x800.webp 800w, https:\/\/dyspoo.store\/wp-content\/uploads\/2025\/12\/joyddsgfsgfs0-300x300.webp 300w, https:\/\/dyspoo.store\/wp-content\/uploads\/2025\/12\/joyddsgfsgfs0-150x150.webp 150w, https:\/\/dyspoo.store\/wp-content\/uploads\/2025\/12\/joyddsgfsgfs0-768x768.webp 768w, https:\/\/dyspoo.store\/wp-content\/uploads\/2025\/12\/joyddsgfsgfs0-430x430.webp 430w, https:\/\/dyspoo.store\/wp-content\/uploads\/2025\/12\/joyddsgfsgfs0-700x700.webp 700w, https:\/\/dyspoo.store\/wp-content\/uploads\/2025\/12\/joyddsgfsgfs0.webp 1500w\" sizes=\"auto, (max-width: 800px) 100vw, 800px\" \/><\/p>\n\t\t\t\t\t<\/div>\n\t\t\t\t\t\t<\/div>\n\t\t\t\t<\/div>\n\t\t\t\t<\/div>\n\t\t<div class=\"elementor-element elementor-element-e91f64e e-con-full e-flex e-con e-child\" data-id=\"e91f64e\" data-element_type=\"container\" data-e-type=\"container\">\n\t\t\t\t<div class=\"elementor-element elementor-element-10196b0 elementor-widget elementor-widget-wd_text_block\" data-id=\"10196b0\" data-element_type=\"widget\" data-e-type=\"widget\" data-widget_type=\"wd_text_block.default\">\n\t\t\t\t<div class=\"elementor-widget-container\">\n\t\t\t\t\t\t\t<div class=\"wd-text-block reset-last-child text-center\">\n\t\t\t\n\t\t\t<h4><strong>Facile \u00e0 utiliser<\/strong><\/h4><p><img loading=\"lazy\" decoding=\"async\" class=\"aligncenter wp-image-29532 size-large\" src=\"https:\/\/dyspoo.store\/wp-content\/uploads\/2025\/12\/jouyuio-800x800.webp\" alt=\"\" width=\"800\" height=\"800\" srcset=\"https:\/\/dyspoo.store\/wp-content\/uploads\/2025\/12\/jouyuio-800x800.webp 800w, https:\/\/dyspoo.store\/wp-content\/uploads\/2025\/12\/jouyuio-300x300.webp 300w, https:\/\/dyspoo.store\/wp-content\/uploads\/2025\/12\/jouyuio-150x150.webp 150w, https:\/\/dyspoo.store\/wp-content\/uploads\/2025\/12\/jouyuio-768x768.webp 768w, https:\/\/dyspoo.store\/wp-content\/uploads\/2025\/12\/jouyuio-430x430.webp 430w, https:\/\/dyspoo.store\/wp-content\/uploads\/2025\/12\/jouyuio-700x700.webp 700w, https:\/\/dyspoo.store\/wp-content\/uploads\/2025\/12\/jouyuio.webp 1500w\" sizes=\"auto, (max-width: 800px) 100vw, 800px\" \/><\/p><p>Manette de jeu \u00e0 effet Hall pour une pr\u00e9cision optimale \u2013 Dot\u00e9e d'une g\u00e2chette \u00e0 effet Hall haute pr\u00e9cision et d'un joystick \u00e0 effet Hall avanc\u00e9 pour \u00e9liminer la d\u00e9rive, elle garantit une pr\u00e9cision durable et un contr\u00f4le fluide.<\/p><p>\u00c9quip\u00e9e de deux boutons arri\u00e8re programmables et d'une fonction de tir rapide TURBO, elle permet aux joueurs de cr\u00e9er des macros personnalis\u00e9es pour le jeu comp\u00e9titif.<\/p>\n\t\t\t\t\t<\/div>\n\t\t\t\t\t\t<\/div>\n\t\t\t\t<\/div>\n\t\t\t\t<div class=\"elementor-element elementor-element-ea943e2 elementor-widget elementor-widget-wd_text_block\" data-id=\"ea943e2\" data-element_type=\"widget\" data-e-type=\"widget\" data-widget_type=\"wd_text_block.default\">\n\t\t\t\t<div class=\"elementor-widget-container\">\n\t\t\t\t\t\t\t<div class=\"wd-text-block reset-last-child text-left\">\n\t\t\t\n\t\t\t<p><img loading=\"lazy\" decoding=\"async\" class=\"aligncenter wp-image-29528 size-large\" src=\"https:\/\/dyspoo.store\/wp-content\/uploads\/2025\/12\/joystttoko-800x800.webp\" alt=\"\" width=\"800\" height=\"800\" srcset=\"https:\/\/dyspoo.store\/wp-content\/uploads\/2025\/12\/joystttoko-800x800.webp 800w, https:\/\/dyspoo.store\/wp-content\/uploads\/2025\/12\/joystttoko-300x300.webp 300w, https:\/\/dyspoo.store\/wp-content\/uploads\/2025\/12\/joystttoko-150x150.webp 150w, https:\/\/dyspoo.store\/wp-content\/uploads\/2025\/12\/joystttoko-768x768.webp 768w, https:\/\/dyspoo.store\/wp-content\/uploads\/2025\/12\/joystttoko-430x430.webp 430w, https:\/\/dyspoo.store\/wp-content\/uploads\/2025\/12\/joystttoko-700x700.webp 700w, https:\/\/dyspoo.store\/wp-content\/uploads\/2025\/12\/joystttoko.webp 1500w\" sizes=\"auto, (max-width: 800px) 100vw, 800px\" \/><\/p>\n\t\t\t\t\t<\/div>\n\t\t\t\t\t\t<\/div>\n\t\t\t\t<\/div>\n\t\t\t\t<\/div>\n\t\t<div class=\"elementor-element elementor-element-3a86271 e-con-full e-flex e-con e-child\" data-id=\"3a86271\" data-element_type=\"container\" data-e-type=\"container\">\n\t\t\t\t<div class=\"elementor-element elementor-element-1cb5edc elementor-widget elementor-widget-wd_text_block\" data-id=\"1cb5edc\" data-element_type=\"widget\" data-e-type=\"widget\" data-widget_type=\"wd_text_block.default\">\n\t\t\t\t<div class=\"elementor-widget-container\">\n\t\t\t\t\t\t\t<div class=\"wd-text-block reset-last-child text-center\">\n\t\t\t\n\t\t\t<h4><strong>D\u00e9tails<\/strong><\/h4><h4><img loading=\"lazy\" decoding=\"async\" class=\"aligncenter wp-image-29531 size-large\" src=\"https:\/\/dyspoo.store\/wp-content\/uploads\/2025\/12\/Joys-800x800.webp\" alt=\"\" width=\"800\" height=\"800\" srcset=\"https:\/\/dyspoo.store\/wp-content\/uploads\/2025\/12\/Joys-800x800.webp 800w, https:\/\/dyspoo.store\/wp-content\/uploads\/2025\/12\/Joys-300x300.webp 300w, https:\/\/dyspoo.store\/wp-content\/uploads\/2025\/12\/Joys-150x150.webp 150w, https:\/\/dyspoo.store\/wp-content\/uploads\/2025\/12\/Joys-768x768.webp 768w, https:\/\/dyspoo.store\/wp-content\/uploads\/2025\/12\/Joys-430x430.webp 430w, https:\/\/dyspoo.store\/wp-content\/uploads\/2025\/12\/Joys-700x700.webp 700w, https:\/\/dyspoo.store\/wp-content\/uploads\/2025\/12\/Joys.webp 1500w\" sizes=\"auto, (max-width: 800px) 100vw, 800px\" \/><\/h4><p>Type de batterie : Batterie rechargeable int\u00e9gr\u00e9e<\/p><p>Con\u00e7u avec des poign\u00e9es textur\u00e9es antid\u00e9rapantes, des boutons ABXY en silicone conducteur de style m\u00e9canique et des moteurs de vibration doubles asym\u00e9triques pour un retour d'information immersif.<\/p><p><img loading=\"lazy\" decoding=\"async\" class=\"aligncenter wp-image-29494 size-full\" src=\"https:\/\/dyspoo.store\/wp-content\/uploads\/2025\/12\/joyuyu.png\" alt=\"\" width=\"772\" height=\"748\" srcset=\"https:\/\/dyspoo.store\/wp-content\/uploads\/2025\/12\/joyuyu.png 772w, https:\/\/dyspoo.store\/wp-content\/uploads\/2025\/12\/joyuyu-310x300.png 310w, https:\/\/dyspoo.store\/wp-content\/uploads\/2025\/12\/joyuyu-768x744.png 768w, https:\/\/dyspoo.store\/wp-content\/uploads\/2025\/12\/joyuyu-430x417.png 430w, https:\/\/dyspoo.store\/wp-content\/uploads\/2025\/12\/joyuyu-700x678.png 700w, https:\/\/dyspoo.store\/wp-content\/uploads\/2025\/12\/joyuyu-150x145.png 150w\" sizes=\"auto, (max-width: 772px) 100vw, 772px\" \/><\/p>\n\t\t\t\t\t<\/div>\n\t\t\t\t\t\t<\/div>\n\t\t\t\t<\/div>\n\t\t\t\t<\/div>\n\t\t\t\t\t<\/div>\n\t\t\t\t<\/div>\n\t\t\t\t<\/div>\n\t\t","protected":false},"excerpt":{"rendered":"<p>Compatibilit\u00e9 universelle : Se connecte facilement aux PC, TV, Xbox, PlayStation\u00ae, Nintendo Switch, Nintendo Switch Lite, Android, iOS, Mac, Switch et Steam via Bluetooth 5.3 et sans fil 2.4G pour une large compatibilit\u00e9 avec les plateformes de jeu.<\/p>\n","protected":false},"featured_media":29521,"comment_status":"open","ping_status":"closed","template":"","meta":[],"product_brand":[126],"product_cat":[74],"product_tag":[],"class_list":{"0":"post-29520","1":"product","2":"type-product","3":"status-publish","4":"has-post-thumbnail","6":"product_brand-dyspoo","7":"product_cat-accessoires","9":"first","10":"instock","11":"sale","12":"shipping-taxable","13":"purchasable","14":"product-type-simple"},"yoast_head":"<!-- This site is optimized with the Yoast SEO plugin v27.3 - https:\/\/yoast.com\/product\/yoast-seo-wordpress\/ -->\n<title>Contr\u00f4leur de jeu Mobile sans fil, Compatibilit\u00e9 Universelle - DYSPOO<\/title>\n<meta name=\"description\" content=\"Se connecte facilement aux PC, TV, Xbox, PlayStation\u00ae, Nintendo Switch, Nintendo Switch Lite, Android, iOS, Mac, Switch et Steam via Bluetooth 5.3 et ...\" \/>\n<meta name=\"robots\" content=\"index, follow, max-snippet:-1, max-image-preview:large, max-video-preview:-1\" \/>\n<link rel=\"canonical\" href=\"https:\/\/dyspoo.store\/?product=controleur-de-jeu-mobile-sans-fil-compatibilite-universelle\" \/>\n<meta property=\"og:locale\" content=\"fr_FR\" \/>\n<meta property=\"og:type\" content=\"article\" \/>\n<meta property=\"og:title\" content=\"Contr\u00f4leur de jeu Mobile sans fil, Compatibilit\u00e9 Universelle - DYSPOO\" \/>\n<meta property=\"og:description\" content=\"Se connecte facilement aux PC, TV, Xbox, PlayStation\u00ae, Nintendo Switch, Nintendo Switch Lite, Android, iOS, Mac, Switch et Steam via Bluetooth 5.3 et ...\" \/>\n<meta property=\"og:url\" content=\"https:\/\/dyspoo.store\/?product=controleur-de-jeu-mobile-sans-fil-compatibilite-universelle\" \/>\n<meta property=\"og:site_name\" content=\"DYSPOO\" \/>\n<meta property=\"article:modified_time\" content=\"2026-03-11T14:07:56+00:00\" \/>\n<meta property=\"og:image\" content=\"https:\/\/dyspoo.store\/wp-content\/uploads\/2025\/12\/jokdjhgydj.jpeg\" \/>\n\t<meta property=\"og:image:width\" content=\"800\" \/>\n\t<meta property=\"og:image:height\" content=\"800\" \/>\n\t<meta property=\"og:image:type\" content=\"image\/jpeg\" \/>\n<meta name=\"twitter:card\" content=\"summary_large_image\" \/>\n<meta name=\"twitter:label1\" content=\"Dur\u00e9e de lecture estim\u00e9e\" \/>\n\t<meta name=\"twitter:data1\" content=\"3 minutes\" \/>\n<script type=\"application\/ld+json\" class=\"yoast-schema-graph\">{\"@context\":\"https:\\\/\\\/schema.org\",\"@graph\":[{\"@type\":\"WebPage\",\"@id\":\"https:\\\/\\\/dyspoo.store\\\/?product=controleur-de-jeu-mobile-sans-fil-compatibilite-universelle\",\"url\":\"https:\\\/\\\/dyspoo.store\\\/?product=controleur-de-jeu-mobile-sans-fil-compatibilite-universelle\",\"name\":\"Contr\u00f4leur de jeu Mobile sans fil, Compatibilit\u00e9 Universelle - DYSPOO\",\"isPartOf\":{\"@id\":\"https:\\\/\\\/dyspoo.store\\\/#website\"},\"primaryImageOfPage\":{\"@id\":\"https:\\\/\\\/dyspoo.store\\\/?product=controleur-de-jeu-mobile-sans-fil-compatibilite-universelle#primaryimage\"},\"image\":{\"@id\":\"https:\\\/\\\/dyspoo.store\\\/?product=controleur-de-jeu-mobile-sans-fil-compatibilite-universelle#primaryimage\"},\"thumbnailUrl\":\"https:\\\/\\\/dyspoo.store\\\/wp-content\\\/uploads\\\/2025\\\/12\\\/jokdjhgydj.jpeg\",\"datePublished\":\"2025-12-26T10:50:34+00:00\",\"dateModified\":\"2026-03-11T14:07:56+00:00\",\"description\":\"Se connecte facilement aux PC, TV, Xbox, PlayStation\u00ae, Nintendo Switch, Nintendo Switch Lite, Android, iOS, Mac, Switch et Steam via Bluetooth 5.3 et ...\",\"breadcrumb\":{\"@id\":\"https:\\\/\\\/dyspoo.store\\\/?product=controleur-de-jeu-mobile-sans-fil-compatibilite-universelle#breadcrumb\"},\"inLanguage\":\"fr-FR\",\"potentialAction\":[{\"@type\":\"ReadAction\",\"target\":[\"https:\\\/\\\/dyspoo.store\\\/?product=controleur-de-jeu-mobile-sans-fil-compatibilite-universelle\"]}]},{\"@type\":\"ImageObject\",\"inLanguage\":\"fr-FR\",\"@id\":\"https:\\\/\\\/dyspoo.store\\\/?product=controleur-de-jeu-mobile-sans-fil-compatibilite-universelle#primaryimage\",\"url\":\"https:\\\/\\\/dyspoo.store\\\/wp-content\\\/uploads\\\/2025\\\/12\\\/jokdjhgydj.jpeg\",\"contentUrl\":\"https:\\\/\\\/dyspoo.store\\\/wp-content\\\/uploads\\\/2025\\\/12\\\/jokdjhgydj.jpeg\",\"width\":800,\"height\":800},{\"@type\":\"BreadcrumbList\",\"@id\":\"https:\\\/\\\/dyspoo.store\\\/?product=controleur-de-jeu-mobile-sans-fil-compatibilite-universelle#breadcrumb\",\"itemListElement\":[{\"@type\":\"ListItem\",\"position\":1,\"name\":\"Accueil\",\"item\":\"https:\\\/\\\/dyspoo.store\\\/\"},{\"@type\":\"ListItem\",\"position\":2,\"name\":\"Boutique\",\"item\":\"https:\\\/\\\/dyspoo.store\\\/?page_id=47\"},{\"@type\":\"ListItem\",\"position\":3,\"name\":\"Contr\u00f4leur de jeu Mobile sans fil, Compatibilit\u00e9 Universelle\"}]},{\"@type\":\"WebSite\",\"@id\":\"https:\\\/\\\/dyspoo.store\\\/#website\",\"url\":\"https:\\\/\\\/dyspoo.store\\\/\",\"name\":\"DYSPOO\",\"description\":\"DYSPOO\",\"potentialAction\":[{\"@type\":\"SearchAction\",\"target\":{\"@type\":\"EntryPoint\",\"urlTemplate\":\"https:\\\/\\\/dyspoo.store\\\/?s={search_term_string}\"},\"query-input\":{\"@type\":\"PropertyValueSpecification\",\"valueRequired\":true,\"valueName\":\"search_term_string\"}}],\"inLanguage\":\"fr-FR\"}]}<\/script>\n<!-- \/ Yoast SEO plugin. -->","yoast_head_json":{"title":"Contr\u00f4leur de jeu Mobile sans fil, Compatibilit\u00e9 Universelle - DYSPOO","description":"Se connecte facilement aux PC, TV, Xbox, PlayStation\u00ae, Nintendo Switch, Nintendo Switch Lite, Android, iOS, Mac, Switch et Steam via Bluetooth 5.3 et ...","robots":{"index":"index","follow":"follow","max-snippet":"max-snippet:-1","max-image-preview":"max-image-preview:large","max-video-preview":"max-video-preview:-1"},"canonical":"https:\/\/dyspoo.store\/?product=controleur-de-jeu-mobile-sans-fil-compatibilite-universelle","og_locale":"fr_FR","og_type":"article","og_title":"Contr\u00f4leur de jeu Mobile sans fil, Compatibilit\u00e9 Universelle - DYSPOO","og_description":"Se connecte facilement aux PC, TV, Xbox, PlayStation\u00ae, Nintendo Switch, Nintendo Switch Lite, Android, iOS, Mac, Switch et Steam via Bluetooth 5.3 et ...","og_url":"https:\/\/dyspoo.store\/?product=controleur-de-jeu-mobile-sans-fil-compatibilite-universelle","og_site_name":"DYSPOO","article_modified_time":"2026-03-11T14:07:56+00:00","og_image":[{"width":800,"height":800,"url":"https:\/\/dyspoo.store\/wp-content\/uploads\/2025\/12\/jokdjhgydj.jpeg","type":"image\/jpeg"}],"twitter_card":"summary_large_image","twitter_misc":{"Dur\u00e9e de lecture estim\u00e9e":"3 minutes"},"schema":{"@context":"https:\/\/schema.org","@graph":[{"@type":"WebPage","@id":"https:\/\/dyspoo.store\/?product=controleur-de-jeu-mobile-sans-fil-compatibilite-universelle","url":"https:\/\/dyspoo.store\/?product=controleur-de-jeu-mobile-sans-fil-compatibilite-universelle","name":"Contr\u00f4leur de jeu Mobile sans fil, Compatibilit\u00e9 Universelle - DYSPOO","isPartOf":{"@id":"https:\/\/dyspoo.store\/#website"},"primaryImageOfPage":{"@id":"https:\/\/dyspoo.store\/?product=controleur-de-jeu-mobile-sans-fil-compatibilite-universelle#primaryimage"},"image":{"@id":"https:\/\/dyspoo.store\/?product=controleur-de-jeu-mobile-sans-fil-compatibilite-universelle#primaryimage"},"thumbnailUrl":"https:\/\/dyspoo.store\/wp-content\/uploads\/2025\/12\/jokdjhgydj.jpeg","datePublished":"2025-12-26T10:50:34+00:00","dateModified":"2026-03-11T14:07:56+00:00","description":"Se connecte facilement aux PC, TV, Xbox, PlayStation\u00ae, Nintendo Switch, Nintendo Switch Lite, Android, iOS, Mac, Switch et Steam via Bluetooth 5.3 et ...","breadcrumb":{"@id":"https:\/\/dyspoo.store\/?product=controleur-de-jeu-mobile-sans-fil-compatibilite-universelle#breadcrumb"},"inLanguage":"fr-FR","potentialAction":[{"@type":"ReadAction","target":["https:\/\/dyspoo.store\/?product=controleur-de-jeu-mobile-sans-fil-compatibilite-universelle"]}]},{"@type":"ImageObject","inLanguage":"fr-FR","@id":"https:\/\/dyspoo.store\/?product=controleur-de-jeu-mobile-sans-fil-compatibilite-universelle#primaryimage","url":"https:\/\/dyspoo.store\/wp-content\/uploads\/2025\/12\/jokdjhgydj.jpeg","contentUrl":"https:\/\/dyspoo.store\/wp-content\/uploads\/2025\/12\/jokdjhgydj.jpeg","width":800,"height":800},{"@type":"BreadcrumbList","@id":"https:\/\/dyspoo.store\/?product=controleur-de-jeu-mobile-sans-fil-compatibilite-universelle#breadcrumb","itemListElement":[{"@type":"ListItem","position":1,"name":"Accueil","item":"https:\/\/dyspoo.store\/"},{"@type":"ListItem","position":2,"name":"Boutique","item":"https:\/\/dyspoo.store\/?page_id=47"},{"@type":"ListItem","position":3,"name":"Contr\u00f4leur de jeu Mobile sans fil, Compatibilit\u00e9 Universelle"}]},{"@type":"WebSite","@id":"https:\/\/dyspoo.store\/#website","url":"https:\/\/dyspoo.store\/","name":"DYSPOO","description":"DYSPOO","potentialAction":[{"@type":"SearchAction","target":{"@type":"EntryPoint","urlTemplate":"https:\/\/dyspoo.store\/?s={search_term_string}"},"query-input":{"@type":"PropertyValueSpecification","valueRequired":true,"valueName":"search_term_string"}}],"inLanguage":"fr-FR"}]}},"jetpack_sharing_enabled":true,"_links":{"self":[{"href":"https:\/\/dyspoo.store\/index.php?rest_route=\/wp\/v2\/product\/29520","targetHints":{"allow":["GET"]}}],"collection":[{"href":"https:\/\/dyspoo.store\/index.php?rest_route=\/wp\/v2\/product"}],"about":[{"href":"https:\/\/dyspoo.store\/index.php?rest_route=\/wp\/v2\/types\/product"}],"replies":[{"embeddable":true,"href":"https:\/\/dyspoo.store\/index.php?rest_route=%2Fwp%2Fv2%2Fcomments&post=29520"}],"version-history":[{"count":12,"href":"https:\/\/dyspoo.store\/index.php?rest_route=\/wp\/v2\/product\/29520\/revisions"}],"predecessor-version":[{"id":29542,"href":"https:\/\/dyspoo.store\/index.php?rest_route=\/wp\/v2\/product\/29520\/revisions\/29542"}],"wp:featuredmedia":[{"embeddable":true,"href":"https:\/\/dyspoo.store\/index.php?rest_route=\/wp\/v2\/media\/29521"}],"wp:attachment":[{"href":"https:\/\/dyspoo.store\/index.php?rest_route=%2Fwp%2Fv2%2Fmedia&parent=29520"}],"wp:term":[{"taxonomy":"product_brand","embeddable":true,"href":"https:\/\/dyspoo.store\/index.php?rest_route=%2Fwp%2Fv2%2Fproduct_brand&post=29520"},{"taxonomy":"product_cat","embeddable":true,"href":"https:\/\/dyspoo.store\/index.php?rest_route=%2Fwp%2Fv2%2Fproduct_cat&post=29520"},{"taxonomy":"product_tag","embeddable":true,"href":"https:\/\/dyspoo.store\/index.php?rest_route=%2Fwp%2Fv2%2Fproduct_tag&post=29520"}],"curies":[{"name":"wp","href":"https:\/\/api.w.org\/{rel}","templated":true}]}}