{"id":29610,"date":"2026-02-16T19:41:01","date_gmt":"2026-02-16T19:41:01","guid":{"rendered":"https:\/\/dyspoo.store\/?post_type=product&#038;p=29610"},"modified":"2026-03-03T07:23:10","modified_gmt":"2026-03-03T07:23:10","slug":"brosse-antibouloche-reutilisable-2-pcs","status":"publish","type":"product","link":"https:\/\/dyspoo.store\/?product=brosse-antibouloche-reutilisable-2-pcs","title":{"rendered":"Brosse antibouloche r\u00e9utilisable (2 Pcs)"},"content":{"rendered":"\t\t<div data-elementor-type=\"wp-post\" data-elementor-id=\"29610\" class=\"elementor elementor-29610\">\n\t\t\t\t<div class=\"wd-negative-gap elementor-element elementor-element-7ba917d e-flex e-con-boxed e-con e-parent\" data-id=\"7ba917d\" data-element_type=\"container\" data-e-type=\"container\">\n\t\t\t\t\t<div class=\"e-con-inner\">\n\t\t<div class=\"elementor-element elementor-element-836b10c e-con-full e-flex e-con e-child\" data-id=\"836b10c\" data-element_type=\"container\" data-e-type=\"container\">\n\t\t\t\t<div class=\"elementor-element elementor-element-92c0d6d elementor-widget elementor-widget-wd_text_block\" data-id=\"92c0d6d\" data-element_type=\"widget\" data-e-type=\"widget\" data-widget_type=\"wd_text_block.default\">\n\t\t\t\t<div class=\"elementor-widget-container\">\n\t\t\t\t\t\t\t<div class=\"wd-text-block reset-last-child text-center\">\n\t\t\t\n\t\t\t<h4><strong>\u00c0 propos de cet article<\/strong><\/h4><p><img loading=\"lazy\" decoding=\"async\" class=\"aligncenter wp-image-29621 size-full\" src=\"https:\/\/dyspoo.store\/wp-content\/uploads\/2026\/02\/DYIUIOS35.png\" alt=\"\" width=\"512\" height=\"512\" srcset=\"https:\/\/dyspoo.store\/wp-content\/uploads\/2026\/02\/DYIUIOS35.png 512w, https:\/\/dyspoo.store\/wp-content\/uploads\/2026\/02\/DYIUIOS35-300x300.png 300w, https:\/\/dyspoo.store\/wp-content\/uploads\/2026\/02\/DYIUIOS35-150x150.png 150w, https:\/\/dyspoo.store\/wp-content\/uploads\/2026\/02\/DYIUIOS35-430x430.png 430w\" sizes=\"auto, (max-width: 512px) 100vw, 512px\" \/><\/p><p>Retouches express pour v\u00eatements, meubles et si\u00e8ges de voiture.<\/p><p>Fini le gaspillage de piles contrairement aux rasoirs \u00e0 linge fonctionnant sur piles qui ne parviennent pas \u00e0 fournir une puissance constante.<\/p><p><img loading=\"lazy\" decoding=\"async\" class=\"aligncenter wp-image-29613 size-full\" src=\"https:\/\/dyspoo.store\/wp-content\/uploads\/2026\/02\/dsyapkokd54a.jpg\" alt=\"\" width=\"800\" height=\"800\" srcset=\"https:\/\/dyspoo.store\/wp-content\/uploads\/2026\/02\/dsyapkokd54a.jpg 800w, https:\/\/dyspoo.store\/wp-content\/uploads\/2026\/02\/dsyapkokd54a-300x300.jpg 300w, https:\/\/dyspoo.store\/wp-content\/uploads\/2026\/02\/dsyapkokd54a-150x150.jpg 150w, https:\/\/dyspoo.store\/wp-content\/uploads\/2026\/02\/dsyapkokd54a-768x768.jpg 768w, https:\/\/dyspoo.store\/wp-content\/uploads\/2026\/02\/dsyapkokd54a-430x430.jpg 430w, https:\/\/dyspoo.store\/wp-content\/uploads\/2026\/02\/dsyapkokd54a-700x700.jpg 700w\" sizes=\"auto, (max-width: 800px) 100vw, 800px\" \/><\/p>\n\t\t\t\t\t<\/div>\n\t\t\t\t\t\t<\/div>\n\t\t\t\t<\/div>\n\t\t\t\t<\/div>\n\t\t<div class=\"elementor-element elementor-element-e91f64e e-con-full e-flex e-con e-child\" data-id=\"e91f64e\" data-element_type=\"container\" data-e-type=\"container\">\n\t\t\t\t<div class=\"elementor-element elementor-element-10196b0 elementor-widget elementor-widget-wd_text_block\" data-id=\"10196b0\" data-element_type=\"widget\" data-e-type=\"widget\" data-widget_type=\"wd_text_block.default\">\n\t\t\t\t<div class=\"elementor-widget-container\">\n\t\t\t\t\t\t\t<div class=\"wd-text-block reset-last-child text-center\">\n\t\t\t\n\t\t\t<h4><strong>Facile \u00e0 utiliser<\/strong><\/h4><p><img loading=\"lazy\" decoding=\"async\" class=\"aligncenter wp-image-29614 size-full\" src=\"https:\/\/dyspoo.store\/wp-content\/uploads\/2026\/02\/brfeyay274.jpeg\" alt=\"\" width=\"800\" height=\"800\" srcset=\"https:\/\/dyspoo.store\/wp-content\/uploads\/2026\/02\/brfeyay274.jpeg 800w, https:\/\/dyspoo.store\/wp-content\/uploads\/2026\/02\/brfeyay274-300x300.jpeg 300w, https:\/\/dyspoo.store\/wp-content\/uploads\/2026\/02\/brfeyay274-150x150.jpeg 150w, https:\/\/dyspoo.store\/wp-content\/uploads\/2026\/02\/brfeyay274-768x768.jpeg 768w, https:\/\/dyspoo.store\/wp-content\/uploads\/2026\/02\/brfeyay274-430x430.jpeg 430w, https:\/\/dyspoo.store\/wp-content\/uploads\/2026\/02\/brfeyay274-700x700.jpeg 700w\" sizes=\"auto, (max-width: 800px) 100vw, 800px\" \/><\/p><p>Vous pouvez l'utiliser pour \u00e9liminer les poils d'animaux, les peluches, la poussi\u00e8re et la salet\u00e9 des v\u00eatements, des meubles, des jouets en peluche, des si\u00e8ges d'auto, des canap\u00e9s, etc. sans laisser de r\u00e9sidu collant.<\/p>\n\t\t\t\t\t<\/div>\n\t\t\t\t\t\t<\/div>\n\t\t\t\t<\/div>\n\t\t\t\t<div class=\"elementor-element elementor-element-ea943e2 elementor-widget elementor-widget-wd_text_block\" data-id=\"ea943e2\" data-element_type=\"widget\" data-e-type=\"widget\" data-widget_type=\"wd_text_block.default\">\n\t\t\t\t<div class=\"elementor-widget-container\">\n\t\t\t\t\t\t\t<div class=\"wd-text-block reset-last-child text-left\">\n\t\t\t\n\t\t\t<p><img loading=\"lazy\" decoding=\"async\" class=\"aligncenter wp-image-29627 size-full\" src=\"https:\/\/dyspoo.store\/wp-content\/uploads\/2026\/02\/dusop79_.jpg\" alt=\"\" width=\"679\" height=\"679\" srcset=\"https:\/\/dyspoo.store\/wp-content\/uploads\/2026\/02\/dusop79_.jpg 679w, https:\/\/dyspoo.store\/wp-content\/uploads\/2026\/02\/dusop79_-300x300.jpg 300w, https:\/\/dyspoo.store\/wp-content\/uploads\/2026\/02\/dusop79_-150x150.jpg 150w, https:\/\/dyspoo.store\/wp-content\/uploads\/2026\/02\/dusop79_-430x430.jpg 430w\" sizes=\"auto, (max-width: 679px) 100vw, 679px\" \/><\/p>\n\t\t\t\t\t<\/div>\n\t\t\t\t\t\t<\/div>\n\t\t\t\t<\/div>\n\t\t\t\t<\/div>\n\t\t<div class=\"elementor-element elementor-element-3a86271 e-con-full e-flex e-con e-child\" data-id=\"3a86271\" data-element_type=\"container\" data-e-type=\"container\">\n\t\t\t\t<div class=\"elementor-element elementor-element-1cb5edc elementor-widget elementor-widget-wd_text_block\" data-id=\"1cb5edc\" data-element_type=\"widget\" data-e-type=\"widget\" data-widget_type=\"wd_text_block.default\">\n\t\t\t\t<div class=\"elementor-widget-container\">\n\t\t\t\t\t\t\t<div class=\"wd-text-block reset-last-child text-center\">\n\t\t\t\n\t\t\t<h4><strong>D\u00e9tails<\/strong><\/h4><h4><img loading=\"lazy\" decoding=\"async\" class=\"aligncenter wp-image-29628 size-full\" src=\"https:\/\/dyspoo.store\/wp-content\/uploads\/2026\/02\/ygpioj.png\" alt=\"\" width=\"512\" height=\"512\" srcset=\"https:\/\/dyspoo.store\/wp-content\/uploads\/2026\/02\/ygpioj.png 512w, https:\/\/dyspoo.store\/wp-content\/uploads\/2026\/02\/ygpioj-300x300.png 300w, https:\/\/dyspoo.store\/wp-content\/uploads\/2026\/02\/ygpioj-150x150.png 150w, https:\/\/dyspoo.store\/wp-content\/uploads\/2026\/02\/ygpioj-430x430.png 430w\" sizes=\"auto, (max-width: 512px) 100vw, 512px\" \/><\/h4><p>Ce rasoir anti-peluches ne n\u00e9cessite aucune pile, vous pouvez donc l'utiliser pour \u00e9liminer les peluches et les peluches \u00e0 tout moment et n'importe o\u00f9.<\/p><p>Les dents du peigne permettent de nettoyer les poils et les bouloches sur les tissus, les manteaux et les couvertures.<\/p><p><img loading=\"lazy\" decoding=\"async\" class=\"aligncenter wp-image-29629 size-full\" src=\"https:\/\/dyspoo.store\/wp-content\/uploads\/2026\/02\/gfsf.png\" alt=\"\" width=\"512\" height=\"512\" srcset=\"https:\/\/dyspoo.store\/wp-content\/uploads\/2026\/02\/gfsf.png 512w, https:\/\/dyspoo.store\/wp-content\/uploads\/2026\/02\/gfsf-300x300.png 300w, https:\/\/dyspoo.store\/wp-content\/uploads\/2026\/02\/gfsf-150x150.png 150w, https:\/\/dyspoo.store\/wp-content\/uploads\/2026\/02\/gfsf-430x430.png 430w\" sizes=\"auto, (max-width: 512px) 100vw, 512px\" \/><\/p>\n\t\t\t\t\t<\/div>\n\t\t\t\t\t\t<\/div>\n\t\t\t\t<\/div>\n\t\t\t\t<\/div>\n\t\t\t\t\t<\/div>\n\t\t\t\t<\/div>\n\t\t\t\t<\/div>\n\t\t","protected":false},"excerpt":{"rendered":"<p>\u00c9limine rapidement et efficacement les bouloches, les poils d&rsquo;animaux et les fibres des v\u00eatements, des meubles et des si\u00e8ges de voiture. Gardez-en un \u00e0 la maison et un autre dans votre voiture ou au bureau pour des retouches rapides.<\/p>\n","protected":false},"featured_media":29611,"comment_status":"open","ping_status":"closed","template":"","meta":[],"product_brand":[126],"product_cat":[74],"product_tag":[],"class_list":{"0":"post-29610","1":"product","2":"type-product","3":"status-publish","4":"has-post-thumbnail","6":"product_brand-dyspoo","7":"product_cat-accessoires","9":"first","10":"instock","11":"sale","12":"shipping-taxable","13":"purchasable","14":"product-type-simple"},"yoast_head":"<!-- This site is optimized with the Yoast SEO plugin v27.3 - https:\/\/yoast.com\/product\/yoast-seo-wordpress\/ -->\n<title>Brosse antibouloche r\u00e9utilisable (2 Pcs) - DYSPOO<\/title>\n<meta name=\"description\" content=\"\u00c9limine rapidement et efficacement les bouloches, les poils d&#039;animaux et les fibres - R\u00e9alisez des \u00e9conomies gr\u00e2ce \u00e0 la brosse anti bouloche r\u00e9utilisables\" \/>\n<meta name=\"robots\" content=\"index, follow, max-snippet:-1, max-image-preview:large, max-video-preview:-1\" \/>\n<link rel=\"canonical\" href=\"https:\/\/dyspoo.store\/?product=brosse-antibouloche-reutilisable-2-pcs\" \/>\n<meta property=\"og:locale\" content=\"fr_FR\" \/>\n<meta property=\"og:type\" content=\"article\" \/>\n<meta property=\"og:title\" content=\"Brosse antibouloche r\u00e9utilisable (2 Pcs) - DYSPOO\" \/>\n<meta property=\"og:description\" content=\"\u00c9limine rapidement et efficacement les bouloches, les poils d&#039;animaux et les fibres - R\u00e9alisez des \u00e9conomies gr\u00e2ce \u00e0 la brosse anti bouloche r\u00e9utilisables\" \/>\n<meta property=\"og:url\" content=\"https:\/\/dyspoo.store\/?product=brosse-antibouloche-reutilisable-2-pcs\" \/>\n<meta property=\"og:site_name\" content=\"DYSPOO\" \/>\n<meta property=\"article:modified_time\" content=\"2026-03-03T07:23:10+00:00\" \/>\n<meta property=\"og:image\" content=\"https:\/\/dyspoo.store\/wp-content\/uploads\/2026\/02\/dsyooj2969u.jpg\" \/>\n\t<meta property=\"og:image:width\" content=\"800\" \/>\n\t<meta property=\"og:image:height\" content=\"800\" \/>\n\t<meta property=\"og:image:type\" content=\"image\/jpeg\" \/>\n<meta name=\"twitter:card\" content=\"summary_large_image\" \/>\n<meta name=\"twitter:label1\" content=\"Dur\u00e9e de lecture estim\u00e9e\" \/>\n\t<meta name=\"twitter:data1\" content=\"2 minutes\" \/>\n<script type=\"application\/ld+json\" class=\"yoast-schema-graph\">{\"@context\":\"https:\\\/\\\/schema.org\",\"@graph\":[{\"@type\":\"WebPage\",\"@id\":\"https:\\\/\\\/dyspoo.store\\\/?product=brosse-antibouloche-reutilisable-2-pcs\",\"url\":\"https:\\\/\\\/dyspoo.store\\\/?product=brosse-antibouloche-reutilisable-2-pcs\",\"name\":\"Brosse antibouloche r\u00e9utilisable (2 Pcs) - DYSPOO\",\"isPartOf\":{\"@id\":\"https:\\\/\\\/dyspoo.store\\\/#website\"},\"primaryImageOfPage\":{\"@id\":\"https:\\\/\\\/dyspoo.store\\\/?product=brosse-antibouloche-reutilisable-2-pcs#primaryimage\"},\"image\":{\"@id\":\"https:\\\/\\\/dyspoo.store\\\/?product=brosse-antibouloche-reutilisable-2-pcs#primaryimage\"},\"thumbnailUrl\":\"https:\\\/\\\/dyspoo.store\\\/wp-content\\\/uploads\\\/2026\\\/02\\\/dsyooj2969u.jpg\",\"datePublished\":\"2026-02-16T19:41:01+00:00\",\"dateModified\":\"2026-03-03T07:23:10+00:00\",\"description\":\"\u00c9limine rapidement et efficacement les bouloches, les poils d'animaux et les fibres - R\u00e9alisez des \u00e9conomies gr\u00e2ce \u00e0 la brosse anti bouloche r\u00e9utilisables\",\"breadcrumb\":{\"@id\":\"https:\\\/\\\/dyspoo.store\\\/?product=brosse-antibouloche-reutilisable-2-pcs#breadcrumb\"},\"inLanguage\":\"fr-FR\",\"potentialAction\":[{\"@type\":\"ReadAction\",\"target\":[\"https:\\\/\\\/dyspoo.store\\\/?product=brosse-antibouloche-reutilisable-2-pcs\"]}]},{\"@type\":\"ImageObject\",\"inLanguage\":\"fr-FR\",\"@id\":\"https:\\\/\\\/dyspoo.store\\\/?product=brosse-antibouloche-reutilisable-2-pcs#primaryimage\",\"url\":\"https:\\\/\\\/dyspoo.store\\\/wp-content\\\/uploads\\\/2026\\\/02\\\/dsyooj2969u.jpg\",\"contentUrl\":\"https:\\\/\\\/dyspoo.store\\\/wp-content\\\/uploads\\\/2026\\\/02\\\/dsyooj2969u.jpg\",\"width\":800,\"height\":800},{\"@type\":\"BreadcrumbList\",\"@id\":\"https:\\\/\\\/dyspoo.store\\\/?product=brosse-antibouloche-reutilisable-2-pcs#breadcrumb\",\"itemListElement\":[{\"@type\":\"ListItem\",\"position\":1,\"name\":\"Accueil\",\"item\":\"https:\\\/\\\/dyspoo.store\\\/\"},{\"@type\":\"ListItem\",\"position\":2,\"name\":\"Boutique\",\"item\":\"https:\\\/\\\/dyspoo.store\\\/?page_id=47\"},{\"@type\":\"ListItem\",\"position\":3,\"name\":\"Brosse antibouloche r\u00e9utilisable (2 Pcs)\"}]},{\"@type\":\"WebSite\",\"@id\":\"https:\\\/\\\/dyspoo.store\\\/#website\",\"url\":\"https:\\\/\\\/dyspoo.store\\\/\",\"name\":\"DYSPOO\",\"description\":\"DYSPOO\",\"potentialAction\":[{\"@type\":\"SearchAction\",\"target\":{\"@type\":\"EntryPoint\",\"urlTemplate\":\"https:\\\/\\\/dyspoo.store\\\/?s={search_term_string}\"},\"query-input\":{\"@type\":\"PropertyValueSpecification\",\"valueRequired\":true,\"valueName\":\"search_term_string\"}}],\"inLanguage\":\"fr-FR\"}]}<\/script>\n<!-- \/ Yoast SEO plugin. -->","yoast_head_json":{"title":"Brosse antibouloche r\u00e9utilisable (2 Pcs) - DYSPOO","description":"\u00c9limine rapidement et efficacement les bouloches, les poils d'animaux et les fibres - R\u00e9alisez des \u00e9conomies gr\u00e2ce \u00e0 la brosse anti bouloche r\u00e9utilisables","robots":{"index":"index","follow":"follow","max-snippet":"max-snippet:-1","max-image-preview":"max-image-preview:large","max-video-preview":"max-video-preview:-1"},"canonical":"https:\/\/dyspoo.store\/?product=brosse-antibouloche-reutilisable-2-pcs","og_locale":"fr_FR","og_type":"article","og_title":"Brosse antibouloche r\u00e9utilisable (2 Pcs) - DYSPOO","og_description":"\u00c9limine rapidement et efficacement les bouloches, les poils d'animaux et les fibres - R\u00e9alisez des \u00e9conomies gr\u00e2ce \u00e0 la brosse anti bouloche r\u00e9utilisables","og_url":"https:\/\/dyspoo.store\/?product=brosse-antibouloche-reutilisable-2-pcs","og_site_name":"DYSPOO","article_modified_time":"2026-03-03T07:23:10+00:00","og_image":[{"width":800,"height":800,"url":"https:\/\/dyspoo.store\/wp-content\/uploads\/2026\/02\/dsyooj2969u.jpg","type":"image\/jpeg"}],"twitter_card":"summary_large_image","twitter_misc":{"Dur\u00e9e de lecture estim\u00e9e":"2 minutes"},"schema":{"@context":"https:\/\/schema.org","@graph":[{"@type":"WebPage","@id":"https:\/\/dyspoo.store\/?product=brosse-antibouloche-reutilisable-2-pcs","url":"https:\/\/dyspoo.store\/?product=brosse-antibouloche-reutilisable-2-pcs","name":"Brosse antibouloche r\u00e9utilisable (2 Pcs) - DYSPOO","isPartOf":{"@id":"https:\/\/dyspoo.store\/#website"},"primaryImageOfPage":{"@id":"https:\/\/dyspoo.store\/?product=brosse-antibouloche-reutilisable-2-pcs#primaryimage"},"image":{"@id":"https:\/\/dyspoo.store\/?product=brosse-antibouloche-reutilisable-2-pcs#primaryimage"},"thumbnailUrl":"https:\/\/dyspoo.store\/wp-content\/uploads\/2026\/02\/dsyooj2969u.jpg","datePublished":"2026-02-16T19:41:01+00:00","dateModified":"2026-03-03T07:23:10+00:00","description":"\u00c9limine rapidement et efficacement les bouloches, les poils d'animaux et les fibres - R\u00e9alisez des \u00e9conomies gr\u00e2ce \u00e0 la brosse anti bouloche r\u00e9utilisables","breadcrumb":{"@id":"https:\/\/dyspoo.store\/?product=brosse-antibouloche-reutilisable-2-pcs#breadcrumb"},"inLanguage":"fr-FR","potentialAction":[{"@type":"ReadAction","target":["https:\/\/dyspoo.store\/?product=brosse-antibouloche-reutilisable-2-pcs"]}]},{"@type":"ImageObject","inLanguage":"fr-FR","@id":"https:\/\/dyspoo.store\/?product=brosse-antibouloche-reutilisable-2-pcs#primaryimage","url":"https:\/\/dyspoo.store\/wp-content\/uploads\/2026\/02\/dsyooj2969u.jpg","contentUrl":"https:\/\/dyspoo.store\/wp-content\/uploads\/2026\/02\/dsyooj2969u.jpg","width":800,"height":800},{"@type":"BreadcrumbList","@id":"https:\/\/dyspoo.store\/?product=brosse-antibouloche-reutilisable-2-pcs#breadcrumb","itemListElement":[{"@type":"ListItem","position":1,"name":"Accueil","item":"https:\/\/dyspoo.store\/"},{"@type":"ListItem","position":2,"name":"Boutique","item":"https:\/\/dyspoo.store\/?page_id=47"},{"@type":"ListItem","position":3,"name":"Brosse antibouloche r\u00e9utilisable (2 Pcs)"}]},{"@type":"WebSite","@id":"https:\/\/dyspoo.store\/#website","url":"https:\/\/dyspoo.store\/","name":"DYSPOO","description":"DYSPOO","potentialAction":[{"@type":"SearchAction","target":{"@type":"EntryPoint","urlTemplate":"https:\/\/dyspoo.store\/?s={search_term_string}"},"query-input":{"@type":"PropertyValueSpecification","valueRequired":true,"valueName":"search_term_string"}}],"inLanguage":"fr-FR"}]}},"jetpack_sharing_enabled":true,"_links":{"self":[{"href":"https:\/\/dyspoo.store\/index.php?rest_route=\/wp\/v2\/product\/29610","targetHints":{"allow":["GET"]}}],"collection":[{"href":"https:\/\/dyspoo.store\/index.php?rest_route=\/wp\/v2\/product"}],"about":[{"href":"https:\/\/dyspoo.store\/index.php?rest_route=\/wp\/v2\/types\/product"}],"replies":[{"embeddable":true,"href":"https:\/\/dyspoo.store\/index.php?rest_route=%2Fwp%2Fv2%2Fcomments&post=29610"}],"version-history":[{"count":15,"href":"https:\/\/dyspoo.store\/index.php?rest_route=\/wp\/v2\/product\/29610\/revisions"}],"predecessor-version":[{"id":29700,"href":"https:\/\/dyspoo.store\/index.php?rest_route=\/wp\/v2\/product\/29610\/revisions\/29700"}],"wp:featuredmedia":[{"embeddable":true,"href":"https:\/\/dyspoo.store\/index.php?rest_route=\/wp\/v2\/media\/29611"}],"wp:attachment":[{"href":"https:\/\/dyspoo.store\/index.php?rest_route=%2Fwp%2Fv2%2Fmedia&parent=29610"}],"wp:term":[{"taxonomy":"product_brand","embeddable":true,"href":"https:\/\/dyspoo.store\/index.php?rest_route=%2Fwp%2Fv2%2Fproduct_brand&post=29610"},{"taxonomy":"product_cat","embeddable":true,"href":"https:\/\/dyspoo.store\/index.php?rest_route=%2Fwp%2Fv2%2Fproduct_cat&post=29610"},{"taxonomy":"product_tag","embeddable":true,"href":"https:\/\/dyspoo.store\/index.php?rest_route=%2Fwp%2Fv2%2Fproduct_tag&post=29610"}],"curies":[{"name":"wp","href":"https:\/\/api.w.org\/{rel}","templated":true}]}}