{"id":29636,"date":"2026-02-17T16:53:35","date_gmt":"2026-02-17T16:53:35","guid":{"rendered":"https:\/\/dyspoo.store\/?post_type=product&#038;p=29636"},"modified":"2026-03-20T14:32:10","modified_gmt":"2026-03-20T14:32:10","slug":"corde-a-linge-reglable","status":"publish","type":"product","link":"https:\/\/dyspoo.store\/?product=corde-a-linge-reglable","title":{"rendered":"Corde \u00e0 linge r\u00e9glable"},"content":{"rendered":"\t\t<div data-elementor-type=\"wp-post\" data-elementor-id=\"29636\" class=\"elementor elementor-29636\">\n\t\t\t\t<div class=\"wd-negative-gap elementor-element elementor-element-7ba917d e-flex e-con-boxed e-con e-parent\" data-id=\"7ba917d\" data-element_type=\"container\" data-e-type=\"container\">\n\t\t\t\t\t<div class=\"e-con-inner\">\n\t\t<div class=\"elementor-element elementor-element-836b10c e-con-full e-flex e-con e-child\" data-id=\"836b10c\" data-element_type=\"container\" data-e-type=\"container\">\n\t\t\t\t<div class=\"elementor-element elementor-element-92c0d6d elementor-widget elementor-widget-wd_text_block\" data-id=\"92c0d6d\" data-element_type=\"widget\" data-e-type=\"widget\" data-widget_type=\"wd_text_block.default\">\n\t\t\t\t<div class=\"elementor-widget-container\">\n\t\t\t\t\t\t\t<div class=\"wd-text-block reset-last-child text-center\">\n\t\t\t\n\t\t\t<h4><strong>\u00c0 propos de cet article<\/strong><\/h4><p><img loading=\"lazy\" decoding=\"async\" class=\"aligncenter wp-image-29761 size-medium\" src=\"https:\/\/dyspoo.store\/wp-content\/uploads\/2026\/03\/installe56-re-400x86.png\" alt=\"\" width=\"400\" height=\"86\" srcset=\"https:\/\/dyspoo.store\/wp-content\/uploads\/2026\/03\/installe56-re-400x86.png 400w, https:\/\/dyspoo.store\/wp-content\/uploads\/2026\/03\/installe56-re-768x166.png 768w, https:\/\/dyspoo.store\/wp-content\/uploads\/2026\/03\/installe56-re-430x93.png 430w, https:\/\/dyspoo.store\/wp-content\/uploads\/2026\/03\/installe56-re-700x151.png 700w, https:\/\/dyspoo.store\/wp-content\/uploads\/2026\/03\/installe56-re-150x32.png 150w, https:\/\/dyspoo.store\/wp-content\/uploads\/2026\/03\/installe56-re.png 1073w\" sizes=\"auto, (max-width: 400px) 100vw, 400px\" \/><\/p><p><img loading=\"lazy\" decoding=\"async\" class=\"aligncenter wp-image-29656 size-full\" src=\"https:\/\/dyspoo.store\/wp-content\/uploads\/2026\/02\/corurytre.png\" alt=\"\" width=\"512\" height=\"512\" srcset=\"https:\/\/dyspoo.store\/wp-content\/uploads\/2026\/02\/corurytre.png 512w, https:\/\/dyspoo.store\/wp-content\/uploads\/2026\/02\/corurytre-300x300.png 300w, https:\/\/dyspoo.store\/wp-content\/uploads\/2026\/02\/corurytre-150x150.png 150w, https:\/\/dyspoo.store\/wp-content\/uploads\/2026\/02\/corurytre-430x430.png 430w\" sizes=\"auto, (max-width: 512px) 100vw, 512px\" \/><\/p><p>Cette corde \u00e0 linge mesure 5,1 m\u00e8tres de long et offre suffisamment d'espace pour suspendre vos v\u00eatements. Elle peut supporter un poids maximal de 20 kg ; vous n'avez donc pas \u00e0 craindre que des v\u00eatements trop lourds ne la fassent tomber.<\/p><p><img loading=\"lazy\" decoding=\"async\" class=\"aligncenter wp-image-29637 size-large\" src=\"https:\/\/dyspoo.store\/wp-content\/uploads\/2026\/02\/etendoi8656bj-800x800.jpg\" alt=\"\" width=\"800\" height=\"800\" srcset=\"https:\/\/dyspoo.store\/wp-content\/uploads\/2026\/02\/etendoi8656bj-800x800.jpg 800w, https:\/\/dyspoo.store\/wp-content\/uploads\/2026\/02\/etendoi8656bj-300x300.jpg 300w, https:\/\/dyspoo.store\/wp-content\/uploads\/2026\/02\/etendoi8656bj-150x150.jpg 150w, https:\/\/dyspoo.store\/wp-content\/uploads\/2026\/02\/etendoi8656bj-768x768.jpg 768w, https:\/\/dyspoo.store\/wp-content\/uploads\/2026\/02\/etendoi8656bj-430x430.jpg 430w, https:\/\/dyspoo.store\/wp-content\/uploads\/2026\/02\/etendoi8656bj-700x700.jpg 700w, https:\/\/dyspoo.store\/wp-content\/uploads\/2026\/02\/etendoi8656bj.jpg 1500w\" sizes=\"auto, (max-width: 800px) 100vw, 800px\" \/><\/p>\n\t\t\t\t\t<\/div>\n\t\t\t\t\t\t<\/div>\n\t\t\t\t<\/div>\n\t\t\t\t<\/div>\n\t\t<div class=\"elementor-element elementor-element-e91f64e e-con-full e-flex e-con e-child\" data-id=\"e91f64e\" data-element_type=\"container\" data-e-type=\"container\">\n\t\t\t\t<div class=\"elementor-element elementor-element-10196b0 elementor-widget elementor-widget-wd_text_block\" data-id=\"10196b0\" data-element_type=\"widget\" data-e-type=\"widget\" data-widget_type=\"wd_text_block.default\">\n\t\t\t\t<div class=\"elementor-widget-container\">\n\t\t\t\t\t\t\t<div class=\"wd-text-block reset-last-child text-center\">\n\t\t\t\n\t\t\t<h4><strong>Facile \u00e0 utiliser<\/strong><\/h4><p><img loading=\"lazy\" decoding=\"async\" class=\"aligncenter wp-image-29646 size-large\" src=\"https:\/\/dyspoo.store\/wp-content\/uploads\/2026\/02\/codor1784-800x800.jpg\" alt=\"\" width=\"800\" height=\"800\" srcset=\"https:\/\/dyspoo.store\/wp-content\/uploads\/2026\/02\/codor1784-800x800.jpg 800w, https:\/\/dyspoo.store\/wp-content\/uploads\/2026\/02\/codor1784-300x300.jpg 300w, https:\/\/dyspoo.store\/wp-content\/uploads\/2026\/02\/codor1784-150x150.jpg 150w, https:\/\/dyspoo.store\/wp-content\/uploads\/2026\/02\/codor1784-768x768.jpg 768w, https:\/\/dyspoo.store\/wp-content\/uploads\/2026\/02\/codor1784-1536x1536.jpg 1536w, https:\/\/dyspoo.store\/wp-content\/uploads\/2026\/02\/codor1784-430x430.jpg 430w, https:\/\/dyspoo.store\/wp-content\/uploads\/2026\/02\/codor1784-700x700.jpg 700w, https:\/\/dyspoo.store\/wp-content\/uploads\/2026\/02\/codor1784.jpg 1601w\" sizes=\"auto, (max-width: 800px) 100vw, 800px\" \/><\/p><p dir=\"ltr\">Syst\u00e8me anti-affaissement : Gr\u00e2ce \u00e0 son syst\u00e8me de verrouillage et \u00e0 sa tension rotative, notre \u00e9tendoir \u00e0 linge emp\u00eache l\u2019affaissement. Ajustez simplement la longueur, verrouillez-la et serrez-la \u00e0 l\u2019aide du bouton pour que votre linge reste bien suspendu.<\/p>\n\t\t\t\t\t<\/div>\n\t\t\t\t\t\t<\/div>\n\t\t\t\t<\/div>\n\t\t\t\t<div class=\"elementor-element elementor-element-ea943e2 elementor-widget elementor-widget-wd_text_block\" data-id=\"ea943e2\" data-element_type=\"widget\" data-e-type=\"widget\" data-widget_type=\"wd_text_block.default\">\n\t\t\t\t<div class=\"elementor-widget-container\">\n\t\t\t\t\t\t\t<div class=\"wd-text-block reset-last-child text-left\">\n\t\t\t\n\t\t\t<p><img loading=\"lazy\" decoding=\"async\" class=\"aligncenter wp-image-29655 size-full\" src=\"https:\/\/dyspoo.store\/wp-content\/uploads\/2026\/02\/etendotr33.jpg\" alt=\"\" width=\"512\" height=\"512\" srcset=\"https:\/\/dyspoo.store\/wp-content\/uploads\/2026\/02\/etendotr33.jpg 512w, https:\/\/dyspoo.store\/wp-content\/uploads\/2026\/02\/etendotr33-300x300.jpg 300w, https:\/\/dyspoo.store\/wp-content\/uploads\/2026\/02\/etendotr33-150x150.jpg 150w, https:\/\/dyspoo.store\/wp-content\/uploads\/2026\/02\/etendotr33-430x430.jpg 430w\" sizes=\"auto, (max-width: 512px) 100vw, 512px\" \/><\/p>\n\t\t\t\t\t<\/div>\n\t\t\t\t\t\t<\/div>\n\t\t\t\t<\/div>\n\t\t\t\t<\/div>\n\t\t<div class=\"elementor-element elementor-element-3a86271 e-con-full e-flex e-con e-child\" data-id=\"3a86271\" data-element_type=\"container\" data-e-type=\"container\">\n\t\t\t\t<div class=\"elementor-element elementor-element-1cb5edc elementor-widget elementor-widget-wd_text_block\" data-id=\"1cb5edc\" data-element_type=\"widget\" data-e-type=\"widget\" data-widget_type=\"wd_text_block.default\">\n\t\t\t\t<div class=\"elementor-widget-container\">\n\t\t\t\t\t\t\t<div class=\"wd-text-block reset-last-child text-center\">\n\t\t\t\n\t\t\t<h4><strong>D\u00e9tails<\/strong><\/h4><h4><img loading=\"lazy\" decoding=\"async\" class=\"aligncenter wp-image-29654 size-full\" src=\"https:\/\/dyspoo.store\/wp-content\/uploads\/2026\/02\/corde435dfg.jpg\" alt=\"\" width=\"512\" height=\"512\" srcset=\"https:\/\/dyspoo.store\/wp-content\/uploads\/2026\/02\/corde435dfg.jpg 512w, https:\/\/dyspoo.store\/wp-content\/uploads\/2026\/02\/corde435dfg-300x300.jpg 300w, https:\/\/dyspoo.store\/wp-content\/uploads\/2026\/02\/corde435dfg-150x150.jpg 150w, https:\/\/dyspoo.store\/wp-content\/uploads\/2026\/02\/corde435dfg-430x430.jpg 430w\" sizes=\"auto, (max-width: 512px) 100vw, 512px\" \/><\/h4><p dir=\"ltr\">Id\u00e9al pour diverses pi\u00e8ces telles que les salles de bains, les balcons, les buanderies, les salons, les abords de piscine, les h\u00f4tels et les appartements, cet \u00e9tendoir mural vous offre un confort optimal o\u00f9 que vous soyez. Dites adieu aux s\u00e9choirs encombrants et bonjour \u00e0 notre corde \u00e0 linge r\u00e9tractable et performante<\/p><p><img loading=\"lazy\" decoding=\"async\" class=\"aligncenter wp-image-29638 size-large\" src=\"https:\/\/dyspoo.store\/wp-content\/uploads\/2026\/02\/etendoircb4c6b-800x800.jpg\" alt=\"\" width=\"800\" height=\"800\" srcset=\"https:\/\/dyspoo.store\/wp-content\/uploads\/2026\/02\/etendoircb4c6b-800x800.jpg 800w, https:\/\/dyspoo.store\/wp-content\/uploads\/2026\/02\/etendoircb4c6b-300x300.jpg 300w, https:\/\/dyspoo.store\/wp-content\/uploads\/2026\/02\/etendoircb4c6b-150x150.jpg 150w, https:\/\/dyspoo.store\/wp-content\/uploads\/2026\/02\/etendoircb4c6b-768x768.jpg 768w, https:\/\/dyspoo.store\/wp-content\/uploads\/2026\/02\/etendoircb4c6b-1536x1536.jpg 1536w, https:\/\/dyspoo.store\/wp-content\/uploads\/2026\/02\/etendoircb4c6b-430x430.jpg 430w, https:\/\/dyspoo.store\/wp-content\/uploads\/2026\/02\/etendoircb4c6b-700x700.jpg 700w, https:\/\/dyspoo.store\/wp-content\/uploads\/2026\/02\/etendoircb4c6b.jpg 1601w\" sizes=\"auto, (max-width: 800px) 100vw, 800px\" \/><\/p>\n\t\t\t\t\t<\/div>\n\t\t\t\t\t\t<\/div>\n\t\t\t\t<\/div>\n\t\t\t\t<\/div>\n\t\t\t\t\t<\/div>\n\t\t\t\t<\/div>\n\t\t\t\t<\/div>\n\t\t","protected":false},"excerpt":{"rendered":"<p>Notre \u00e9tendoir \u00e0 linge r\u00e9tractable est compact et pliable, id\u00e9al pour les petits espaces. R\u00e9tractez-le facilement lorsqu\u2019il n\u2019est pas utilis\u00e9, optimisant ainsi votre espace de vie sans sacrifier la fonctionnalit\u00e9.<\/p>\n<p>Mat\u00e9riaux haut de gamme &#8211; La corde est en acier inoxydable.<\/p>\n","protected":false},"featured_media":29639,"comment_status":"open","ping_status":"closed","template":"","meta":[],"product_brand":[126],"product_cat":[74],"product_tag":[],"class_list":{"0":"post-29636","1":"product","2":"type-product","3":"status-publish","4":"has-post-thumbnail","6":"product_brand-dyspoo","7":"product_cat-accessoires","9":"first","10":"instock","11":"sale","12":"shipping-taxable","13":"purchasable","14":"product-type-simple"},"yoast_head":"<!-- This site is optimized with the Yoast SEO plugin v27.3 - https:\/\/yoast.com\/product\/yoast-seo-wordpress\/ -->\n<title>Corde \u00e0 linge r\u00e9glable - DYSPOO<\/title>\n<meta name=\"description\" content=\"Notre \u00e9tendoir \u00e0 linge r\u00e9tractable est compact et pliable, id\u00e9al pour les petits espaces. R\u00e9tractez-le facilement lorsqu\u2019il n\u2019est pas utilis\u00e9, optimisa...\" \/>\n<meta name=\"robots\" content=\"index, follow, max-snippet:-1, max-image-preview:large, max-video-preview:-1\" \/>\n<link rel=\"canonical\" href=\"https:\/\/dyspoo.store\/?product=corde-a-linge-reglable\" \/>\n<meta property=\"og:locale\" content=\"fr_FR\" \/>\n<meta property=\"og:type\" content=\"article\" \/>\n<meta property=\"og:title\" content=\"Corde \u00e0 linge r\u00e9glable - DYSPOO\" \/>\n<meta property=\"og:description\" content=\"Notre \u00e9tendoir \u00e0 linge r\u00e9tractable est compact et pliable, id\u00e9al pour les petits espaces. R\u00e9tractez-le facilement lorsqu\u2019il n\u2019est pas utilis\u00e9, optimisa...\" \/>\n<meta property=\"og:url\" content=\"https:\/\/dyspoo.store\/?product=corde-a-linge-reglable\" \/>\n<meta property=\"og:site_name\" content=\"DYSPOO\" \/>\n<meta property=\"article:modified_time\" content=\"2026-03-20T14:32:10+00:00\" \/>\n<meta property=\"og:image\" content=\"https:\/\/dyspoo.store\/wp-content\/uploads\/2026\/02\/edendoira4e2.jpg\" \/>\n\t<meta property=\"og:image:width\" content=\"1601\" \/>\n\t<meta property=\"og:image:height\" content=\"1601\" \/>\n\t<meta property=\"og:image:type\" content=\"image\/jpeg\" \/>\n<meta name=\"twitter:card\" content=\"summary_large_image\" \/>\n<meta name=\"twitter:label1\" content=\"Dur\u00e9e de lecture estim\u00e9e\" \/>\n\t<meta name=\"twitter:data1\" content=\"3 minutes\" \/>\n<script type=\"application\/ld+json\" class=\"yoast-schema-graph\">{\"@context\":\"https:\\\/\\\/schema.org\",\"@graph\":[{\"@type\":\"WebPage\",\"@id\":\"https:\\\/\\\/dyspoo.store\\\/?product=corde-a-linge-reglable\",\"url\":\"https:\\\/\\\/dyspoo.store\\\/?product=corde-a-linge-reglable\",\"name\":\"Corde \u00e0 linge r\u00e9glable - DYSPOO\",\"isPartOf\":{\"@id\":\"https:\\\/\\\/dyspoo.store\\\/#website\"},\"primaryImageOfPage\":{\"@id\":\"https:\\\/\\\/dyspoo.store\\\/?product=corde-a-linge-reglable#primaryimage\"},\"image\":{\"@id\":\"https:\\\/\\\/dyspoo.store\\\/?product=corde-a-linge-reglable#primaryimage\"},\"thumbnailUrl\":\"https:\\\/\\\/dyspoo.store\\\/wp-content\\\/uploads\\\/2026\\\/02\\\/edendoira4e2.jpg\",\"datePublished\":\"2026-02-17T16:53:35+00:00\",\"dateModified\":\"2026-03-20T14:32:10+00:00\",\"description\":\"Notre \u00e9tendoir \u00e0 linge r\u00e9tractable est compact et pliable, id\u00e9al pour les petits espaces. R\u00e9tractez-le facilement lorsqu\u2019il n\u2019est pas utilis\u00e9, optimisa...\",\"breadcrumb\":{\"@id\":\"https:\\\/\\\/dyspoo.store\\\/?product=corde-a-linge-reglable#breadcrumb\"},\"inLanguage\":\"fr-FR\",\"potentialAction\":[{\"@type\":\"ReadAction\",\"target\":[\"https:\\\/\\\/dyspoo.store\\\/?product=corde-a-linge-reglable\"]}]},{\"@type\":\"ImageObject\",\"inLanguage\":\"fr-FR\",\"@id\":\"https:\\\/\\\/dyspoo.store\\\/?product=corde-a-linge-reglable#primaryimage\",\"url\":\"https:\\\/\\\/dyspoo.store\\\/wp-content\\\/uploads\\\/2026\\\/02\\\/edendoira4e2.jpg\",\"contentUrl\":\"https:\\\/\\\/dyspoo.store\\\/wp-content\\\/uploads\\\/2026\\\/02\\\/edendoira4e2.jpg\",\"width\":1601,\"height\":1601},{\"@type\":\"BreadcrumbList\",\"@id\":\"https:\\\/\\\/dyspoo.store\\\/?product=corde-a-linge-reglable#breadcrumb\",\"itemListElement\":[{\"@type\":\"ListItem\",\"position\":1,\"name\":\"Accueil\",\"item\":\"https:\\\/\\\/dyspoo.store\\\/\"},{\"@type\":\"ListItem\",\"position\":2,\"name\":\"Boutique\",\"item\":\"https:\\\/\\\/dyspoo.store\\\/?page_id=47\"},{\"@type\":\"ListItem\",\"position\":3,\"name\":\"Corde \u00e0 linge r\u00e9glable\"}]},{\"@type\":\"WebSite\",\"@id\":\"https:\\\/\\\/dyspoo.store\\\/#website\",\"url\":\"https:\\\/\\\/dyspoo.store\\\/\",\"name\":\"DYSPOO\",\"description\":\"DYSPOO\",\"potentialAction\":[{\"@type\":\"SearchAction\",\"target\":{\"@type\":\"EntryPoint\",\"urlTemplate\":\"https:\\\/\\\/dyspoo.store\\\/?s={search_term_string}\"},\"query-input\":{\"@type\":\"PropertyValueSpecification\",\"valueRequired\":true,\"valueName\":\"search_term_string\"}}],\"inLanguage\":\"fr-FR\"}]}<\/script>\n<!-- \/ Yoast SEO plugin. -->","yoast_head_json":{"title":"Corde \u00e0 linge r\u00e9glable - DYSPOO","description":"Notre \u00e9tendoir \u00e0 linge r\u00e9tractable est compact et pliable, id\u00e9al pour les petits espaces. R\u00e9tractez-le facilement lorsqu\u2019il n\u2019est pas utilis\u00e9, optimisa...","robots":{"index":"index","follow":"follow","max-snippet":"max-snippet:-1","max-image-preview":"max-image-preview:large","max-video-preview":"max-video-preview:-1"},"canonical":"https:\/\/dyspoo.store\/?product=corde-a-linge-reglable","og_locale":"fr_FR","og_type":"article","og_title":"Corde \u00e0 linge r\u00e9glable - DYSPOO","og_description":"Notre \u00e9tendoir \u00e0 linge r\u00e9tractable est compact et pliable, id\u00e9al pour les petits espaces. R\u00e9tractez-le facilement lorsqu\u2019il n\u2019est pas utilis\u00e9, optimisa...","og_url":"https:\/\/dyspoo.store\/?product=corde-a-linge-reglable","og_site_name":"DYSPOO","article_modified_time":"2026-03-20T14:32:10+00:00","og_image":[{"width":1601,"height":1601,"url":"https:\/\/dyspoo.store\/wp-content\/uploads\/2026\/02\/edendoira4e2.jpg","type":"image\/jpeg"}],"twitter_card":"summary_large_image","twitter_misc":{"Dur\u00e9e de lecture estim\u00e9e":"3 minutes"},"schema":{"@context":"https:\/\/schema.org","@graph":[{"@type":"WebPage","@id":"https:\/\/dyspoo.store\/?product=corde-a-linge-reglable","url":"https:\/\/dyspoo.store\/?product=corde-a-linge-reglable","name":"Corde \u00e0 linge r\u00e9glable - DYSPOO","isPartOf":{"@id":"https:\/\/dyspoo.store\/#website"},"primaryImageOfPage":{"@id":"https:\/\/dyspoo.store\/?product=corde-a-linge-reglable#primaryimage"},"image":{"@id":"https:\/\/dyspoo.store\/?product=corde-a-linge-reglable#primaryimage"},"thumbnailUrl":"https:\/\/dyspoo.store\/wp-content\/uploads\/2026\/02\/edendoira4e2.jpg","datePublished":"2026-02-17T16:53:35+00:00","dateModified":"2026-03-20T14:32:10+00:00","description":"Notre \u00e9tendoir \u00e0 linge r\u00e9tractable est compact et pliable, id\u00e9al pour les petits espaces. R\u00e9tractez-le facilement lorsqu\u2019il n\u2019est pas utilis\u00e9, optimisa...","breadcrumb":{"@id":"https:\/\/dyspoo.store\/?product=corde-a-linge-reglable#breadcrumb"},"inLanguage":"fr-FR","potentialAction":[{"@type":"ReadAction","target":["https:\/\/dyspoo.store\/?product=corde-a-linge-reglable"]}]},{"@type":"ImageObject","inLanguage":"fr-FR","@id":"https:\/\/dyspoo.store\/?product=corde-a-linge-reglable#primaryimage","url":"https:\/\/dyspoo.store\/wp-content\/uploads\/2026\/02\/edendoira4e2.jpg","contentUrl":"https:\/\/dyspoo.store\/wp-content\/uploads\/2026\/02\/edendoira4e2.jpg","width":1601,"height":1601},{"@type":"BreadcrumbList","@id":"https:\/\/dyspoo.store\/?product=corde-a-linge-reglable#breadcrumb","itemListElement":[{"@type":"ListItem","position":1,"name":"Accueil","item":"https:\/\/dyspoo.store\/"},{"@type":"ListItem","position":2,"name":"Boutique","item":"https:\/\/dyspoo.store\/?page_id=47"},{"@type":"ListItem","position":3,"name":"Corde \u00e0 linge r\u00e9glable"}]},{"@type":"WebSite","@id":"https:\/\/dyspoo.store\/#website","url":"https:\/\/dyspoo.store\/","name":"DYSPOO","description":"DYSPOO","potentialAction":[{"@type":"SearchAction","target":{"@type":"EntryPoint","urlTemplate":"https:\/\/dyspoo.store\/?s={search_term_string}"},"query-input":{"@type":"PropertyValueSpecification","valueRequired":true,"valueName":"search_term_string"}}],"inLanguage":"fr-FR"}]}},"jetpack_sharing_enabled":true,"_links":{"self":[{"href":"https:\/\/dyspoo.store\/index.php?rest_route=\/wp\/v2\/product\/29636","targetHints":{"allow":["GET"]}}],"collection":[{"href":"https:\/\/dyspoo.store\/index.php?rest_route=\/wp\/v2\/product"}],"about":[{"href":"https:\/\/dyspoo.store\/index.php?rest_route=\/wp\/v2\/types\/product"}],"replies":[{"embeddable":true,"href":"https:\/\/dyspoo.store\/index.php?rest_route=%2Fwp%2Fv2%2Fcomments&post=29636"}],"version-history":[{"count":13,"href":"https:\/\/dyspoo.store\/index.php?rest_route=\/wp\/v2\/product\/29636\/revisions"}],"predecessor-version":[{"id":29776,"href":"https:\/\/dyspoo.store\/index.php?rest_route=\/wp\/v2\/product\/29636\/revisions\/29776"}],"wp:featuredmedia":[{"embeddable":true,"href":"https:\/\/dyspoo.store\/index.php?rest_route=\/wp\/v2\/media\/29639"}],"wp:attachment":[{"href":"https:\/\/dyspoo.store\/index.php?rest_route=%2Fwp%2Fv2%2Fmedia&parent=29636"}],"wp:term":[{"taxonomy":"product_brand","embeddable":true,"href":"https:\/\/dyspoo.store\/index.php?rest_route=%2Fwp%2Fv2%2Fproduct_brand&post=29636"},{"taxonomy":"product_cat","embeddable":true,"href":"https:\/\/dyspoo.store\/index.php?rest_route=%2Fwp%2Fv2%2Fproduct_cat&post=29636"},{"taxonomy":"product_tag","embeddable":true,"href":"https:\/\/dyspoo.store\/index.php?rest_route=%2Fwp%2Fv2%2Fproduct_tag&post=29636"}],"curies":[{"name":"wp","href":"https:\/\/api.w.org\/{rel}","templated":true}]}}