{"id":29668,"date":"2026-02-22T01:57:49","date_gmt":"2026-02-22T01:57:49","guid":{"rendered":"https:\/\/dyspoo.store\/?post_type=product&#038;p=29668"},"modified":"2026-03-20T14:30:24","modified_gmt":"2026-03-20T14:30:24","slug":"ferme-porte-hydraulique-a-fermeture-douce","status":"publish","type":"product","link":"https:\/\/dyspoo.store\/?product=ferme-porte-hydraulique-a-fermeture-douce","title":{"rendered":"Ferme-Porte Hydraulique \u00e0 Fermeture Douce"},"content":{"rendered":"\t\t<div data-elementor-type=\"wp-post\" data-elementor-id=\"29668\" class=\"elementor elementor-29668\">\n\t\t\t\t<div class=\"wd-negative-gap elementor-element elementor-element-7ba917d e-flex e-con-boxed e-con e-parent\" data-id=\"7ba917d\" data-element_type=\"container\" data-e-type=\"container\">\n\t\t\t\t\t<div class=\"e-con-inner\">\n\t\t<div class=\"elementor-element elementor-element-836b10c e-con-full e-flex e-con e-child\" data-id=\"836b10c\" data-element_type=\"container\" data-e-type=\"container\">\n\t\t\t\t<div class=\"elementor-element elementor-element-92c0d6d elementor-widget elementor-widget-wd_text_block\" data-id=\"92c0d6d\" data-element_type=\"widget\" data-e-type=\"widget\" data-widget_type=\"wd_text_block.default\">\n\t\t\t\t<div class=\"elementor-widget-container\">\n\t\t\t\t\t\t\t<div class=\"wd-text-block reset-last-child text-center\">\n\t\t\t\n\t\t\t<h4><strong>\u00c0 propos de cet article<\/strong><\/h4><p><img loading=\"lazy\" decoding=\"async\" class=\"aligncenter wp-image-29761 size-medium\" src=\"https:\/\/dyspoo.store\/wp-content\/uploads\/2026\/03\/installe56-re-400x86.png\" alt=\"\" width=\"400\" height=\"86\" srcset=\"https:\/\/dyspoo.store\/wp-content\/uploads\/2026\/03\/installe56-re-400x86.png 400w, https:\/\/dyspoo.store\/wp-content\/uploads\/2026\/03\/installe56-re-768x166.png 768w, https:\/\/dyspoo.store\/wp-content\/uploads\/2026\/03\/installe56-re-430x93.png 430w, https:\/\/dyspoo.store\/wp-content\/uploads\/2026\/03\/installe56-re-700x151.png 700w, https:\/\/dyspoo.store\/wp-content\/uploads\/2026\/03\/installe56-re-150x32.png 150w, https:\/\/dyspoo.store\/wp-content\/uploads\/2026\/03\/installe56-re.png 1073w\" sizes=\"auto, (max-width: 400px) 100vw, 400px\" \/><\/p><p dir=\"ltr\"><img loading=\"lazy\" decoding=\"async\" class=\"aligncenter wp-image-29706 size-full\" src=\"https:\/\/dyspoo.store\/wp-content\/uploads\/2026\/03\/fremmeporete6.png\" alt=\"\" width=\"512\" height=\"512\" srcset=\"https:\/\/dyspoo.store\/wp-content\/uploads\/2026\/03\/fremmeporete6.png 512w, https:\/\/dyspoo.store\/wp-content\/uploads\/2026\/03\/fremmeporete6-300x300.png 300w, https:\/\/dyspoo.store\/wp-content\/uploads\/2026\/03\/fremmeporete6-150x150.png 150w, https:\/\/dyspoo.store\/wp-content\/uploads\/2026\/03\/fremmeporete6-430x430.png 430w\" sizes=\"auto, (max-width: 512px) 100vw, 512px\" \/><\/p><p dir=\"ltr\">R\u00e9duit le bruit de claquement des portes, offrant une exp\u00e9rience utilisateur silencieuse, id\u00e9al pour les environnements r\u00e9sidentiels et commerciaux.<\/p><p dir=\"ltr\">R\u00e9glez ind\u00e9pendamment les vitesses de fermeture et de verrouillage pour r\u00e9pondre \u00e0 divers besoins d'utilisation.<\/p><p><img loading=\"lazy\" decoding=\"async\" class=\"aligncenter wp-image-29708 size-full\" src=\"https:\/\/dyspoo.store\/wp-content\/uploads\/2026\/03\/fremporrt88.png\" alt=\"\" width=\"512\" height=\"512\" srcset=\"https:\/\/dyspoo.store\/wp-content\/uploads\/2026\/03\/fremporrt88.png 512w, https:\/\/dyspoo.store\/wp-content\/uploads\/2026\/03\/fremporrt88-300x300.png 300w, https:\/\/dyspoo.store\/wp-content\/uploads\/2026\/03\/fremporrt88-150x150.png 150w, https:\/\/dyspoo.store\/wp-content\/uploads\/2026\/03\/fremporrt88-430x430.png 430w\" sizes=\"auto, (max-width: 512px) 100vw, 512px\" \/><\/p>\n\t\t\t\t\t<\/div>\n\t\t\t\t\t\t<\/div>\n\t\t\t\t<\/div>\n\t\t\t\t<\/div>\n\t\t<div class=\"elementor-element elementor-element-e91f64e e-con-full e-flex e-con e-child\" data-id=\"e91f64e\" data-element_type=\"container\" data-e-type=\"container\">\n\t\t\t\t<div class=\"elementor-element elementor-element-10196b0 elementor-widget elementor-widget-wd_text_block\" data-id=\"10196b0\" data-element_type=\"widget\" data-e-type=\"widget\" data-widget_type=\"wd_text_block.default\">\n\t\t\t\t<div class=\"elementor-widget-container\">\n\t\t\t\t\t\t\t<div class=\"wd-text-block reset-last-child text-center\">\n\t\t\t\n\t\t\t<h4><strong>Facile \u00e0 utiliser<\/strong><\/h4><p><img loading=\"lazy\" decoding=\"async\" class=\"aligncenter wp-image-29707 size-full\" src=\"https:\/\/dyspoo.store\/wp-content\/uploads\/2026\/03\/fermeprt98473.png\" alt=\"\" width=\"512\" height=\"512\" srcset=\"https:\/\/dyspoo.store\/wp-content\/uploads\/2026\/03\/fermeprt98473.png 512w, https:\/\/dyspoo.store\/wp-content\/uploads\/2026\/03\/fermeprt98473-300x300.png 300w, https:\/\/dyspoo.store\/wp-content\/uploads\/2026\/03\/fermeprt98473-150x150.png 150w, https:\/\/dyspoo.store\/wp-content\/uploads\/2026\/03\/fermeprt98473-430x430.png 430w\" sizes=\"auto, (max-width: 512px) 100vw, 512px\" \/><\/p><p dir=\"ltr\">Convient \u00e0 divers types de portes, y compris les portes en bois, les portes en m\u00e9tal et les portes en verre, parfait pour les maisons, les bureaux et les b\u00e2timents publics.<\/p>\n\t\t\t\t\t<\/div>\n\t\t\t\t\t\t<\/div>\n\t\t\t\t<\/div>\n\t\t\t\t<div class=\"elementor-element elementor-element-ea943e2 elementor-widget elementor-widget-wd_text_block\" data-id=\"ea943e2\" data-element_type=\"widget\" data-e-type=\"widget\" data-widget_type=\"wd_text_block.default\">\n\t\t\t\t<div class=\"elementor-widget-container\">\n\t\t\t\t\t\t\t<div class=\"wd-text-block reset-last-child text-left\">\n\t\t\t\n\t\t\t<p><img loading=\"lazy\" decoding=\"async\" class=\"aligncenter wp-image-29677 size-large\" src=\"https:\/\/dyspoo.store\/wp-content\/uploads\/2026\/02\/femeprt0_-594x800.jpg\" alt=\"\" width=\"594\" height=\"800\" srcset=\"https:\/\/dyspoo.store\/wp-content\/uploads\/2026\/02\/femeprt0_-594x800.jpg 594w, https:\/\/dyspoo.store\/wp-content\/uploads\/2026\/02\/femeprt0_-223x300.jpg 223w, https:\/\/dyspoo.store\/wp-content\/uploads\/2026\/02\/femeprt0_-768x1034.jpg 768w, https:\/\/dyspoo.store\/wp-content\/uploads\/2026\/02\/femeprt0_-430x579.jpg 430w, https:\/\/dyspoo.store\/wp-content\/uploads\/2026\/02\/femeprt0_-700x943.jpg 700w, https:\/\/dyspoo.store\/wp-content\/uploads\/2026\/02\/femeprt0_-150x202.jpg 150w, https:\/\/dyspoo.store\/wp-content\/uploads\/2026\/02\/femeprt0_.jpg 1114w\" sizes=\"auto, (max-width: 594px) 100vw, 594px\" \/><\/p>\n\t\t\t\t\t<\/div>\n\t\t\t\t\t\t<\/div>\n\t\t\t\t<\/div>\n\t\t\t\t<\/div>\n\t\t<div class=\"elementor-element elementor-element-3a86271 e-con-full e-flex e-con e-child\" data-id=\"3a86271\" data-element_type=\"container\" data-e-type=\"container\">\n\t\t\t\t<div class=\"elementor-element elementor-element-1cb5edc elementor-widget elementor-widget-wd_text_block\" data-id=\"1cb5edc\" data-element_type=\"widget\" data-e-type=\"widget\" data-widget_type=\"wd_text_block.default\">\n\t\t\t\t<div class=\"elementor-widget-container\">\n\t\t\t\t\t\t\t<div class=\"wd-text-block reset-last-child text-center\">\n\t\t\t\n\t\t\t<h4><strong>D\u00e9tails<\/strong><\/h4><h4><img loading=\"lazy\" decoding=\"async\" class=\"aligncenter wp-image-29672 size-large\" src=\"https:\/\/dyspoo.store\/wp-content\/uploads\/2026\/02\/fremedpo600-904x800.jpeg\" alt=\"\" width=\"904\" height=\"800\" srcset=\"https:\/\/dyspoo.store\/wp-content\/uploads\/2026\/02\/fremedpo600-904x800.jpeg 904w, https:\/\/dyspoo.store\/wp-content\/uploads\/2026\/02\/fremedpo600-339x300.jpeg 339w, https:\/\/dyspoo.store\/wp-content\/uploads\/2026\/02\/fremedpo600-768x679.jpeg 768w, https:\/\/dyspoo.store\/wp-content\/uploads\/2026\/02\/fremedpo600-430x380.jpeg 430w, https:\/\/dyspoo.store\/wp-content\/uploads\/2026\/02\/fremedpo600-700x619.jpeg 700w, https:\/\/dyspoo.store\/wp-content\/uploads\/2026\/02\/fremedpo600-150x133.jpeg 150w, https:\/\/dyspoo.store\/wp-content\/uploads\/2026\/02\/fremedpo600.jpeg 1500w\" sizes=\"auto, (max-width: 904px) 100vw, 904px\" \/><\/h4><p dir=\"ltr\">Fabriqu\u00e9 \u00e0 partir de mat\u00e9riaux en aluminium pour r\u00e9sister \u00e0 une utilisation fr\u00e9quente, adapt\u00e9 aux zones \u00e0 fort trafic.<\/p><p dir=\"ltr\">La fonction de maintien \u00e0 90\u00b0 int\u00e9gr\u00e9e permet \u00e0 la porte de rester ouverte \u00e0 un angle pratique, id\u00e9al pour les entr\u00e9es tr\u00e8s fr\u00e9quent\u00e9es.<\/p><p><img loading=\"lazy\" decoding=\"async\" class=\"aligncenter wp-image-29674 size-large\" src=\"https:\/\/dyspoo.store\/wp-content\/uploads\/2026\/02\/fremjkeihdb00-781x800.jpeg\" alt=\"\" width=\"781\" height=\"800\" srcset=\"https:\/\/dyspoo.store\/wp-content\/uploads\/2026\/02\/fremjkeihdb00-781x800.jpeg 781w, https:\/\/dyspoo.store\/wp-content\/uploads\/2026\/02\/fremjkeihdb00-293x300.jpeg 293w, https:\/\/dyspoo.store\/wp-content\/uploads\/2026\/02\/fremjkeihdb00-768x787.jpeg 768w, https:\/\/dyspoo.store\/wp-content\/uploads\/2026\/02\/fremjkeihdb00-430x441.jpeg 430w, https:\/\/dyspoo.store\/wp-content\/uploads\/2026\/02\/fremjkeihdb00-700x717.jpeg 700w, https:\/\/dyspoo.store\/wp-content\/uploads\/2026\/02\/fremjkeihdb00-150x154.jpeg 150w, https:\/\/dyspoo.store\/wp-content\/uploads\/2026\/02\/fremjkeihdb00.jpeg 1329w\" sizes=\"auto, (max-width: 781px) 100vw, 781px\" \/><\/p>\n\t\t\t\t\t<\/div>\n\t\t\t\t\t\t<\/div>\n\t\t\t\t<\/div>\n\t\t\t\t<\/div>\n\t\t\t\t\t<\/div>\n\t\t\t\t<\/div>\n\t\t\t\t<\/div>\n\t\t","protected":false},"excerpt":{"rendered":"<p>Convient \u00e0 diff\u00e9rents types de portes, y compris les portes en bois, en m\u00e9tal et en verre, ce ferme-porte fonctionne efficacement dans les maisons, les bureaux et les b\u00e2timents publics, offrant une solution fiable pour toute entr\u00e9e<\/p>\n","protected":false},"featured_media":29669,"comment_status":"open","ping_status":"closed","template":"","meta":[],"product_brand":[126],"product_cat":[74,132],"product_tag":[],"class_list":{"0":"post-29668","1":"product","2":"type-product","3":"status-publish","4":"has-post-thumbnail","6":"product_brand-dyspoo","7":"product_cat-accessoires","8":"product_cat-ferme-porte","10":"first","11":"instock","12":"sale","13":"shipping-taxable","14":"purchasable","15":"product-type-simple"},"yoast_head":"<!-- This site is optimized with the Yoast SEO plugin v27.3 - https:\/\/yoast.com\/product\/yoast-seo-wordpress\/ -->\n<title>Ferme-Porte Hydraulique \u00e0 Fermeture Douce - DYSPOO<\/title>\n<meta name=\"description\" content=\"Ferme-Porte Hydraulique \u00e0 Fermeture Douce - Pour la fermeture automatique des portes dans les maisons, les bureaux, les magasins et autres environnement\u2026\" \/>\n<meta name=\"robots\" content=\"index, follow, max-snippet:-1, max-image-preview:large, max-video-preview:-1\" \/>\n<link rel=\"canonical\" href=\"https:\/\/dyspoo.store\/?product=ferme-porte-hydraulique-a-fermeture-douce\" \/>\n<meta property=\"og:locale\" content=\"fr_FR\" \/>\n<meta property=\"og:type\" content=\"article\" \/>\n<meta property=\"og:title\" content=\"Ferme-Porte Hydraulique \u00e0 Fermeture Douce - DYSPOO\" \/>\n<meta property=\"og:description\" content=\"Ferme-Porte Hydraulique \u00e0 Fermeture Douce - Pour la fermeture automatique des portes dans les maisons, les bureaux, les magasins et autres environnement\u2026\" \/>\n<meta property=\"og:url\" content=\"https:\/\/dyspoo.store\/?product=ferme-porte-hydraulique-a-fermeture-douce\" \/>\n<meta property=\"og:site_name\" content=\"DYSPOO\" \/>\n<meta property=\"article:modified_time\" content=\"2026-03-20T14:30:24+00:00\" \/>\n<meta property=\"og:image\" content=\"https:\/\/dyspoo.store\/wp-content\/uploads\/2026\/02\/fermepoor6e6.jpg\" \/>\n\t<meta property=\"og:image:width\" content=\"756\" \/>\n\t<meta property=\"og:image:height\" content=\"756\" \/>\n\t<meta property=\"og:image:type\" content=\"image\/jpeg\" \/>\n<meta name=\"twitter:card\" content=\"summary_large_image\" \/>\n<meta name=\"twitter:label1\" content=\"Dur\u00e9e de lecture estim\u00e9e\" \/>\n\t<meta name=\"twitter:data1\" content=\"2 minutes\" \/>\n<script type=\"application\/ld+json\" class=\"yoast-schema-graph\">{\"@context\":\"https:\\\/\\\/schema.org\",\"@graph\":[{\"@type\":\"WebPage\",\"@id\":\"https:\\\/\\\/dyspoo.store\\\/?product=ferme-porte-hydraulique-a-fermeture-douce\",\"url\":\"https:\\\/\\\/dyspoo.store\\\/?product=ferme-porte-hydraulique-a-fermeture-douce\",\"name\":\"Ferme-Porte Hydraulique \u00e0 Fermeture Douce - DYSPOO\",\"isPartOf\":{\"@id\":\"https:\\\/\\\/dyspoo.store\\\/#website\"},\"primaryImageOfPage\":{\"@id\":\"https:\\\/\\\/dyspoo.store\\\/?product=ferme-porte-hydraulique-a-fermeture-douce#primaryimage\"},\"image\":{\"@id\":\"https:\\\/\\\/dyspoo.store\\\/?product=ferme-porte-hydraulique-a-fermeture-douce#primaryimage\"},\"thumbnailUrl\":\"https:\\\/\\\/dyspoo.store\\\/wp-content\\\/uploads\\\/2026\\\/02\\\/fermepoor6e6.jpg\",\"datePublished\":\"2026-02-22T01:57:49+00:00\",\"dateModified\":\"2026-03-20T14:30:24+00:00\",\"description\":\"Ferme-Porte Hydraulique \u00e0 Fermeture Douce - Pour la fermeture automatique des portes dans les maisons, les bureaux, les magasins et autres environnement\u2026\",\"breadcrumb\":{\"@id\":\"https:\\\/\\\/dyspoo.store\\\/?product=ferme-porte-hydraulique-a-fermeture-douce#breadcrumb\"},\"inLanguage\":\"fr-FR\",\"potentialAction\":[{\"@type\":\"ReadAction\",\"target\":[\"https:\\\/\\\/dyspoo.store\\\/?product=ferme-porte-hydraulique-a-fermeture-douce\"]}]},{\"@type\":\"ImageObject\",\"inLanguage\":\"fr-FR\",\"@id\":\"https:\\\/\\\/dyspoo.store\\\/?product=ferme-porte-hydraulique-a-fermeture-douce#primaryimage\",\"url\":\"https:\\\/\\\/dyspoo.store\\\/wp-content\\\/uploads\\\/2026\\\/02\\\/fermepoor6e6.jpg\",\"contentUrl\":\"https:\\\/\\\/dyspoo.store\\\/wp-content\\\/uploads\\\/2026\\\/02\\\/fermepoor6e6.jpg\",\"width\":756,\"height\":756},{\"@type\":\"BreadcrumbList\",\"@id\":\"https:\\\/\\\/dyspoo.store\\\/?product=ferme-porte-hydraulique-a-fermeture-douce#breadcrumb\",\"itemListElement\":[{\"@type\":\"ListItem\",\"position\":1,\"name\":\"Accueil\",\"item\":\"https:\\\/\\\/dyspoo.store\\\/\"},{\"@type\":\"ListItem\",\"position\":2,\"name\":\"Boutique\",\"item\":\"https:\\\/\\\/dyspoo.store\\\/?page_id=47\"},{\"@type\":\"ListItem\",\"position\":3,\"name\":\"Ferme-Porte Hydraulique \u00e0 Fermeture Douce\"}]},{\"@type\":\"WebSite\",\"@id\":\"https:\\\/\\\/dyspoo.store\\\/#website\",\"url\":\"https:\\\/\\\/dyspoo.store\\\/\",\"name\":\"DYSPOO\",\"description\":\"DYSPOO\",\"potentialAction\":[{\"@type\":\"SearchAction\",\"target\":{\"@type\":\"EntryPoint\",\"urlTemplate\":\"https:\\\/\\\/dyspoo.store\\\/?s={search_term_string}\"},\"query-input\":{\"@type\":\"PropertyValueSpecification\",\"valueRequired\":true,\"valueName\":\"search_term_string\"}}],\"inLanguage\":\"fr-FR\"}]}<\/script>\n<!-- \/ Yoast SEO plugin. -->","yoast_head_json":{"title":"Ferme-Porte Hydraulique \u00e0 Fermeture Douce - DYSPOO","description":"Ferme-Porte Hydraulique \u00e0 Fermeture Douce - Pour la fermeture automatique des portes dans les maisons, les bureaux, les magasins et autres environnement\u2026","robots":{"index":"index","follow":"follow","max-snippet":"max-snippet:-1","max-image-preview":"max-image-preview:large","max-video-preview":"max-video-preview:-1"},"canonical":"https:\/\/dyspoo.store\/?product=ferme-porte-hydraulique-a-fermeture-douce","og_locale":"fr_FR","og_type":"article","og_title":"Ferme-Porte Hydraulique \u00e0 Fermeture Douce - DYSPOO","og_description":"Ferme-Porte Hydraulique \u00e0 Fermeture Douce - Pour la fermeture automatique des portes dans les maisons, les bureaux, les magasins et autres environnement\u2026","og_url":"https:\/\/dyspoo.store\/?product=ferme-porte-hydraulique-a-fermeture-douce","og_site_name":"DYSPOO","article_modified_time":"2026-03-20T14:30:24+00:00","og_image":[{"width":756,"height":756,"url":"https:\/\/dyspoo.store\/wp-content\/uploads\/2026\/02\/fermepoor6e6.jpg","type":"image\/jpeg"}],"twitter_card":"summary_large_image","twitter_misc":{"Dur\u00e9e de lecture estim\u00e9e":"2 minutes"},"schema":{"@context":"https:\/\/schema.org","@graph":[{"@type":"WebPage","@id":"https:\/\/dyspoo.store\/?product=ferme-porte-hydraulique-a-fermeture-douce","url":"https:\/\/dyspoo.store\/?product=ferme-porte-hydraulique-a-fermeture-douce","name":"Ferme-Porte Hydraulique \u00e0 Fermeture Douce - DYSPOO","isPartOf":{"@id":"https:\/\/dyspoo.store\/#website"},"primaryImageOfPage":{"@id":"https:\/\/dyspoo.store\/?product=ferme-porte-hydraulique-a-fermeture-douce#primaryimage"},"image":{"@id":"https:\/\/dyspoo.store\/?product=ferme-porte-hydraulique-a-fermeture-douce#primaryimage"},"thumbnailUrl":"https:\/\/dyspoo.store\/wp-content\/uploads\/2026\/02\/fermepoor6e6.jpg","datePublished":"2026-02-22T01:57:49+00:00","dateModified":"2026-03-20T14:30:24+00:00","description":"Ferme-Porte Hydraulique \u00e0 Fermeture Douce - Pour la fermeture automatique des portes dans les maisons, les bureaux, les magasins et autres environnement\u2026","breadcrumb":{"@id":"https:\/\/dyspoo.store\/?product=ferme-porte-hydraulique-a-fermeture-douce#breadcrumb"},"inLanguage":"fr-FR","potentialAction":[{"@type":"ReadAction","target":["https:\/\/dyspoo.store\/?product=ferme-porte-hydraulique-a-fermeture-douce"]}]},{"@type":"ImageObject","inLanguage":"fr-FR","@id":"https:\/\/dyspoo.store\/?product=ferme-porte-hydraulique-a-fermeture-douce#primaryimage","url":"https:\/\/dyspoo.store\/wp-content\/uploads\/2026\/02\/fermepoor6e6.jpg","contentUrl":"https:\/\/dyspoo.store\/wp-content\/uploads\/2026\/02\/fermepoor6e6.jpg","width":756,"height":756},{"@type":"BreadcrumbList","@id":"https:\/\/dyspoo.store\/?product=ferme-porte-hydraulique-a-fermeture-douce#breadcrumb","itemListElement":[{"@type":"ListItem","position":1,"name":"Accueil","item":"https:\/\/dyspoo.store\/"},{"@type":"ListItem","position":2,"name":"Boutique","item":"https:\/\/dyspoo.store\/?page_id=47"},{"@type":"ListItem","position":3,"name":"Ferme-Porte Hydraulique \u00e0 Fermeture Douce"}]},{"@type":"WebSite","@id":"https:\/\/dyspoo.store\/#website","url":"https:\/\/dyspoo.store\/","name":"DYSPOO","description":"DYSPOO","potentialAction":[{"@type":"SearchAction","target":{"@type":"EntryPoint","urlTemplate":"https:\/\/dyspoo.store\/?s={search_term_string}"},"query-input":{"@type":"PropertyValueSpecification","valueRequired":true,"valueName":"search_term_string"}}],"inLanguage":"fr-FR"}]}},"jetpack_sharing_enabled":true,"_links":{"self":[{"href":"https:\/\/dyspoo.store\/index.php?rest_route=\/wp\/v2\/product\/29668","targetHints":{"allow":["GET"]}}],"collection":[{"href":"https:\/\/dyspoo.store\/index.php?rest_route=\/wp\/v2\/product"}],"about":[{"href":"https:\/\/dyspoo.store\/index.php?rest_route=\/wp\/v2\/types\/product"}],"replies":[{"embeddable":true,"href":"https:\/\/dyspoo.store\/index.php?rest_route=%2Fwp%2Fv2%2Fcomments&post=29668"}],"version-history":[{"count":20,"href":"https:\/\/dyspoo.store\/index.php?rest_route=\/wp\/v2\/product\/29668\/revisions"}],"predecessor-version":[{"id":29773,"href":"https:\/\/dyspoo.store\/index.php?rest_route=\/wp\/v2\/product\/29668\/revisions\/29773"}],"wp:featuredmedia":[{"embeddable":true,"href":"https:\/\/dyspoo.store\/index.php?rest_route=\/wp\/v2\/media\/29669"}],"wp:attachment":[{"href":"https:\/\/dyspoo.store\/index.php?rest_route=%2Fwp%2Fv2%2Fmedia&parent=29668"}],"wp:term":[{"taxonomy":"product_brand","embeddable":true,"href":"https:\/\/dyspoo.store\/index.php?rest_route=%2Fwp%2Fv2%2Fproduct_brand&post=29668"},{"taxonomy":"product_cat","embeddable":true,"href":"https:\/\/dyspoo.store\/index.php?rest_route=%2Fwp%2Fv2%2Fproduct_cat&post=29668"},{"taxonomy":"product_tag","embeddable":true,"href":"https:\/\/dyspoo.store\/index.php?rest_route=%2Fwp%2Fv2%2Fproduct_tag&post=29668"}],"curies":[{"name":"wp","href":"https:\/\/api.w.org\/{rel}","templated":true}]}}