{"id":29723,"date":"2026-03-10T00:48:58","date_gmt":"2026-03-10T00:48:58","guid":{"rendered":"https:\/\/dyspoo.store\/?post_type=product&#038;p=29723"},"modified":"2026-03-20T14:30:20","modified_gmt":"2026-03-20T14:30:20","slug":"ferme-porte-automatique-inoxydable","status":"publish","type":"product","link":"https:\/\/dyspoo.store\/?product=ferme-porte-automatique-inoxydable","title":{"rendered":"Ferme-Porte Automatique Inoxydable"},"content":{"rendered":"\t\t<div data-elementor-type=\"wp-post\" data-elementor-id=\"29723\" class=\"elementor elementor-29723\">\n\t\t\t\t<div class=\"wd-negative-gap elementor-element elementor-element-7ba917d e-flex e-con-boxed e-con e-parent\" data-id=\"7ba917d\" data-element_type=\"container\" data-e-type=\"container\">\n\t\t\t\t\t<div class=\"e-con-inner\">\n\t\t<div class=\"elementor-element elementor-element-836b10c e-con-full e-flex e-con e-child\" data-id=\"836b10c\" data-element_type=\"container\" data-e-type=\"container\">\n\t\t\t\t<div class=\"elementor-element elementor-element-92c0d6d elementor-widget elementor-widget-wd_text_block\" data-id=\"92c0d6d\" data-element_type=\"widget\" data-e-type=\"widget\" data-widget_type=\"wd_text_block.default\">\n\t\t\t\t<div class=\"elementor-widget-container\">\n\t\t\t\t\t\t\t<div class=\"wd-text-block reset-last-child text-center\">\n\t\t\t\n\t\t\t<h4><strong>\u00c0 propos de cet article<\/strong><\/h4><p><img loading=\"lazy\" decoding=\"async\" class=\"aligncenter wp-image-29761 size-medium\" src=\"https:\/\/dyspoo.store\/wp-content\/uploads\/2026\/03\/installe56-re-400x86.png\" alt=\"\" width=\"400\" height=\"86\" srcset=\"https:\/\/dyspoo.store\/wp-content\/uploads\/2026\/03\/installe56-re-400x86.png 400w, https:\/\/dyspoo.store\/wp-content\/uploads\/2026\/03\/installe56-re-768x166.png 768w, https:\/\/dyspoo.store\/wp-content\/uploads\/2026\/03\/installe56-re-430x93.png 430w, https:\/\/dyspoo.store\/wp-content\/uploads\/2026\/03\/installe56-re-700x151.png 700w, https:\/\/dyspoo.store\/wp-content\/uploads\/2026\/03\/installe56-re-150x32.png 150w, https:\/\/dyspoo.store\/wp-content\/uploads\/2026\/03\/installe56-re.png 1073w\" sizes=\"auto, (max-width: 400px) 100vw, 400px\" \/><\/p><p dir=\"ltr\"><img loading=\"lazy\" decoding=\"async\" class=\"aligncenter wp-image-29725 size-full\" src=\"https:\/\/dyspoo.store\/wp-content\/uploads\/2026\/03\/fermporte99_2.jpg\" alt=\"\" width=\"800\" height=\"800\" srcset=\"https:\/\/dyspoo.store\/wp-content\/uploads\/2026\/03\/fermporte99_2.jpg 800w, https:\/\/dyspoo.store\/wp-content\/uploads\/2026\/03\/fermporte99_2-300x300.jpg 300w, https:\/\/dyspoo.store\/wp-content\/uploads\/2026\/03\/fermporte99_2-150x150.jpg 150w, https:\/\/dyspoo.store\/wp-content\/uploads\/2026\/03\/fermporte99_2-768x768.jpg 768w, https:\/\/dyspoo.store\/wp-content\/uploads\/2026\/03\/fermporte99_2-430x430.jpg 430w, https:\/\/dyspoo.store\/wp-content\/uploads\/2026\/03\/fermporte99_2-700x700.jpg 700w\" sizes=\"auto, (max-width: 800px) 100vw, 800px\" \/>Convient aux portes \u00e0 droite comme \u00e0 gauche, une utilisation polyvalente.<\/p><p dir=\"ltr\">Parfait pour les portes dans les maisons ou les commerces, ouverture et fermeture silencieuses, ferme-porte \u00e0 ressort tr\u00e8s \u00e9conomique.<\/p><p dir=\"ltr\">Conception pliable robuste, \u00e9quip\u00e9e d'un bras de support pliable, utilisable ou non \u00e0 tout moment, apparence et performance \u00e9quilibr\u00e9es.<\/p><p dir=\"ltr\"><img loading=\"lazy\" decoding=\"async\" class=\"aligncenter wp-image-29724 size-full\" src=\"https:\/\/dyspoo.store\/wp-content\/uploads\/2026\/03\/fermmerport299_4.jpg\" alt=\"\" width=\"800\" height=\"800\" srcset=\"https:\/\/dyspoo.store\/wp-content\/uploads\/2026\/03\/fermmerport299_4.jpg 800w, https:\/\/dyspoo.store\/wp-content\/uploads\/2026\/03\/fermmerport299_4-300x300.jpg 300w, https:\/\/dyspoo.store\/wp-content\/uploads\/2026\/03\/fermmerport299_4-150x150.jpg 150w, https:\/\/dyspoo.store\/wp-content\/uploads\/2026\/03\/fermmerport299_4-768x768.jpg 768w, https:\/\/dyspoo.store\/wp-content\/uploads\/2026\/03\/fermmerport299_4-430x430.jpg 430w, https:\/\/dyspoo.store\/wp-content\/uploads\/2026\/03\/fermmerport299_4-700x700.jpg 700w\" sizes=\"auto, (max-width: 800px) 100vw, 800px\" \/><\/p>\n\t\t\t\t\t<\/div>\n\t\t\t\t\t\t<\/div>\n\t\t\t\t<\/div>\n\t\t\t\t<\/div>\n\t\t<div class=\"elementor-element elementor-element-e91f64e e-con-full e-flex e-con e-child\" data-id=\"e91f64e\" data-element_type=\"container\" data-e-type=\"container\">\n\t\t\t\t<div class=\"elementor-element elementor-element-10196b0 elementor-widget elementor-widget-wd_text_block\" data-id=\"10196b0\" data-element_type=\"widget\" data-e-type=\"widget\" data-widget_type=\"wd_text_block.default\">\n\t\t\t\t<div class=\"elementor-widget-container\">\n\t\t\t\t\t\t\t<div class=\"wd-text-block reset-last-child text-center\">\n\t\t\t\n\t\t\t<h4><strong>Facile \u00e0 utiliser<\/strong><\/h4><p><img loading=\"lazy\" decoding=\"async\" class=\"aligncenter wp-image-29729 size-large\" src=\"https:\/\/dyspoo.store\/wp-content\/uploads\/2026\/03\/tfremereport-835x800.jpg\" alt=\"\" width=\"835\" height=\"800\" srcset=\"https:\/\/dyspoo.store\/wp-content\/uploads\/2026\/03\/tfremereport-835x800.jpg 835w, https:\/\/dyspoo.store\/wp-content\/uploads\/2026\/03\/tfremereport-313x300.jpg 313w, https:\/\/dyspoo.store\/wp-content\/uploads\/2026\/03\/tfremereport-768x736.jpg 768w, https:\/\/dyspoo.store\/wp-content\/uploads\/2026\/03\/tfremereport-430x412.jpg 430w, https:\/\/dyspoo.store\/wp-content\/uploads\/2026\/03\/tfremereport-700x671.jpg 700w, https:\/\/dyspoo.store\/wp-content\/uploads\/2026\/03\/tfremereport-150x144.jpg 150w, https:\/\/dyspoo.store\/wp-content\/uploads\/2026\/03\/tfremereport.jpg 1252w\" sizes=\"auto, (max-width: 835px) 100vw, 835px\" \/><\/p><p dir=\"ltr\">\u00c9tape 1 : Une fois le produit install\u00e9, ins\u00e9rez la cl\u00e9 hexagonale et tournez-la dans le sens horaire de droite \u00e0 gauche pour r\u00e9gler la tension du ressort.<\/p><p dir=\"ltr\">\u00c9tape 2 : V\u00e9rifier si la force de fermeture est appropri\u00e9e.<\/p><p dir=\"ltr\">\u00c9tape 3 : Si vous devez r\u00e9ajuster la force, veuillez utiliser la douille hexagonale pour desserrer la vis de r\u00e9glage, r\u00e9gler la tension du ressort et r\u00e9p\u00e9ter les \u00e9tapes 1 et 2.<\/p>\n\t\t\t\t\t<\/div>\n\t\t\t\t\t\t<\/div>\n\t\t\t\t<\/div>\n\t\t\t\t<div class=\"elementor-element elementor-element-ea943e2 elementor-widget elementor-widget-wd_text_block\" data-id=\"ea943e2\" data-element_type=\"widget\" data-e-type=\"widget\" data-widget_type=\"wd_text_block.default\">\n\t\t\t\t<div class=\"elementor-widget-container\">\n\t\t\t\t\t\t\t<div class=\"wd-text-block reset-last-child text-left\">\n\t\t\t\n\t\t\t<p><img loading=\"lazy\" decoding=\"async\" class=\"aligncenter wp-image-29726 size-full\" src=\"https:\/\/dyspoo.store\/wp-content\/uploads\/2026\/03\/frempojde_1.jpg\" alt=\"\" width=\"800\" height=\"800\" srcset=\"https:\/\/dyspoo.store\/wp-content\/uploads\/2026\/03\/frempojde_1.jpg 800w, https:\/\/dyspoo.store\/wp-content\/uploads\/2026\/03\/frempojde_1-300x300.jpg 300w, https:\/\/dyspoo.store\/wp-content\/uploads\/2026\/03\/frempojde_1-150x150.jpg 150w, https:\/\/dyspoo.store\/wp-content\/uploads\/2026\/03\/frempojde_1-768x768.jpg 768w, https:\/\/dyspoo.store\/wp-content\/uploads\/2026\/03\/frempojde_1-430x430.jpg 430w, https:\/\/dyspoo.store\/wp-content\/uploads\/2026\/03\/frempojde_1-700x700.jpg 700w\" sizes=\"auto, (max-width: 800px) 100vw, 800px\" \/><\/p>\n\t\t\t\t\t<\/div>\n\t\t\t\t\t\t<\/div>\n\t\t\t\t<\/div>\n\t\t\t\t<\/div>\n\t\t<div class=\"elementor-element elementor-element-3a86271 e-con-full e-flex e-con e-child\" data-id=\"3a86271\" data-element_type=\"container\" data-e-type=\"container\">\n\t\t\t\t<div class=\"elementor-element elementor-element-1cb5edc elementor-widget elementor-widget-wd_text_block\" data-id=\"1cb5edc\" data-element_type=\"widget\" data-e-type=\"widget\" data-widget_type=\"wd_text_block.default\">\n\t\t\t\t<div class=\"elementor-widget-container\">\n\t\t\t\t\t\t\t<div class=\"wd-text-block reset-last-child text-center\">\n\t\t\t\n\t\t\t<h4><strong>D\u00e9tails<\/strong><\/h4><h4><img loading=\"lazy\" decoding=\"async\" class=\"aligncenter wp-image-29728 size-full\" src=\"https:\/\/dyspoo.store\/wp-content\/uploads\/2026\/03\/dfermeportr.jpg\" alt=\"\" width=\"750\" height=\"750\" srcset=\"https:\/\/dyspoo.store\/wp-content\/uploads\/2026\/03\/dfermeportr.jpg 750w, https:\/\/dyspoo.store\/wp-content\/uploads\/2026\/03\/dfermeportr-300x300.jpg 300w, https:\/\/dyspoo.store\/wp-content\/uploads\/2026\/03\/dfermeportr-150x150.jpg 150w, https:\/\/dyspoo.store\/wp-content\/uploads\/2026\/03\/dfermeportr-430x430.jpg 430w, https:\/\/dyspoo.store\/wp-content\/uploads\/2026\/03\/dfermeportr-700x700.jpg 700w\" sizes=\"auto, (max-width: 750px) 100vw, 750px\" \/><\/h4><p dir=\"ltr\">Surface argent\u00e9e lisse, \u00e9l\u00e9gante et chaleureuse, ressorts en acier au carbone de haute qualit\u00e9, r\u00e9sistants \u00e0 l'usure, longue dur\u00e9e de vie, supporte plus de 500 000 cycles d'ouverture et de fermeture, conception pliable robuste, \u00e9quip\u00e9e d'un bras de support pliable, utilisable ou non \u00e0 tout moment, apparence et performance \u00e9quilibr\u00e9es.<\/p><p dir=\"ltr\">Facile \u00e0 installer, s'adapte \u00e0 la plupart des portes de maison, bureau ou h\u00f4tel.<\/p><p><img loading=\"lazy\" decoding=\"async\" class=\"aligncenter wp-image-29732 size-full\" src=\"https:\/\/dyspoo.store\/wp-content\/uploads\/2026\/03\/fermmerepoert4299_5.jpg\" alt=\"\" width=\"800\" height=\"800\" srcset=\"https:\/\/dyspoo.store\/wp-content\/uploads\/2026\/03\/fermmerepoert4299_5.jpg 800w, https:\/\/dyspoo.store\/wp-content\/uploads\/2026\/03\/fermmerepoert4299_5-300x300.jpg 300w, https:\/\/dyspoo.store\/wp-content\/uploads\/2026\/03\/fermmerepoert4299_5-150x150.jpg 150w, https:\/\/dyspoo.store\/wp-content\/uploads\/2026\/03\/fermmerepoert4299_5-768x768.jpg 768w, https:\/\/dyspoo.store\/wp-content\/uploads\/2026\/03\/fermmerepoert4299_5-430x430.jpg 430w, https:\/\/dyspoo.store\/wp-content\/uploads\/2026\/03\/fermmerepoert4299_5-700x700.jpg 700w\" sizes=\"auto, (max-width: 800px) 100vw, 800px\" \/><\/p>\n\t\t\t\t\t<\/div>\n\t\t\t\t\t\t<\/div>\n\t\t\t\t<\/div>\n\t\t\t\t<\/div>\n\t\t\t\t\t<\/div>\n\t\t\t\t<\/div>\n\t\t\t\t<\/div>\n\t\t","protected":false},"excerpt":{"rendered":"<p>Convient \u00e0 diff\u00e9rents types de portes, y compris les portes en bois, en m\u00e9tal et en verre, ce ferme-porte fonctionne efficacement dans les maisons, les bureaux et les b\u00e2timents publics, offrant une solution fiable pour toute entr\u00e9e<\/p>\n","protected":false},"featured_media":29733,"comment_status":"open","ping_status":"closed","template":"","meta":[],"product_brand":[126],"product_cat":[74,132],"product_tag":[],"class_list":{"0":"post-29723","1":"product","2":"type-product","3":"status-publish","4":"has-post-thumbnail","6":"product_brand-dyspoo","7":"product_cat-accessoires","8":"product_cat-ferme-porte","10":"first","11":"instock","12":"sale","13":"shipping-taxable","14":"purchasable","15":"product-type-simple"},"yoast_head":"<!-- This site is optimized with the Yoast SEO plugin v27.3 - https:\/\/yoast.com\/product\/yoast-seo-wordpress\/ -->\n<title>Ferme-Porte Automatique Inoxydable - DYSPOO<\/title>\n<meta name=\"description\" content=\"Ferme-Porte Hydraulique \u00e0 Fermeture Douce - Pour la fermeture automatique des portes dans les maisons, les bureaux, les magasins et autres environnement\u2026\" \/>\n<meta name=\"robots\" content=\"index, follow, max-snippet:-1, max-image-preview:large, max-video-preview:-1\" \/>\n<link rel=\"canonical\" href=\"https:\/\/dyspoo.store\/?product=ferme-porte-automatique-inoxydable\" \/>\n<meta property=\"og:locale\" content=\"fr_FR\" \/>\n<meta property=\"og:type\" content=\"article\" \/>\n<meta property=\"og:title\" content=\"Ferme-Porte Automatique Inoxydable - DYSPOO\" \/>\n<meta property=\"og:description\" content=\"Ferme-Porte Hydraulique \u00e0 Fermeture Douce - Pour la fermeture automatique des portes dans les maisons, les bureaux, les magasins et autres environnement\u2026\" \/>\n<meta property=\"og:url\" content=\"https:\/\/dyspoo.store\/?product=ferme-porte-automatique-inoxydable\" \/>\n<meta property=\"og:site_name\" content=\"DYSPOO\" \/>\n<meta property=\"article:modified_time\" content=\"2026-03-20T14:30:20+00:00\" \/>\n<meta property=\"og:image\" content=\"https:\/\/dyspoo.store\/wp-content\/uploads\/2026\/03\/InShot_20260310_015325523.jpg\" \/>\n\t<meta property=\"og:image:width\" content=\"1920\" \/>\n\t<meta property=\"og:image:height\" content=\"1920\" \/>\n\t<meta property=\"og:image:type\" content=\"image\/jpeg\" \/>\n<meta name=\"twitter:card\" content=\"summary_large_image\" \/>\n<meta name=\"twitter:label1\" content=\"Dur\u00e9e de lecture estim\u00e9e\" \/>\n\t<meta name=\"twitter:data1\" content=\"3 minutes\" \/>\n<script type=\"application\/ld+json\" class=\"yoast-schema-graph\">{\"@context\":\"https:\\\/\\\/schema.org\",\"@graph\":[{\"@type\":\"WebPage\",\"@id\":\"https:\\\/\\\/dyspoo.store\\\/?product=ferme-porte-automatique-inoxydable\",\"url\":\"https:\\\/\\\/dyspoo.store\\\/?product=ferme-porte-automatique-inoxydable\",\"name\":\"Ferme-Porte Automatique Inoxydable - DYSPOO\",\"isPartOf\":{\"@id\":\"https:\\\/\\\/dyspoo.store\\\/#website\"},\"primaryImageOfPage\":{\"@id\":\"https:\\\/\\\/dyspoo.store\\\/?product=ferme-porte-automatique-inoxydable#primaryimage\"},\"image\":{\"@id\":\"https:\\\/\\\/dyspoo.store\\\/?product=ferme-porte-automatique-inoxydable#primaryimage\"},\"thumbnailUrl\":\"https:\\\/\\\/dyspoo.store\\\/wp-content\\\/uploads\\\/2026\\\/03\\\/InShot_20260310_015325523.jpg\",\"datePublished\":\"2026-03-10T00:48:58+00:00\",\"dateModified\":\"2026-03-20T14:30:20+00:00\",\"description\":\"Ferme-Porte Hydraulique \u00e0 Fermeture Douce - Pour la fermeture automatique des portes dans les maisons, les bureaux, les magasins et autres environnement\u2026\",\"breadcrumb\":{\"@id\":\"https:\\\/\\\/dyspoo.store\\\/?product=ferme-porte-automatique-inoxydable#breadcrumb\"},\"inLanguage\":\"fr-FR\",\"potentialAction\":[{\"@type\":\"ReadAction\",\"target\":[\"https:\\\/\\\/dyspoo.store\\\/?product=ferme-porte-automatique-inoxydable\"]}]},{\"@type\":\"ImageObject\",\"inLanguage\":\"fr-FR\",\"@id\":\"https:\\\/\\\/dyspoo.store\\\/?product=ferme-porte-automatique-inoxydable#primaryimage\",\"url\":\"https:\\\/\\\/dyspoo.store\\\/wp-content\\\/uploads\\\/2026\\\/03\\\/InShot_20260310_015325523.jpg\",\"contentUrl\":\"https:\\\/\\\/dyspoo.store\\\/wp-content\\\/uploads\\\/2026\\\/03\\\/InShot_20260310_015325523.jpg\",\"width\":1920,\"height\":1920},{\"@type\":\"BreadcrumbList\",\"@id\":\"https:\\\/\\\/dyspoo.store\\\/?product=ferme-porte-automatique-inoxydable#breadcrumb\",\"itemListElement\":[{\"@type\":\"ListItem\",\"position\":1,\"name\":\"Accueil\",\"item\":\"https:\\\/\\\/dyspoo.store\\\/\"},{\"@type\":\"ListItem\",\"position\":2,\"name\":\"Boutique\",\"item\":\"https:\\\/\\\/dyspoo.store\\\/?page_id=47\"},{\"@type\":\"ListItem\",\"position\":3,\"name\":\"Ferme-Porte Automatique Inoxydable\"}]},{\"@type\":\"WebSite\",\"@id\":\"https:\\\/\\\/dyspoo.store\\\/#website\",\"url\":\"https:\\\/\\\/dyspoo.store\\\/\",\"name\":\"DYSPOO\",\"description\":\"DYSPOO\",\"potentialAction\":[{\"@type\":\"SearchAction\",\"target\":{\"@type\":\"EntryPoint\",\"urlTemplate\":\"https:\\\/\\\/dyspoo.store\\\/?s={search_term_string}\"},\"query-input\":{\"@type\":\"PropertyValueSpecification\",\"valueRequired\":true,\"valueName\":\"search_term_string\"}}],\"inLanguage\":\"fr-FR\"}]}<\/script>\n<!-- \/ Yoast SEO plugin. -->","yoast_head_json":{"title":"Ferme-Porte Automatique Inoxydable - DYSPOO","description":"Ferme-Porte Hydraulique \u00e0 Fermeture Douce - Pour la fermeture automatique des portes dans les maisons, les bureaux, les magasins et autres environnement\u2026","robots":{"index":"index","follow":"follow","max-snippet":"max-snippet:-1","max-image-preview":"max-image-preview:large","max-video-preview":"max-video-preview:-1"},"canonical":"https:\/\/dyspoo.store\/?product=ferme-porte-automatique-inoxydable","og_locale":"fr_FR","og_type":"article","og_title":"Ferme-Porte Automatique Inoxydable - DYSPOO","og_description":"Ferme-Porte Hydraulique \u00e0 Fermeture Douce - Pour la fermeture automatique des portes dans les maisons, les bureaux, les magasins et autres environnement\u2026","og_url":"https:\/\/dyspoo.store\/?product=ferme-porte-automatique-inoxydable","og_site_name":"DYSPOO","article_modified_time":"2026-03-20T14:30:20+00:00","og_image":[{"width":1920,"height":1920,"url":"https:\/\/dyspoo.store\/wp-content\/uploads\/2026\/03\/InShot_20260310_015325523.jpg","type":"image\/jpeg"}],"twitter_card":"summary_large_image","twitter_misc":{"Dur\u00e9e de lecture estim\u00e9e":"3 minutes"},"schema":{"@context":"https:\/\/schema.org","@graph":[{"@type":"WebPage","@id":"https:\/\/dyspoo.store\/?product=ferme-porte-automatique-inoxydable","url":"https:\/\/dyspoo.store\/?product=ferme-porte-automatique-inoxydable","name":"Ferme-Porte Automatique Inoxydable - DYSPOO","isPartOf":{"@id":"https:\/\/dyspoo.store\/#website"},"primaryImageOfPage":{"@id":"https:\/\/dyspoo.store\/?product=ferme-porte-automatique-inoxydable#primaryimage"},"image":{"@id":"https:\/\/dyspoo.store\/?product=ferme-porte-automatique-inoxydable#primaryimage"},"thumbnailUrl":"https:\/\/dyspoo.store\/wp-content\/uploads\/2026\/03\/InShot_20260310_015325523.jpg","datePublished":"2026-03-10T00:48:58+00:00","dateModified":"2026-03-20T14:30:20+00:00","description":"Ferme-Porte Hydraulique \u00e0 Fermeture Douce - Pour la fermeture automatique des portes dans les maisons, les bureaux, les magasins et autres environnement\u2026","breadcrumb":{"@id":"https:\/\/dyspoo.store\/?product=ferme-porte-automatique-inoxydable#breadcrumb"},"inLanguage":"fr-FR","potentialAction":[{"@type":"ReadAction","target":["https:\/\/dyspoo.store\/?product=ferme-porte-automatique-inoxydable"]}]},{"@type":"ImageObject","inLanguage":"fr-FR","@id":"https:\/\/dyspoo.store\/?product=ferme-porte-automatique-inoxydable#primaryimage","url":"https:\/\/dyspoo.store\/wp-content\/uploads\/2026\/03\/InShot_20260310_015325523.jpg","contentUrl":"https:\/\/dyspoo.store\/wp-content\/uploads\/2026\/03\/InShot_20260310_015325523.jpg","width":1920,"height":1920},{"@type":"BreadcrumbList","@id":"https:\/\/dyspoo.store\/?product=ferme-porte-automatique-inoxydable#breadcrumb","itemListElement":[{"@type":"ListItem","position":1,"name":"Accueil","item":"https:\/\/dyspoo.store\/"},{"@type":"ListItem","position":2,"name":"Boutique","item":"https:\/\/dyspoo.store\/?page_id=47"},{"@type":"ListItem","position":3,"name":"Ferme-Porte Automatique Inoxydable"}]},{"@type":"WebSite","@id":"https:\/\/dyspoo.store\/#website","url":"https:\/\/dyspoo.store\/","name":"DYSPOO","description":"DYSPOO","potentialAction":[{"@type":"SearchAction","target":{"@type":"EntryPoint","urlTemplate":"https:\/\/dyspoo.store\/?s={search_term_string}"},"query-input":{"@type":"PropertyValueSpecification","valueRequired":true,"valueName":"search_term_string"}}],"inLanguage":"fr-FR"}]}},"jetpack_sharing_enabled":true,"_links":{"self":[{"href":"https:\/\/dyspoo.store\/index.php?rest_route=\/wp\/v2\/product\/29723","targetHints":{"allow":["GET"]}}],"collection":[{"href":"https:\/\/dyspoo.store\/index.php?rest_route=\/wp\/v2\/product"}],"about":[{"href":"https:\/\/dyspoo.store\/index.php?rest_route=\/wp\/v2\/types\/product"}],"replies":[{"embeddable":true,"href":"https:\/\/dyspoo.store\/index.php?rest_route=%2Fwp%2Fv2%2Fcomments&post=29723"}],"version-history":[{"count":13,"href":"https:\/\/dyspoo.store\/index.php?rest_route=\/wp\/v2\/product\/29723\/revisions"}],"predecessor-version":[{"id":29770,"href":"https:\/\/dyspoo.store\/index.php?rest_route=\/wp\/v2\/product\/29723\/revisions\/29770"}],"wp:featuredmedia":[{"embeddable":true,"href":"https:\/\/dyspoo.store\/index.php?rest_route=\/wp\/v2\/media\/29733"}],"wp:attachment":[{"href":"https:\/\/dyspoo.store\/index.php?rest_route=%2Fwp%2Fv2%2Fmedia&parent=29723"}],"wp:term":[{"taxonomy":"product_brand","embeddable":true,"href":"https:\/\/dyspoo.store\/index.php?rest_route=%2Fwp%2Fv2%2Fproduct_brand&post=29723"},{"taxonomy":"product_cat","embeddable":true,"href":"https:\/\/dyspoo.store\/index.php?rest_route=%2Fwp%2Fv2%2Fproduct_cat&post=29723"},{"taxonomy":"product_tag","embeddable":true,"href":"https:\/\/dyspoo.store\/index.php?rest_route=%2Fwp%2Fv2%2Fproduct_tag&post=29723"}],"curies":[{"name":"wp","href":"https:\/\/api.w.org\/{rel}","templated":true}]}}