{"id":344,"date":"2021-08-27T11:48:12","date_gmt":"2021-08-27T11:48:12","guid":{"rendered":"http:\/\/dummy.xtemos.com\/woodmart2\/elementor\/?post_type=product&#038;p=344"},"modified":"2026-03-20T14:35:24","modified_gmt":"2026-03-20T14:35:24","slug":"ferme-porte-en-acier-inoxydable","status":"publish","type":"product","link":"https:\/\/dyspoo.store\/?product=ferme-porte-en-acier-inoxydable","title":{"rendered":"Ferme porte en acier inoxydable"},"content":{"rendered":"\t\t<div data-elementor-type=\"wp-post\" data-elementor-id=\"344\" class=\"elementor elementor-344\">\n\t\t\t\t<div class=\"wd-negative-gap elementor-element elementor-element-8fe9a00 e-flex e-con-boxed e-con e-parent\" data-id=\"8fe9a00\" data-element_type=\"container\" data-e-type=\"container\">\n\t\t\t\t\t<div class=\"e-con-inner\">\n\t\t<div class=\"elementor-element elementor-element-430e551 e-con-full e-flex e-con e-child\" data-id=\"430e551\" data-element_type=\"container\" data-e-type=\"container\">\n\t\t\t\t<div class=\"elementor-element elementor-element-05c1d79 elementor-widget elementor-widget-wd_text_block\" data-id=\"05c1d79\" data-element_type=\"widget\" data-e-type=\"widget\" data-widget_type=\"wd_text_block.default\">\n\t\t\t\t<div class=\"elementor-widget-container\">\n\t\t\t\t\t\t\t<div class=\"wd-text-block reset-last-child text-left\">\n\t\t\t\n\t\t\t<h4><strong>\u00c0 propos de cet article<\/strong><\/h4><p><img loading=\"lazy\" decoding=\"async\" class=\"wp-image-29761 size-medium aligncenter\" src=\"https:\/\/dyspoo.store\/wp-content\/uploads\/2026\/03\/installe56-re-400x86.png\" alt=\"\" width=\"400\" height=\"86\" srcset=\"https:\/\/dyspoo.store\/wp-content\/uploads\/2026\/03\/installe56-re-400x86.png 400w, https:\/\/dyspoo.store\/wp-content\/uploads\/2026\/03\/installe56-re-768x166.png 768w, https:\/\/dyspoo.store\/wp-content\/uploads\/2026\/03\/installe56-re-430x93.png 430w, https:\/\/dyspoo.store\/wp-content\/uploads\/2026\/03\/installe56-re-700x151.png 700w, https:\/\/dyspoo.store\/wp-content\/uploads\/2026\/03\/installe56-re-150x32.png 150w, https:\/\/dyspoo.store\/wp-content\/uploads\/2026\/03\/installe56-re.png 1073w\" sizes=\"auto, (max-width: 400px) 100vw, 400px\" \/><\/p><p><img loading=\"lazy\" decoding=\"async\" class=\"aligncenter wp-image-29128 size-large\" src=\"https:\/\/dyspoo.store\/wp-content\/uploads\/2025\/10\/insdys-803x800.jpg\" alt=\"\" width=\"803\" height=\"800\" srcset=\"https:\/\/dyspoo.store\/wp-content\/uploads\/2025\/10\/insdys-803x800.jpg 803w, https:\/\/dyspoo.store\/wp-content\/uploads\/2025\/10\/insdys-301x300.jpg 301w, https:\/\/dyspoo.store\/wp-content\/uploads\/2025\/10\/insdys-150x149.jpg 150w, https:\/\/dyspoo.store\/wp-content\/uploads\/2025\/10\/insdys-768x765.jpg 768w, https:\/\/dyspoo.store\/wp-content\/uploads\/2025\/10\/insdys-430x428.jpg 430w, https:\/\/dyspoo.store\/wp-content\/uploads\/2025\/10\/insdys-700x697.jpg 700w, https:\/\/dyspoo.store\/wp-content\/uploads\/2025\/10\/insdys.jpg 974w\" sizes=\"auto, (max-width: 803px) 100vw, 803px\" \/><\/p><p>Conception universelle, porte battante droite ou gauche, id\u00e9ale pour la maison, le bureau, les portes de chambre d'h\u00f4tel.<\/p><p>Ce ferme-porte automatique est adapt\u00e9 aux portes ou aux portes avec une force de fermeture l\u00e9g\u00e8rement plus forte. Il peut r\u00e9soudre votre probl\u00e8me de fermeture de portes \u00e0 diff\u00e9rents endroits.<\/p>\n\t\t\t\t\t<\/div>\n\t\t\t\t\t\t<\/div>\n\t\t\t\t<\/div>\n\t\t\t\t<\/div>\n\t\t<div class=\"elementor-element elementor-element-c189e30 e-con-full e-flex e-con e-child\" data-id=\"c189e30\" data-element_type=\"container\" data-e-type=\"container\">\n\t\t\t\t<div class=\"elementor-element elementor-element-a18d0ec elementor-widget elementor-widget-wd_text_block\" data-id=\"a18d0ec\" data-element_type=\"widget\" data-e-type=\"widget\" data-widget_type=\"wd_text_block.default\">\n\t\t\t\t<div class=\"elementor-widget-container\">\n\t\t\t\t\t\t\t<div class=\"wd-text-block reset-last-child text-left\">\n\t\t\t\n\t\t\t<h4>Informations<\/h4><p><img loading=\"lazy\" decoding=\"async\" class=\"aligncenter wp-image-29137\" src=\"https:\/\/dyspoo.store\/wp-content\/uploads\/2025\/10\/dytr766.png\" alt=\"\" width=\"387\" height=\"387\" \/><\/p><p>Le ferme-porte automatique permet de fermer automatiquement votre porte.<\/p><p>Il est adapt\u00e9 aux portes \u00e0 ouverture \u00e0 gauche et \u00e0 droite, en bois et en m\u00e9tal, r\u00e9sidentielles et commerciales, ext\u00e9rieures et int\u00e9rieures, ainsi qu'aux portes coupe-feu.<\/p>\n\t\t\t\t\t<\/div>\n\t\t\t\t\t\t<\/div>\n\t\t\t\t<\/div>\n\t\t\t\t<\/div>\n\t\t<div class=\"elementor-element elementor-element-cd2d9d5 e-con-full e-flex e-con e-child\" data-id=\"cd2d9d5\" data-element_type=\"container\" data-e-type=\"container\">\n\t\t\t\t<div class=\"elementor-element elementor-element-637df21 elementor-widget elementor-widget-wd_text_block\" data-id=\"637df21\" data-element_type=\"widget\" data-e-type=\"widget\" data-widget_type=\"wd_text_block.default\">\n\t\t\t\t<div class=\"elementor-widget-container\">\n\t\t\t\t\t\t\t<div class=\"wd-text-block reset-last-child text-left\">\n\t\t\t\n\t\t\t<h4>Adjustment du ferme-porte<\/h4><p><img loading=\"lazy\" decoding=\"async\" class=\"aligncenter wp-image-29136 size-full\" src=\"https:\/\/dyspoo.store\/wp-content\/uploads\/2025\/10\/dysp787.png\" alt=\"\" width=\"500\" height=\"500\" srcset=\"https:\/\/dyspoo.store\/wp-content\/uploads\/2025\/10\/dysp787.png 500w, https:\/\/dyspoo.store\/wp-content\/uploads\/2025\/10\/dysp787-300x300.png 300w, https:\/\/dyspoo.store\/wp-content\/uploads\/2025\/10\/dysp787-150x150.png 150w, https:\/\/dyspoo.store\/wp-content\/uploads\/2025\/10\/dysp787-430x430.png 430w\" sizes=\"auto, (max-width: 500px) 100vw, 500px\" \/><\/p><p>La m\u00e9thode d'installation est simple et facile \u00e0 utiliser, ce qui permet d'\u00e9conomiser du temps et de l'\u00e9nergie.<\/p><p><strong>Attention<\/strong> : les ferme-portes ne conviennent pas aux portes avec moquette ou avec trop de frottement.<\/p>\n\t\t\t\t\t<\/div>\n\t\t\t\t\t\t<\/div>\n\t\t\t\t<\/div>\n\t\t\t\t<\/div>\n\t\t\t\t\t<\/div>\n\t\t\t\t<\/div>\n\t\t\t\t<\/div>\n\t\t","protected":false},"excerpt":{"rendered":"<p>Le ferme-porte est fabriqu\u00e9 en acier inoxydable de haute qualit\u00e9, robuste et durable, antirouille et r\u00e9sistant \u00e0 l&rsquo;usure, et offre une capacit\u00e9 de charge \u00e9lev\u00e9e. Fonctionnement \u00e0 ressort, fermeture automatique, protection s\u00fbre de la porte et de la serrure. Il peut \u00eatre utilis\u00e9 longtemps.<\/p>\n","protected":false},"featured_media":29121,"comment_status":"open","ping_status":"closed","template":"","meta":[],"product_brand":[126],"product_cat":[74,132],"product_tag":[],"class_list":{"0":"post-344","1":"product","2":"type-product","3":"status-publish","4":"has-post-thumbnail","6":"product_brand-dyspoo","7":"product_cat-accessoires","8":"product_cat-ferme-porte","10":"first","11":"instock","12":"sale","13":"featured","14":"shipping-taxable","15":"purchasable","16":"product-type-simple"},"yoast_head":"<!-- This site is optimized with the Yoast SEO plugin v27.3 - https:\/\/yoast.com\/product\/yoast-seo-wordpress\/ -->\n<title>Ferme porte en acier inoxydable - DYSPOO<\/title>\n<meta name=\"robots\" content=\"index, follow, max-snippet:-1, max-image-preview:large, max-video-preview:-1\" \/>\n<link rel=\"canonical\" href=\"https:\/\/dyspoo.store\/?product=ferme-porte-en-acier-inoxydable\" \/>\n<meta property=\"og:locale\" content=\"fr_FR\" \/>\n<meta property=\"og:type\" content=\"article\" \/>\n<meta property=\"og:title\" content=\"Ferme porte en acier inoxydable - DYSPOO\" \/>\n<meta property=\"og:description\" content=\"Le ferme-porte est fabriqu\u00e9 en acier inoxydable de haute qualit\u00e9, robuste et durable, antirouille et r\u00e9sistant \u00e0 l&#039;usure, et offre une capacit\u00e9 de charge \u00e9lev\u00e9e. Fonctionnement \u00e0 ressort, fermeture automatique, protection s\u00fbre de la porte et de la serrure. Il peut \u00eatre utilis\u00e9 longtemps.\" \/>\n<meta property=\"og:url\" content=\"https:\/\/dyspoo.store\/?product=ferme-porte-en-acier-inoxydable\" \/>\n<meta property=\"og:site_name\" content=\"DYSPOO\" \/>\n<meta property=\"article:modified_time\" content=\"2026-03-20T14:35:24+00:00\" \/>\n<meta property=\"og:image\" content=\"https:\/\/dyspoo.store\/wp-content\/uploads\/2021\/08\/fremme.jpg\" \/>\n\t<meta property=\"og:image:width\" content=\"1500\" \/>\n\t<meta property=\"og:image:height\" content=\"1500\" \/>\n\t<meta property=\"og:image:type\" content=\"image\/jpeg\" \/>\n<meta name=\"twitter:card\" content=\"summary_large_image\" \/>\n<meta name=\"twitter:label1\" content=\"Dur\u00e9e de lecture estim\u00e9e\" \/>\n\t<meta name=\"twitter:data1\" content=\"2 minutes\" \/>\n<script type=\"application\/ld+json\" class=\"yoast-schema-graph\">{\"@context\":\"https:\\\/\\\/schema.org\",\"@graph\":[{\"@type\":\"WebPage\",\"@id\":\"https:\\\/\\\/dyspoo.store\\\/?product=ferme-porte-en-acier-inoxydable\",\"url\":\"https:\\\/\\\/dyspoo.store\\\/?product=ferme-porte-en-acier-inoxydable\",\"name\":\"Ferme porte en acier inoxydable - DYSPOO\",\"isPartOf\":{\"@id\":\"https:\\\/\\\/dyspoo.store\\\/#website\"},\"primaryImageOfPage\":{\"@id\":\"https:\\\/\\\/dyspoo.store\\\/?product=ferme-porte-en-acier-inoxydable#primaryimage\"},\"image\":{\"@id\":\"https:\\\/\\\/dyspoo.store\\\/?product=ferme-porte-en-acier-inoxydable#primaryimage\"},\"thumbnailUrl\":\"https:\\\/\\\/dyspoo.store\\\/wp-content\\\/uploads\\\/2021\\\/08\\\/fremme.jpg\",\"datePublished\":\"2021-08-27T11:48:12+00:00\",\"dateModified\":\"2026-03-20T14:35:24+00:00\",\"breadcrumb\":{\"@id\":\"https:\\\/\\\/dyspoo.store\\\/?product=ferme-porte-en-acier-inoxydable#breadcrumb\"},\"inLanguage\":\"fr-FR\",\"potentialAction\":[{\"@type\":\"ReadAction\",\"target\":[\"https:\\\/\\\/dyspoo.store\\\/?product=ferme-porte-en-acier-inoxydable\"]}]},{\"@type\":\"ImageObject\",\"inLanguage\":\"fr-FR\",\"@id\":\"https:\\\/\\\/dyspoo.store\\\/?product=ferme-porte-en-acier-inoxydable#primaryimage\",\"url\":\"https:\\\/\\\/dyspoo.store\\\/wp-content\\\/uploads\\\/2021\\\/08\\\/fremme.jpg\",\"contentUrl\":\"https:\\\/\\\/dyspoo.store\\\/wp-content\\\/uploads\\\/2021\\\/08\\\/fremme.jpg\",\"width\":1500,\"height\":1500},{\"@type\":\"BreadcrumbList\",\"@id\":\"https:\\\/\\\/dyspoo.store\\\/?product=ferme-porte-en-acier-inoxydable#breadcrumb\",\"itemListElement\":[{\"@type\":\"ListItem\",\"position\":1,\"name\":\"Accueil\",\"item\":\"https:\\\/\\\/dyspoo.store\\\/\"},{\"@type\":\"ListItem\",\"position\":2,\"name\":\"Boutique\",\"item\":\"https:\\\/\\\/dyspoo.store\\\/?page_id=47\"},{\"@type\":\"ListItem\",\"position\":3,\"name\":\"Ferme porte en acier inoxydable\"}]},{\"@type\":\"WebSite\",\"@id\":\"https:\\\/\\\/dyspoo.store\\\/#website\",\"url\":\"https:\\\/\\\/dyspoo.store\\\/\",\"name\":\"DYSPOO\",\"description\":\"DYSPOO\",\"potentialAction\":[{\"@type\":\"SearchAction\",\"target\":{\"@type\":\"EntryPoint\",\"urlTemplate\":\"https:\\\/\\\/dyspoo.store\\\/?s={search_term_string}\"},\"query-input\":{\"@type\":\"PropertyValueSpecification\",\"valueRequired\":true,\"valueName\":\"search_term_string\"}}],\"inLanguage\":\"fr-FR\"}]}<\/script>\n<!-- \/ Yoast SEO plugin. -->","yoast_head_json":{"title":"Ferme porte en acier inoxydable - DYSPOO","robots":{"index":"index","follow":"follow","max-snippet":"max-snippet:-1","max-image-preview":"max-image-preview:large","max-video-preview":"max-video-preview:-1"},"canonical":"https:\/\/dyspoo.store\/?product=ferme-porte-en-acier-inoxydable","og_locale":"fr_FR","og_type":"article","og_title":"Ferme porte en acier inoxydable - DYSPOO","og_description":"Le ferme-porte est fabriqu\u00e9 en acier inoxydable de haute qualit\u00e9, robuste et durable, antirouille et r\u00e9sistant \u00e0 l'usure, et offre une capacit\u00e9 de charge \u00e9lev\u00e9e. Fonctionnement \u00e0 ressort, fermeture automatique, protection s\u00fbre de la porte et de la serrure. Il peut \u00eatre utilis\u00e9 longtemps.","og_url":"https:\/\/dyspoo.store\/?product=ferme-porte-en-acier-inoxydable","og_site_name":"DYSPOO","article_modified_time":"2026-03-20T14:35:24+00:00","og_image":[{"width":1500,"height":1500,"url":"https:\/\/dyspoo.store\/wp-content\/uploads\/2021\/08\/fremme.jpg","type":"image\/jpeg"}],"twitter_card":"summary_large_image","twitter_misc":{"Dur\u00e9e de lecture estim\u00e9e":"2 minutes"},"schema":{"@context":"https:\/\/schema.org","@graph":[{"@type":"WebPage","@id":"https:\/\/dyspoo.store\/?product=ferme-porte-en-acier-inoxydable","url":"https:\/\/dyspoo.store\/?product=ferme-porte-en-acier-inoxydable","name":"Ferme porte en acier inoxydable - DYSPOO","isPartOf":{"@id":"https:\/\/dyspoo.store\/#website"},"primaryImageOfPage":{"@id":"https:\/\/dyspoo.store\/?product=ferme-porte-en-acier-inoxydable#primaryimage"},"image":{"@id":"https:\/\/dyspoo.store\/?product=ferme-porte-en-acier-inoxydable#primaryimage"},"thumbnailUrl":"https:\/\/dyspoo.store\/wp-content\/uploads\/2021\/08\/fremme.jpg","datePublished":"2021-08-27T11:48:12+00:00","dateModified":"2026-03-20T14:35:24+00:00","breadcrumb":{"@id":"https:\/\/dyspoo.store\/?product=ferme-porte-en-acier-inoxydable#breadcrumb"},"inLanguage":"fr-FR","potentialAction":[{"@type":"ReadAction","target":["https:\/\/dyspoo.store\/?product=ferme-porte-en-acier-inoxydable"]}]},{"@type":"ImageObject","inLanguage":"fr-FR","@id":"https:\/\/dyspoo.store\/?product=ferme-porte-en-acier-inoxydable#primaryimage","url":"https:\/\/dyspoo.store\/wp-content\/uploads\/2021\/08\/fremme.jpg","contentUrl":"https:\/\/dyspoo.store\/wp-content\/uploads\/2021\/08\/fremme.jpg","width":1500,"height":1500},{"@type":"BreadcrumbList","@id":"https:\/\/dyspoo.store\/?product=ferme-porte-en-acier-inoxydable#breadcrumb","itemListElement":[{"@type":"ListItem","position":1,"name":"Accueil","item":"https:\/\/dyspoo.store\/"},{"@type":"ListItem","position":2,"name":"Boutique","item":"https:\/\/dyspoo.store\/?page_id=47"},{"@type":"ListItem","position":3,"name":"Ferme porte en acier inoxydable"}]},{"@type":"WebSite","@id":"https:\/\/dyspoo.store\/#website","url":"https:\/\/dyspoo.store\/","name":"DYSPOO","description":"DYSPOO","potentialAction":[{"@type":"SearchAction","target":{"@type":"EntryPoint","urlTemplate":"https:\/\/dyspoo.store\/?s={search_term_string}"},"query-input":{"@type":"PropertyValueSpecification","valueRequired":true,"valueName":"search_term_string"}}],"inLanguage":"fr-FR"}]}},"jetpack_sharing_enabled":true,"_links":{"self":[{"href":"https:\/\/dyspoo.store\/index.php?rest_route=\/wp\/v2\/product\/344","targetHints":{"allow":["GET"]}}],"collection":[{"href":"https:\/\/dyspoo.store\/index.php?rest_route=\/wp\/v2\/product"}],"about":[{"href":"https:\/\/dyspoo.store\/index.php?rest_route=\/wp\/v2\/types\/product"}],"replies":[{"embeddable":true,"href":"https:\/\/dyspoo.store\/index.php?rest_route=%2Fwp%2Fv2%2Fcomments&post=344"}],"version-history":[{"count":27,"href":"https:\/\/dyspoo.store\/index.php?rest_route=\/wp\/v2\/product\/344\/revisions"}],"predecessor-version":[{"id":29782,"href":"https:\/\/dyspoo.store\/index.php?rest_route=\/wp\/v2\/product\/344\/revisions\/29782"}],"wp:featuredmedia":[{"embeddable":true,"href":"https:\/\/dyspoo.store\/index.php?rest_route=\/wp\/v2\/media\/29121"}],"wp:attachment":[{"href":"https:\/\/dyspoo.store\/index.php?rest_route=%2Fwp%2Fv2%2Fmedia&parent=344"}],"wp:term":[{"taxonomy":"product_brand","embeddable":true,"href":"https:\/\/dyspoo.store\/index.php?rest_route=%2Fwp%2Fv2%2Fproduct_brand&post=344"},{"taxonomy":"product_cat","embeddable":true,"href":"https:\/\/dyspoo.store\/index.php?rest_route=%2Fwp%2Fv2%2Fproduct_cat&post=344"},{"taxonomy":"product_tag","embeddable":true,"href":"https:\/\/dyspoo.store\/index.php?rest_route=%2Fwp%2Fv2%2Fproduct_tag&post=344"}],"curies":[{"name":"wp","href":"https:\/\/api.w.org\/{rel}","templated":true}]}}