{"id":361,"date":"2021-08-27T11:55:26","date_gmt":"2021-08-27T11:55:26","guid":{"rendered":"http:\/\/dummy.xtemos.com\/woodmart2\/elementor\/?post_type=product&#038;p=361"},"modified":"2025-10-31T13:10:36","modified_gmt":"2025-10-31T13:10:36","slug":"gratte-langue-pro","status":"publish","type":"product","link":"https:\/\/dyspoo.store\/?product=gratte-langue-pro","title":{"rendered":"Gratte langue Pro en acier inoxydableensemble, soins bucco-dentaires langue"},"content":{"rendered":"\t\t<div data-elementor-type=\"wp-post\" data-elementor-id=\"361\" class=\"elementor elementor-361\">\n\t\t\t\t<div class=\"wd-negative-gap elementor-element elementor-element-7ba917d e-flex e-con-boxed e-con e-parent\" data-id=\"7ba917d\" data-element_type=\"container\" data-e-type=\"container\">\n\t\t\t\t\t<div class=\"e-con-inner\">\n\t\t<div class=\"elementor-element elementor-element-836b10c e-con-full e-flex e-con e-child\" data-id=\"836b10c\" data-element_type=\"container\" data-e-type=\"container\">\n\t\t\t\t<div class=\"elementor-element elementor-element-92c0d6d elementor-widget elementor-widget-wd_text_block\" data-id=\"92c0d6d\" data-element_type=\"widget\" data-e-type=\"widget\" data-widget_type=\"wd_text_block.default\">\n\t\t\t\t<div class=\"elementor-widget-container\">\n\t\t\t\t\t\t\t<div class=\"wd-text-block reset-last-child text-left\">\n\t\t\t\n\t\t\t<h4><strong>\u00c0 propos de cet article<\/strong><\/h4><p><img loading=\"lazy\" decoding=\"async\" class=\"wp-image-29165 size-large aligncenter\" src=\"https:\/\/dyspoo.store\/wp-content\/uploads\/2021\/08\/gratttrr-800x800.jpg\" alt=\"\" width=\"800\" height=\"800\" srcset=\"https:\/\/dyspoo.store\/wp-content\/uploads\/2021\/08\/gratttrr-800x800.jpg 800w, https:\/\/dyspoo.store\/wp-content\/uploads\/2021\/08\/gratttrr-300x300.jpg 300w, https:\/\/dyspoo.store\/wp-content\/uploads\/2021\/08\/gratttrr-150x150.jpg 150w, https:\/\/dyspoo.store\/wp-content\/uploads\/2021\/08\/gratttrr-768x768.jpg 768w, https:\/\/dyspoo.store\/wp-content\/uploads\/2021\/08\/gratttrr-430x430.jpg 430w, https:\/\/dyspoo.store\/wp-content\/uploads\/2021\/08\/gratttrr-700x700.jpg 700w, https:\/\/dyspoo.store\/wp-content\/uploads\/2021\/08\/gratttrr.jpg 1500w\" sizes=\"auto, (max-width: 800px) 100vw, 800px\" \/><\/p><p><img loading=\"lazy\" decoding=\"async\" class=\"aligncenter wp-image-29168 size-full\" src=\"https:\/\/dyspoo.store\/wp-content\/uploads\/2021\/08\/gtrtr.jpg\" alt=\"\" width=\"480\" height=\"480\" srcset=\"https:\/\/dyspoo.store\/wp-content\/uploads\/2021\/08\/gtrtr.jpg 480w, https:\/\/dyspoo.store\/wp-content\/uploads\/2021\/08\/gtrtr-300x300.jpg 300w, https:\/\/dyspoo.store\/wp-content\/uploads\/2021\/08\/gtrtr-150x150.jpg 150w, https:\/\/dyspoo.store\/wp-content\/uploads\/2021\/08\/gtrtr-430x430.jpg 430w\" sizes=\"auto, (max-width: 480px) 100vw, 480px\" \/><\/p><p>AM\u00c9LIOREZ VOTRE HYGI\u00c8NE BUCCO-DENTAIRE<\/p>\n\t\t\t\t\t<\/div>\n\t\t\t\t\t\t<\/div>\n\t\t\t\t<\/div>\n\t\t\t\t<\/div>\n\t\t<div class=\"elementor-element elementor-element-e91f64e e-con-full e-flex e-con e-child\" data-id=\"e91f64e\" data-element_type=\"container\" data-e-type=\"container\">\n\t\t\t\t<div class=\"elementor-element elementor-element-10196b0 elementor-widget elementor-widget-wd_text_block\" data-id=\"10196b0\" data-element_type=\"widget\" data-e-type=\"widget\" data-widget_type=\"wd_text_block.default\">\n\t\t\t\t<div class=\"elementor-widget-container\">\n\t\t\t\t\t\t\t<div class=\"wd-text-block reset-last-child text-left\">\n\t\t\t\n\t\t\t<h4><strong>Facile \u00e0 utiliser<\/strong><\/h4><p><img loading=\"lazy\" decoding=\"async\" class=\"aligncenter wp-image-29169 size-full\" src=\"https:\/\/dyspoo.store\/wp-content\/uploads\/2021\/08\/gratt65.gif\" alt=\"\" width=\"480\" height=\"480\" \/><\/p><p>Placez le gratte-langue sur la langue et grattez doucement la langue, pratique \u00e0 utiliser et peut \u00eatre utilis\u00e9 d'une seule main.<\/p>\n\t\t\t\t\t<\/div>\n\t\t\t\t\t\t<\/div>\n\t\t\t\t<\/div>\n\t\t\t\t<div class=\"elementor-element elementor-element-ea943e2 elementor-widget elementor-widget-wd_text_block\" data-id=\"ea943e2\" data-element_type=\"widget\" data-e-type=\"widget\" data-widget_type=\"wd_text_block.default\">\n\t\t\t\t<div class=\"elementor-widget-container\">\n\t\t\t\t\t\t\t<div class=\"wd-text-block reset-last-child text-left\">\n\t\t\t\n\t\t\t<p><img loading=\"lazy\" decoding=\"async\" class=\"aligncenter wp-image-29178 size-large\" src=\"https:\/\/dyspoo.store\/wp-content\/uploads\/2025\/10\/Picsart_24-12-19_13-25-11-148-800x800.jpg\" alt=\"\" width=\"800\" height=\"800\" srcset=\"https:\/\/dyspoo.store\/wp-content\/uploads\/2025\/10\/Picsart_24-12-19_13-25-11-148-800x800.jpg 800w, https:\/\/dyspoo.store\/wp-content\/uploads\/2025\/10\/Picsart_24-12-19_13-25-11-148-300x300.jpg 300w, https:\/\/dyspoo.store\/wp-content\/uploads\/2025\/10\/Picsart_24-12-19_13-25-11-148-150x150.jpg 150w, https:\/\/dyspoo.store\/wp-content\/uploads\/2025\/10\/Picsart_24-12-19_13-25-11-148-768x768.jpg 768w, https:\/\/dyspoo.store\/wp-content\/uploads\/2025\/10\/Picsart_24-12-19_13-25-11-148-430x430.jpg 430w, https:\/\/dyspoo.store\/wp-content\/uploads\/2025\/10\/Picsart_24-12-19_13-25-11-148-700x700.jpg 700w, https:\/\/dyspoo.store\/wp-content\/uploads\/2025\/10\/Picsart_24-12-19_13-25-11-148.jpg 1440w\" sizes=\"auto, (max-width: 800px) 100vw, 800px\" \/><\/p>\n\t\t\t\t\t<\/div>\n\t\t\t\t\t\t<\/div>\n\t\t\t\t<\/div>\n\t\t\t\t<\/div>\n\t\t<div class=\"elementor-element elementor-element-3a86271 e-con-full e-flex e-con e-child\" data-id=\"3a86271\" data-element_type=\"container\" data-e-type=\"container\">\n\t\t\t\t<div class=\"elementor-element elementor-element-1cb5edc elementor-widget elementor-widget-wd_text_block\" data-id=\"1cb5edc\" data-element_type=\"widget\" data-e-type=\"widget\" data-widget_type=\"wd_text_block.default\">\n\t\t\t\t<div class=\"elementor-widget-container\">\n\t\t\t\t\t\t\t<div class=\"wd-text-block reset-last-child text-left\">\n\t\t\t\n\t\t\t<h4><strong>Pour un nettoyage efficace<\/strong><\/h4><p><img loading=\"lazy\" decoding=\"async\" class=\"wp-image-29179 size-large\" src=\"https:\/\/dyspoo.store\/wp-content\/uploads\/2025\/10\/Picsart_24-12-19_13-10-23-647-800x800.jpg\" alt=\"\" width=\"800\" height=\"800\" srcset=\"https:\/\/dyspoo.store\/wp-content\/uploads\/2025\/10\/Picsart_24-12-19_13-10-23-647-800x800.jpg 800w, https:\/\/dyspoo.store\/wp-content\/uploads\/2025\/10\/Picsart_24-12-19_13-10-23-647-300x300.jpg 300w, https:\/\/dyspoo.store\/wp-content\/uploads\/2025\/10\/Picsart_24-12-19_13-10-23-647-150x150.jpg 150w, https:\/\/dyspoo.store\/wp-content\/uploads\/2025\/10\/Picsart_24-12-19_13-10-23-647-768x768.jpg 768w, https:\/\/dyspoo.store\/wp-content\/uploads\/2025\/10\/Picsart_24-12-19_13-10-23-647-430x430.jpg 430w, https:\/\/dyspoo.store\/wp-content\/uploads\/2025\/10\/Picsart_24-12-19_13-10-23-647-700x700.jpg 700w, https:\/\/dyspoo.store\/wp-content\/uploads\/2025\/10\/Picsart_24-12-19_13-10-23-647.jpg 1440w\" sizes=\"auto, (max-width: 800px) 100vw, 800px\" \/><\/p><div id=\"attachment_29176\" style=\"width: 810px\" class=\"wp-caption aligncenter\"><img loading=\"lazy\" decoding=\"async\" aria-describedby=\"caption-attachment-29176\" class=\"wp-image-29176 size-large\" src=\"https:\/\/dyspoo.store\/wp-content\/uploads\/2025\/10\/Picsart_24-12-19_13-47-27-268-800x800.jpg\" alt=\"\" width=\"800\" height=\"800\" srcset=\"https:\/\/dyspoo.store\/wp-content\/uploads\/2025\/10\/Picsart_24-12-19_13-47-27-268-800x800.jpg 800w, https:\/\/dyspoo.store\/wp-content\/uploads\/2025\/10\/Picsart_24-12-19_13-47-27-268-300x300.jpg 300w, https:\/\/dyspoo.store\/wp-content\/uploads\/2025\/10\/Picsart_24-12-19_13-47-27-268-150x150.jpg 150w, https:\/\/dyspoo.store\/wp-content\/uploads\/2025\/10\/Picsart_24-12-19_13-47-27-268-768x768.jpg 768w, https:\/\/dyspoo.store\/wp-content\/uploads\/2025\/10\/Picsart_24-12-19_13-47-27-268-430x430.jpg 430w, https:\/\/dyspoo.store\/wp-content\/uploads\/2025\/10\/Picsart_24-12-19_13-47-27-268-700x700.jpg 700w, https:\/\/dyspoo.store\/wp-content\/uploads\/2025\/10\/Picsart_24-12-19_13-47-27-268.jpg 1440w\" sizes=\"auto, (max-width: 800px) 100vw, 800px\" \/><p id=\"caption-attachment-29176\" class=\"wp-caption-text\">Am\u00e9liorez votre sant\u00e9 g\u00e9n\u00e9rale gr\u00e2ce \u00e0 ce grattoir en m\u00e9tal.<\/p><\/div>\n\t\t\t\t\t<\/div>\n\t\t\t\t\t\t<\/div>\n\t\t\t\t<\/div>\n\t\t\t\t<\/div>\n\t\t\t\t\t<\/div>\n\t\t\t\t<\/div>\n\t\t\t\t<\/div>\n\t\t","protected":false},"excerpt":{"rendered":"<p>Ce gratte-langue en acier inoxydable, en forme de U, offre un nettoyage plus efficace qu&rsquo;un gratte-langue ou une brosse \u00e0 dents en plastique. Nos gratte-langues aident \u00e0 nettoyer la langue et \u00e0 \u00e9liminer efficacement la plaque dentaire, am\u00e9liorant ainsi le go\u00fbt, l&rsquo;apparence et la sant\u00e9 g\u00e9n\u00e9rale de la langue.<\/p>\n<p>Placez le gratte-langue sur la langue et grattez doucement la langue, pratique \u00e0 utiliser et peut \u00eatre utilis\u00e9 d&rsquo;une seule main, nettoyez le gratte-langue avec de l&rsquo;eau.<\/p>\n","protected":false},"featured_media":29171,"comment_status":"open","ping_status":"closed","template":"","meta":[],"product_brand":[126],"product_cat":[74],"product_tag":[],"class_list":{"0":"post-361","1":"product","2":"type-product","3":"status-publish","4":"has-post-thumbnail","6":"product_brand-dyspoo","7":"product_cat-accessoires","9":"first","10":"instock","11":"sale","12":"shipping-taxable","13":"purchasable","14":"product-type-simple"},"yoast_head":"<!-- This site is optimized with the Yoast SEO plugin v27.3 - https:\/\/yoast.com\/product\/yoast-seo-wordpress\/ -->\n<title>Gratte langue Pro en acier inoxydableensemble, soins bucco-dentaires langue - DYSPOO<\/title>\n<meta name=\"robots\" content=\"index, follow, max-snippet:-1, max-image-preview:large, max-video-preview:-1\" \/>\n<link rel=\"canonical\" href=\"https:\/\/dyspoo.store\/?product=gratte-langue-pro\" \/>\n<meta property=\"og:locale\" content=\"fr_FR\" \/>\n<meta property=\"og:type\" content=\"article\" \/>\n<meta property=\"og:title\" content=\"Gratte langue Pro en acier inoxydableensemble, soins bucco-dentaires langue - DYSPOO\" \/>\n<meta property=\"og:description\" content=\"Ce gratte-langue en acier inoxydable, en forme de U, offre un nettoyage plus efficace qu&#039;un gratte-langue ou une brosse \u00e0 dents en plastique. Nos gratte-langues aident \u00e0 nettoyer la langue et \u00e0 \u00e9liminer efficacement la plaque dentaire, am\u00e9liorant ainsi le go\u00fbt, l&#039;apparence et la sant\u00e9 g\u00e9n\u00e9rale de la langue.  Placez le gratte-langue sur la langue et grattez doucement la langue, pratique \u00e0 utiliser et peut \u00eatre utilis\u00e9 d&#039;une seule main, nettoyez le gratte-langue avec de l&#039;eau.\" \/>\n<meta property=\"og:url\" content=\"https:\/\/dyspoo.store\/?product=gratte-langue-pro\" \/>\n<meta property=\"og:site_name\" content=\"DYSPOO\" \/>\n<meta property=\"article:modified_time\" content=\"2025-10-31T13:10:36+00:00\" \/>\n<meta property=\"og:image\" content=\"https:\/\/dyspoo.store\/wp-content\/uploads\/2021\/08\/grattt-scaled.jpg\" \/>\n\t<meta property=\"og:image:width\" content=\"2560\" \/>\n\t<meta property=\"og:image:height\" content=\"2560\" \/>\n\t<meta property=\"og:image:type\" content=\"image\/jpeg\" \/>\n<meta name=\"twitter:card\" content=\"summary_large_image\" \/>\n<meta name=\"twitter:label1\" content=\"Dur\u00e9e de lecture estim\u00e9e\" \/>\n\t<meta name=\"twitter:data1\" content=\"2 minutes\" \/>\n<script type=\"application\/ld+json\" class=\"yoast-schema-graph\">{\"@context\":\"https:\\\/\\\/schema.org\",\"@graph\":[{\"@type\":\"WebPage\",\"@id\":\"https:\\\/\\\/dyspoo.store\\\/?product=gratte-langue-pro\",\"url\":\"https:\\\/\\\/dyspoo.store\\\/?product=gratte-langue-pro\",\"name\":\"Gratte langue Pro en acier inoxydableensemble, soins bucco-dentaires langue - DYSPOO\",\"isPartOf\":{\"@id\":\"https:\\\/\\\/dyspoo.store\\\/#website\"},\"primaryImageOfPage\":{\"@id\":\"https:\\\/\\\/dyspoo.store\\\/?product=gratte-langue-pro#primaryimage\"},\"image\":{\"@id\":\"https:\\\/\\\/dyspoo.store\\\/?product=gratte-langue-pro#primaryimage\"},\"thumbnailUrl\":\"https:\\\/\\\/dyspoo.store\\\/wp-content\\\/uploads\\\/2021\\\/08\\\/grattt-scaled.jpg\",\"datePublished\":\"2021-08-27T11:55:26+00:00\",\"dateModified\":\"2025-10-31T13:10:36+00:00\",\"breadcrumb\":{\"@id\":\"https:\\\/\\\/dyspoo.store\\\/?product=gratte-langue-pro#breadcrumb\"},\"inLanguage\":\"fr-FR\",\"potentialAction\":[{\"@type\":\"ReadAction\",\"target\":[\"https:\\\/\\\/dyspoo.store\\\/?product=gratte-langue-pro\"]}]},{\"@type\":\"ImageObject\",\"inLanguage\":\"fr-FR\",\"@id\":\"https:\\\/\\\/dyspoo.store\\\/?product=gratte-langue-pro#primaryimage\",\"url\":\"https:\\\/\\\/dyspoo.store\\\/wp-content\\\/uploads\\\/2021\\\/08\\\/grattt-scaled.jpg\",\"contentUrl\":\"https:\\\/\\\/dyspoo.store\\\/wp-content\\\/uploads\\\/2021\\\/08\\\/grattt-scaled.jpg\",\"width\":2560,\"height\":2560},{\"@type\":\"BreadcrumbList\",\"@id\":\"https:\\\/\\\/dyspoo.store\\\/?product=gratte-langue-pro#breadcrumb\",\"itemListElement\":[{\"@type\":\"ListItem\",\"position\":1,\"name\":\"Accueil\",\"item\":\"https:\\\/\\\/dyspoo.store\\\/\"},{\"@type\":\"ListItem\",\"position\":2,\"name\":\"Boutique\",\"item\":\"https:\\\/\\\/dyspoo.store\\\/?page_id=47\"},{\"@type\":\"ListItem\",\"position\":3,\"name\":\"Gratte langue Pro en acier inoxydableensemble, soins bucco-dentaires langue\"}]},{\"@type\":\"WebSite\",\"@id\":\"https:\\\/\\\/dyspoo.store\\\/#website\",\"url\":\"https:\\\/\\\/dyspoo.store\\\/\",\"name\":\"DYSPOO\",\"description\":\"DYSPOO\",\"potentialAction\":[{\"@type\":\"SearchAction\",\"target\":{\"@type\":\"EntryPoint\",\"urlTemplate\":\"https:\\\/\\\/dyspoo.store\\\/?s={search_term_string}\"},\"query-input\":{\"@type\":\"PropertyValueSpecification\",\"valueRequired\":true,\"valueName\":\"search_term_string\"}}],\"inLanguage\":\"fr-FR\"}]}<\/script>\n<!-- \/ Yoast SEO plugin. -->","yoast_head_json":{"title":"Gratte langue Pro en acier inoxydableensemble, soins bucco-dentaires langue - DYSPOO","robots":{"index":"index","follow":"follow","max-snippet":"max-snippet:-1","max-image-preview":"max-image-preview:large","max-video-preview":"max-video-preview:-1"},"canonical":"https:\/\/dyspoo.store\/?product=gratte-langue-pro","og_locale":"fr_FR","og_type":"article","og_title":"Gratte langue Pro en acier inoxydableensemble, soins bucco-dentaires langue - DYSPOO","og_description":"Ce gratte-langue en acier inoxydable, en forme de U, offre un nettoyage plus efficace qu'un gratte-langue ou une brosse \u00e0 dents en plastique. Nos gratte-langues aident \u00e0 nettoyer la langue et \u00e0 \u00e9liminer efficacement la plaque dentaire, am\u00e9liorant ainsi le go\u00fbt, l'apparence et la sant\u00e9 g\u00e9n\u00e9rale de la langue.  Placez le gratte-langue sur la langue et grattez doucement la langue, pratique \u00e0 utiliser et peut \u00eatre utilis\u00e9 d'une seule main, nettoyez le gratte-langue avec de l'eau.","og_url":"https:\/\/dyspoo.store\/?product=gratte-langue-pro","og_site_name":"DYSPOO","article_modified_time":"2025-10-31T13:10:36+00:00","og_image":[{"width":2560,"height":2560,"url":"https:\/\/dyspoo.store\/wp-content\/uploads\/2021\/08\/grattt-scaled.jpg","type":"image\/jpeg"}],"twitter_card":"summary_large_image","twitter_misc":{"Dur\u00e9e de lecture estim\u00e9e":"2 minutes"},"schema":{"@context":"https:\/\/schema.org","@graph":[{"@type":"WebPage","@id":"https:\/\/dyspoo.store\/?product=gratte-langue-pro","url":"https:\/\/dyspoo.store\/?product=gratte-langue-pro","name":"Gratte langue Pro en acier inoxydableensemble, soins bucco-dentaires langue - DYSPOO","isPartOf":{"@id":"https:\/\/dyspoo.store\/#website"},"primaryImageOfPage":{"@id":"https:\/\/dyspoo.store\/?product=gratte-langue-pro#primaryimage"},"image":{"@id":"https:\/\/dyspoo.store\/?product=gratte-langue-pro#primaryimage"},"thumbnailUrl":"https:\/\/dyspoo.store\/wp-content\/uploads\/2021\/08\/grattt-scaled.jpg","datePublished":"2021-08-27T11:55:26+00:00","dateModified":"2025-10-31T13:10:36+00:00","breadcrumb":{"@id":"https:\/\/dyspoo.store\/?product=gratte-langue-pro#breadcrumb"},"inLanguage":"fr-FR","potentialAction":[{"@type":"ReadAction","target":["https:\/\/dyspoo.store\/?product=gratte-langue-pro"]}]},{"@type":"ImageObject","inLanguage":"fr-FR","@id":"https:\/\/dyspoo.store\/?product=gratte-langue-pro#primaryimage","url":"https:\/\/dyspoo.store\/wp-content\/uploads\/2021\/08\/grattt-scaled.jpg","contentUrl":"https:\/\/dyspoo.store\/wp-content\/uploads\/2021\/08\/grattt-scaled.jpg","width":2560,"height":2560},{"@type":"BreadcrumbList","@id":"https:\/\/dyspoo.store\/?product=gratte-langue-pro#breadcrumb","itemListElement":[{"@type":"ListItem","position":1,"name":"Accueil","item":"https:\/\/dyspoo.store\/"},{"@type":"ListItem","position":2,"name":"Boutique","item":"https:\/\/dyspoo.store\/?page_id=47"},{"@type":"ListItem","position":3,"name":"Gratte langue Pro en acier inoxydableensemble, soins bucco-dentaires langue"}]},{"@type":"WebSite","@id":"https:\/\/dyspoo.store\/#website","url":"https:\/\/dyspoo.store\/","name":"DYSPOO","description":"DYSPOO","potentialAction":[{"@type":"SearchAction","target":{"@type":"EntryPoint","urlTemplate":"https:\/\/dyspoo.store\/?s={search_term_string}"},"query-input":{"@type":"PropertyValueSpecification","valueRequired":true,"valueName":"search_term_string"}}],"inLanguage":"fr-FR"}]}},"jetpack_sharing_enabled":true,"_links":{"self":[{"href":"https:\/\/dyspoo.store\/index.php?rest_route=\/wp\/v2\/product\/361","targetHints":{"allow":["GET"]}}],"collection":[{"href":"https:\/\/dyspoo.store\/index.php?rest_route=\/wp\/v2\/product"}],"about":[{"href":"https:\/\/dyspoo.store\/index.php?rest_route=\/wp\/v2\/types\/product"}],"replies":[{"embeddable":true,"href":"https:\/\/dyspoo.store\/index.php?rest_route=%2Fwp%2Fv2%2Fcomments&post=361"}],"version-history":[{"count":8,"href":"https:\/\/dyspoo.store\/index.php?rest_route=\/wp\/v2\/product\/361\/revisions"}],"predecessor-version":[{"id":29313,"href":"https:\/\/dyspoo.store\/index.php?rest_route=\/wp\/v2\/product\/361\/revisions\/29313"}],"wp:featuredmedia":[{"embeddable":true,"href":"https:\/\/dyspoo.store\/index.php?rest_route=\/wp\/v2\/media\/29171"}],"wp:attachment":[{"href":"https:\/\/dyspoo.store\/index.php?rest_route=%2Fwp%2Fv2%2Fmedia&parent=361"}],"wp:term":[{"taxonomy":"product_brand","embeddable":true,"href":"https:\/\/dyspoo.store\/index.php?rest_route=%2Fwp%2Fv2%2Fproduct_brand&post=361"},{"taxonomy":"product_cat","embeddable":true,"href":"https:\/\/dyspoo.store\/index.php?rest_route=%2Fwp%2Fv2%2Fproduct_cat&post=361"},{"taxonomy":"product_tag","embeddable":true,"href":"https:\/\/dyspoo.store\/index.php?rest_route=%2Fwp%2Fv2%2Fproduct_tag&post=361"}],"curies":[{"name":"wp","href":"https:\/\/api.w.org\/{rel}","templated":true}]}}